{"id":1064,"date":"2024-02-21T18:48:15","date_gmt":"2024-02-21T21:48:15","guid":{"rendered":"https:\/\/esj.eti.br\/?page_id=1064"},"modified":"2025-06-07T16:25:12","modified_gmt":"2025-06-07T19:25:12","slug":"iftm-3o-grau-tads-disciplina-bd1","status":"publish","type":"page","link":"https:\/\/esj.eti.br\/?page_id=1064","title":{"rendered":"IFTM \u2013 3\u00ba Grau \u2013 TADS \u2013 Disciplina BD1"},"content":{"rendered":"<h4>Banco de Dados I (BD1)<\/h4>\n<ul>\n<li><a href=\"IFTM\/Disciplinas\/Grau03\/BD1\/BD1_Unidade_01_ConceitosBasicosEmSGBDs.pdf\" title=\"\" target=\"_Blank\">Unidade 01 &#8211; Conceitos B\u00e1sicos em SGBD&#8217;s<\/a><\/li>\n<li><a href=\"IFTM\/Disciplinas\/Grau03\/BD1\/BD1_Unidade_02_ModelagemConceitualDeDados.pdf\" title=\"\" target=\"_Blank\">Unidade 02 &#8211; Modelagem Conceitual de Dados<\/a><\/li>\n<li><a href=\"IFTM\/Disciplinas\/Grau03\/BD1\/BD1_Unidade_03_ModelagemDeDados.pdf\" title=\"\" target=\"_Blank\">Unidade 03 &#8211; Modelagem de Dados<\/a><\/li>\n<li><a href=\"IFTM\/Disciplinas\/Grau03\/BD1\/BD1_Unidade_04_ModeloLogico.pdf\" title=\"\" target=\"_Blank\">Unidade 04 &#8211; Modelo L\u00f3gico<\/a><\/li>\n<li><a href=\"IFTM\/Disciplinas\/Grau03\/BD1\/BD1_Unidade_05_ModeloFisico.pdf\" title=\"\" target=\"_Blank\">Unidade 05 &#8211; Modelo F\u00edsico<\/a><\/li>\n<li><a href=\"IFTM\/Disciplinas\/Grau03\/BD1\/BD1_Unidade_06_Normalizacao.pdf\" title=\"\" target=\"_Blank\">Unidade 06 &#8211; Normaliza\u00e7\u00e3o<\/a><\/li>\n<\/ul>\n<h4>Tutoriais<\/h4>\n<ul>\n<li><a href=\"https:\/\/www.youtube.com\/watch?v=CoBsDeTFuC4\" title=\"\" target=\"_Blank\">DBeaver &#8211; como utilizar para cria\u00e7\u00e3o do Modelo de Entidade e Relacionamento<\/a><\/li>\n<\/ul>\n<h4>Listas de Exerc&iacute;cios<\/h4>\n<ul>\n<li><a href=\"IFTM\/Disciplinas\/Grau03\/BD1\/Exercicios\/BD1_Lista_01.pdf\" title=\"\" target=\"_Blank\">Lista 01<\/a><\/li>\n<li><a href=\"IFTM\/Disciplinas\/Grau03\/BD1\/Exercicios\/BD1_Lista_01_B.pdf\" title=\"\" target=\"_Blank\">Lista 01 &#8211; B<\/a><\/li>\n<li><a href=\"IFTM\/Disciplinas\/Grau03\/BD1\/Exercicios\/BD1_Lista_01_C.pdf\" title=\"\" target=\"_Blank\">Lista 01 &#8211; C (Senten\u00e7as SQL)<\/a><\/li>\n<li><a href=\"IFTM\/Disciplinas\/Grau03\/BD1\/Exercicios\/Lista_De_Exercicios_02_IFBA.pdf\" title=\"\" target=\"_Blank\">Lista 02 (IFBA)<\/a><\/li>\n<\/ul>\n<h4><u>Trabalhos<\/u><\/h4>\n<p><!--ul>\n    \n\n<li><a href=\"IFTM\/Disciplinas\/Grau03\/MBD\/Trabalhos\/MBD_ApresentacaoCapitulos_01_N0_M01.pdf\" title=\"\" target=\"_Blank\">Trabalho 01<\/a><\/li>\n\n\n    \n\n<ul>\n        \n\n<li>Datas de Apresenta\u00e7\u00e3o:2018<\/li>\n\n\n        \n\n<ul>\n            \n\n<li>Cap\u00edtulo 01 - 05\/11\/2018 (F\u00e1bio, Mateus e Fellipe)<\/li>\n\n\n            \n\n<li>Cap\u00edtulo 02 - 06\/11\/2018 (F\u00e1bio, Mateus e Fellipe)<\/li>\n\n\n            \n\n<li>Cap\u00edtulo 03 - 12\/11\/2018 (Aparecida e Alexis)<\/li>\n\n\n            \n\n<li>Cap\u00edtulo 04 - 13\/11\/2018 (Luiz Gustavo e H\u00e9rcules)<\/li>\n\n\n            \n\n<li>Cap\u00edtulo 05 - 19\/11\/2018 (Ant\u00f4nio Carlos e Rafael)<\/li>\n\n\n        <\/ul>\n\n\n    <\/ul>\n\n\n<\/ul-->\n<h4>Exerc&iacute;cio Valorado<\/h4>\n<p><!-- ul>\n    \n\n<li>  \/  \/ 2018 - Exerc&iacute;cio 01 em Dupla (15 pontos)<\/li>\n\n\n    \n\n<li>  \/  \/ 2018 - Exerc&iacute;cio 02 em Dupla (15 pontos)<\/li>\n\n\n<\/ul -->\n<h4>Avalia&ccedil;&otilde;es<\/h4>\n<p><!-- ul>\n    \n\n<li> 03 \/ 12 \/ 2018 - Avalia&ccedil;&atilde;o 01 (25 pontos)<\/li>\n\n\n    \n\n<li> 11 \/ 12 \/ 2018 - Avalia&ccedil;&atilde;o 02 (25 pontos)<\/li>\n\n\n<\/ul -->\n<h4>Avalia\u00e7\u00e3o de Recupera\u00e7\u00e3o<\/h4>\n<p><!-- ul>\n    \n\n<li>17 \/ 12 \/ 2018 - Avalia&ccedil;&atilde;o 01 - 70 pontos<\/li>\n\n\n<\/ul -->\n","protected":false},"excerpt":{"rendered":"<p>Banco de Dados I (BD1) Unidade 01 &#8211; Conceitos B\u00e1sicos em SGBD&#8217;s Unidade 02 &#8211; Modelagem Conceitual de Dados Unidade 03 &#8211; Modelagem de Dados Unidade 04 &#8211; Modelo L\u00f3gico Unidade 05 &#8211; Modelo F\u00edsico Unidade 06 &#8211; Normaliza\u00e7\u00e3o Tutoriais DBeaver &#8211; como utilizar para cria\u00e7\u00e3o do Modelo de Entidade e Relacionamento Listas de Exerc&iacute;cios&hellip;<\/p>\n","protected":false},"author":1,"featured_media":0,"parent":0,"menu_order":0,"comment_status":"closed","ping_status":"closed","template":"","meta":{"footnotes":""},"class_list":["post-1064","page","type-page","status-publish","hentry"],"_links":{"self":[{"href":"https:\/\/esj.eti.br\/index.php?rest_route=\/wp\/v2\/pages\/1064","targetHints":{"allow":["GET"]}}],"collection":[{"href":"https:\/\/esj.eti.br\/index.php?rest_route=\/wp\/v2\/pages"}],"about":[{"href":"https:\/\/esj.eti.br\/index.php?rest_route=\/wp\/v2\/types\/page"}],"author":[{"embeddable":true,"href":"https:\/\/esj.eti.br\/index.php?rest_route=\/wp\/v2\/users\/1"}],"replies":[{"embeddable":true,"href":"https:\/\/esj.eti.br\/index.php?rest_route=%2Fwp%2Fv2%2Fcomments&post=1064"}],"version-history":[{"count":9,"href":"https:\/\/esj.eti.br\/index.php?rest_route=\/wp\/v2\/pages\/1064\/revisions"}],"predecessor-version":[{"id":1172,"href":"https:\/\/esj.eti.br\/index.php?rest_route=\/wp\/v2\/pages\/1064\/revisions\/1172"}],"wp:attachment":[{"href":"https:\/\/esj.eti.br\/index.php?rest_route=%2Fwp%2Fv2%2Fmedia&parent=1064"}],"curies":[{"name":"wp","href":"https:\/\/api.w.org\/{rel}","templated":true}]}}