{"id":109,"date":"2017-06-27T20:33:22","date_gmt":"2017-06-27T23:33:22","guid":{"rendered":"http:\/\/esj.eti.br\/?page_id=109"},"modified":"2018-05-25T14:38:43","modified_gmt":"2018-05-25T17:38:43","slug":"disciplina-ocs","status":"publish","type":"page","link":"https:\/\/esj.eti.br\/?page_id=109","title":{"rendered":"IFTM &#8211; 2\u00ba Grau &#8211; MSI &#8211; Disciplina OCS"},"content":{"rendered":"<h4>Opera\u00e7\u00e3o de Computadores e Sistemas (OCS)<\/h4>\n<ul>\n<li><a href=\"IFTM\/Disciplinas\/Grau02\/OCS\/OCS_Unidade_01.pdf\" title=\"\" target=\"_Blank\">Unidade 01 &#8211; Introdu\u00e7\u00e3o a Inform\u00e1tica<\/a><\/li>\n<li><a href=\"IFTM\/Disciplinas\/Grau02\/OCS\/OCS_Unidade_01_B.pdf\" title=\"\" target=\"_Blank\">Unidade 01 &#8211; B &#8211; Sistemas de Numera\u00e7\u00e3o<\/a><\/li>\n<li><a href=\"IFTM\/Disciplinas\/Grau02\/OCS\/OCS_Unidade_02.pdf\" title=\"\" target=\"_Blank\">Unidade 02 &#8211; Sistema Operacional<\/a><\/li>\n<li><a href=\"IFTM\/Disciplinas\/Grau02\/OCS\/OCS_Unidade_03.pdf\" title=\"\" target=\"_Blank\">Unidade 03 &#8211; V\u00edrus de Computador<\/a><\/li>\n<li><a href=\"IFTM\/Disciplinas\/Grau02\/OCS\/OCS_Unidade_04.pdf\" title=\"\" target=\"_Blank\">Unidade 04 &#8211; Internet<\/a><\/li>\n<\/ul>\n<h4>Trabalhos em Equipe<\/h4>\n<ul>\n<li><a href=\"IFTM\/Disciplinas\/Grau02\/OCS\/Trabalhos\/OCS_Apresentacao_02_SistemasOperacionais.pdf\" title=\"\" target=\"_Blank\">Trabalho 02<\/a> &#8211; Data da apresenta&ccedil;&atilde;o: 28\/04\/2017<\/li>\n<li>\n        <a href=\"IFTM\/Disciplinas\/Grau02\/OCS\/Trabalhos\/OCS_Apresentacao_03_Antivirus.pdf\" title=\"\" target=\"_Blank\">Trabalho 03<\/a> &#8211; Data da apresenta&ccedil;&atilde;o: 19\/05\/2017<\/p>\n<ul>\n<li><a href=\"https:\/\/docs.google.com\/spreadsheets\/d\/1cldEXHLzE2IIE272-rZbzAf6QPzjEO8SsHZvXXe_5k0\/pubhtml\" title=\"\" target=\"_Blank\">Planilha on-line com distribui\u00e7\u00e3o do Trabalho 03<\/a><\/li>\n<\/ul>\n<\/li>\n<li>\n        <a href=\"IFTM\/Disciplinas\/Grau02\/OCS\/Trabalhos\/OCS_Apresentacao_04_FerramentasDoGoogle.pdf\" title=\"\" target=\"_Blank\">Trabalho 04<\/a> &#8211; Data da apresenta&ccedil;&atilde;o: 26\/05\/2017<\/p>\n<ul>\n<li><a href=\"https:\/\/docs.google.com\/spreadsheets\/d\/1WGKT_cZiMRXA6ubv1XgQh56wN8D3XSCSBmVY-Ea-Yl4\/pubhtml\" title=\"\" target=\"_Blank\">Planilha on-line com distribui\u00e7\u00e3o do Trabalho 04<\/a><\/li>\n<\/ul>\n<\/li>\n<li>\n        <a href=\"IFTM\/Disciplinas\/Grau02\/OCS\/Trabalhos\/OCS_Apresentacao_05_LibreOffice.pdf\" title=\"\" target=\"_Blank\">Trabalho 05<\/a> &#8211; Datas da apresenta&ccedil;&atilde;o: 02\/06\/2017 &#8211; 09\/06\/2017 &#8211; 16\/06\/2017 &#8211; 23\/06\/2017<\/p>\n<ul>\n<li><a href=\"https:\/\/docs.google.com\/spreadsheets\/d\/1_uL_2eQciy6TFunX3SKN9u15x-EHfICXuOeHQ_AB-oc\/pubhtml\" title=\"\" target=\"_Blank\">Planilha on-line com distribui\u00e7\u00e3o do Trabalho 05<\/a><\/li>\n<\/ul>\n<\/li>\n<\/ul>\n<h4>Exerc\u00edcios<\/h4>\n<ul>\n<li><a href=\"IFTM\/Disciplinas\/Grau02\/OCS\/Exercicios\/OCS_Exercicios_02_BasesNumericas.pdf\" target=\"_Blank\" title=\"\">Exerc\u00edcio 02 &#8211; Bases Num\u00e9ricas<\/a><\/li>\n<\/ul>\n<h4>Avalia&ccedil;&otilde;es<\/h4>\n<ul>\n<li>  \/  \/ 2017 &#8211; Avalia&ccedil;&atilde;o 01 &#8211; 20 pontos (Mat\u00e9ria: Unidades 01 e 02)<\/li>\n<li>&#8211;\/&#8211;\/&#8212;- &#8211; Avalia&ccedil;&atilde;o 02 &#8211; 20 pontos<\/li>\n<\/ul>\n<h4>Avalia\u00e7\u00e3o de Recupera\u00e7\u00e3o<\/h4>\n<ul>\n<li>  \/  \/ 2017 &#8211; Avalia&ccedil;&atilde;o 01 &#8211; 35 pontos<\/li>\n<li>&#8211;\/&#8211;\/&#8212;- &#8211; Avalia&ccedil;&atilde;o 02 &#8211; 35 pontos<\/li>\n<\/ul>\n","protected":false},"excerpt":{"rendered":"<p>Opera\u00e7\u00e3o de Computadores e Sistemas (OCS) Unidade 01 &#8211; Introdu\u00e7\u00e3o a Inform\u00e1tica Unidade 01 &#8211; B &#8211; Sistemas de Numera\u00e7\u00e3o Unidade 02 &#8211; Sistema Operacional Unidade 03 &#8211; V\u00edrus de Computador Unidade 04 &#8211; Internet Trabalhos em Equipe Trabalho 02 &#8211; Data da apresenta&ccedil;&atilde;o: 28\/04\/2017 Trabalho 03 &#8211; Data da apresenta&ccedil;&atilde;o: 19\/05\/2017 Planilha on-line com&hellip;<\/p>\n","protected":false},"author":1,"featured_media":0,"parent":0,"menu_order":0,"comment_status":"closed","ping_status":"closed","template":"","meta":{"footnotes":""},"class_list":["post-109","page","type-page","status-publish","hentry"],"_links":{"self":[{"href":"https:\/\/esj.eti.br\/index.php?rest_route=\/wp\/v2\/pages\/109","targetHints":{"allow":["GET"]}}],"collection":[{"href":"https:\/\/esj.eti.br\/index.php?rest_route=\/wp\/v2\/pages"}],"about":[{"href":"https:\/\/esj.eti.br\/index.php?rest_route=\/wp\/v2\/types\/page"}],"author":[{"embeddable":true,"href":"https:\/\/esj.eti.br\/index.php?rest_route=\/wp\/v2\/users\/1"}],"replies":[{"embeddable":true,"href":"https:\/\/esj.eti.br\/index.php?rest_route=%2Fwp%2Fv2%2Fcomments&post=109"}],"version-history":[{"count":3,"href":"https:\/\/esj.eti.br\/index.php?rest_route=\/wp\/v2\/pages\/109\/revisions"}],"predecessor-version":[{"id":313,"href":"https:\/\/esj.eti.br\/index.php?rest_route=\/wp\/v2\/pages\/109\/revisions\/313"}],"wp:attachment":[{"href":"https:\/\/esj.eti.br\/index.php?rest_route=%2Fwp%2Fv2%2Fmedia&parent=109"}],"curies":[{"name":"wp","href":"https:\/\/api.w.org\/{rel}","templated":true}]}}