{"id":116,"date":"2017-06-27T20:40:29","date_gmt":"2017-06-27T23:40:29","guid":{"rendered":"http:\/\/esj.eti.br\/?page_id=116"},"modified":"2024-07-25T20:31:35","modified_gmt":"2024-07-25T23:31:35","slug":"disc-ihm","status":"publish","type":"page","link":"https:\/\/esj.eti.br\/?page_id=116","title":{"rendered":"IFTM &#8211; 3\u00ba Grau &#8211; TADS &#8211; Disciplina IHM"},"content":{"rendered":"<h4>Intera\u00e7\u00e3o Homem-m\u00e1quina (IHM)<\/h4>\n<ul>\n<li><a title=\"\" href=\"\/IFTM\/Disciplinas\/Grau03\/IHM\/IHM_Unidade_01.pdf\" target=\"_Blank\" rel=\"noopener\">Unidade 01 &#8211; O que \u00e9 intera\u00e7\u00e3o\/Interface Humano-computador <\/a><\/li>\n<li><a title=\"\" href=\"\/IFTM\/Disciplinas\/Grau03\/IHM\/IHM_Unidade_01_UmBomEUmMauDesign.pdf\" target=\"_Blank\" rel=\"noopener\">Unidade 01 &#8211; Um Bom e Um Mau Design<\/a><\/li>\n<li><a title=\"\" href=\"\/IFTM\/Disciplinas\/Grau03\/IHM\/IHM_Unidade_01_SecetariaEletronica.pdf\" target=\"_Blank\" rel=\"noopener\">Unidade 01 &#8211; Secret\u00e1ria Eletr\u00f4nica<\/a><\/li>\n<li><a title=\"\" href=\"\/IFTM\/Disciplinas\/Grau03\/IHM\/IHM_Unidade_02.pdf\" target=\"_Blank\" rel=\"noopener\">Unidade 02 &#8211; Desenvolvimento de Interface com Foco no Usu\u00e1rio &#8211; Parte 01<\/a><\/li>\n<li><a title=\"\" href=\"\/IFTM\/Disciplinas\/Grau03\/IHM\/IHM_Unidade_03.pdf\" target=\"_Blank\" rel=\"noopener\">Unidade 03 &#8211; Desenvolvimento de Interface com Foco no Usu\u00e1rio &#8211; Parte 02<\/a><\/li>\n<li><a title=\"\" href=\"\/IFTM\/Disciplinas\/Grau03\/IHM\/IHM_Unidade_04.pdf\" target=\"_Blank\" rel=\"noopener\">Unidade 04 &#8211; Testes de Usabilidade<\/a><\/li>\n<li><a title=\"\" href=\"\/IFTM\/Disciplinas\/Grau03\/IHM\/IHM_Unidade_05.pdf\" target=\"_Blank\" rel=\"noopener\">Unidade 05 &#8211; Design para Desktop e WWW<\/a><\/li>\n<\/ul>\n<h4>Trabalho em Equipe<\/h4>\n<ul>\n<li><a target=\"_Blank\" rel=\"noopener\">Trabalho 01<\/a> &#8211; 20 pontos &#8211; Data apresenta\u00e7\u00e3o: \/ \/\n<ul>\n<li><a target=\"_Blank\" rel=\"noopener\">Planilha on-line com grupos do Trabalho 01<\/a><\/li>\n<\/ul>\n<\/li>\n<li><a target=\"_Blank\" rel=\"noopener\">Trabalho 02<\/a> &#8211; 20 pontos &#8211; Data apresenta\u00e7\u00e3o: \/ \/\n<ul>\n<li><a target=\"_Blank\" rel=\"noopener\">Planilha on-line com grupos do Trabalho 02<\/a><\/li>\n<\/ul>\n<\/li>\n<\/ul>\n<h4>Avalia\u00e7\u00f5es<\/h4>\n<ul>\n<li>Avalia\u00e7\u00e3o 01 &#8211; \/ \/ (20 pontos)<\/li>\n<li>Avalia\u00e7\u00e3o 02 &#8211; \/ \/ (20 pontos)<\/li>\n<li>Avalia\u00e7\u00e3o 03 &#8211; \/ \/ (20 pontos)<\/li>\n<\/ul>\n","protected":false},"excerpt":{"rendered":"<p>Intera\u00e7\u00e3o Homem-m\u00e1quina (IHM) Unidade 01 &#8211; O que \u00e9 intera\u00e7\u00e3o\/Interface Humano-computador Unidade 01 &#8211; Um Bom e Um Mau Design Unidade 01 &#8211; Secret\u00e1ria Eletr\u00f4nica Unidade 02 &#8211; Desenvolvimento de Interface com Foco no Usu\u00e1rio &#8211; Parte 01 Unidade 03 &#8211; Desenvolvimento de Interface com Foco no Usu\u00e1rio &#8211; Parte 02 Unidade 04 &#8211; Testes&hellip;<\/p>\n","protected":false},"author":1,"featured_media":0,"parent":0,"menu_order":0,"comment_status":"closed","ping_status":"closed","template":"","meta":{"footnotes":""},"class_list":["post-116","page","type-page","status-publish","hentry"],"_links":{"self":[{"href":"https:\/\/esj.eti.br\/index.php?rest_route=\/wp\/v2\/pages\/116","targetHints":{"allow":["GET"]}}],"collection":[{"href":"https:\/\/esj.eti.br\/index.php?rest_route=\/wp\/v2\/pages"}],"about":[{"href":"https:\/\/esj.eti.br\/index.php?rest_route=\/wp\/v2\/types\/page"}],"author":[{"embeddable":true,"href":"https:\/\/esj.eti.br\/index.php?rest_route=\/wp\/v2\/users\/1"}],"replies":[{"embeddable":true,"href":"https:\/\/esj.eti.br\/index.php?rest_route=%2Fwp%2Fv2%2Fcomments&post=116"}],"version-history":[{"count":7,"href":"https:\/\/esj.eti.br\/index.php?rest_route=\/wp\/v2\/pages\/116\/revisions"}],"predecessor-version":[{"id":1133,"href":"https:\/\/esj.eti.br\/index.php?rest_route=\/wp\/v2\/pages\/116\/revisions\/1133"}],"wp:attachment":[{"href":"https:\/\/esj.eti.br\/index.php?rest_route=%2Fwp%2Fv2%2Fmedia&parent=116"}],"curies":[{"name":"wp","href":"https:\/\/api.w.org\/{rel}","templated":true}]}}