{"id":1192,"date":"2025-09-01T23:57:38","date_gmt":"2025-09-02T02:57:38","guid":{"rendered":"https:\/\/esj.eti.br\/?page_id=1192"},"modified":"2025-10-22T21:15:32","modified_gmt":"2025-10-23T00:15:32","slug":"banco-de-dados","status":"publish","type":"page","link":"https:\/\/esj.eti.br\/?page_id=1192","title":{"rendered":"Banco de Dados"},"content":{"rendered":"<h4>Banco de Dados (BD)<\/h4>\n<ul>\n<li><a href=\"IFTM\/Disciplinas\/Grau02\/BD\/BD1_Unidade_01.pdf\" title=\"\" target=\"_Blank\">Unidade 01 &#8211; Introdu\u00e7\u00e3o e Conceitos de Bancos de Dados<\/a><\/li>\n<li><a href=\"IFTM\/Disciplinas\/Grau02\/BD\/BD1_Unidade_02_ModelagemConceitualDeDados.pdf\" title=\"\" target=\"_Blank\">Unidade 02 &#8211; Modelagem Conceitual de Dados<\/a><\/li>\n<li><a href=\"IFTM\/Disciplinas\/Grau02\/BD\/BD1_Unidade_03_ModelagemDeDados.pdf\" title=\"\" target=\"_Blank\">Unidade 03 &#8211; Modelagem de Dados<\/a><\/li>\n<li><a href=\"IFTM\/Disciplinas\/Grau02\/BD\/BD1_Unidade_04_ModeloLogico.pdf\" title=\"\" target=\"_Blank\">Unidade 04 &#8211; Modelo L\u00f3gico<\/a><\/li>\n<li><a href=\"IFTM\/Disciplinas\/Grau02\/BD\/BD1_Unidade_05_ModeloFisico.pdf\" title=\"\" target=\"_Blank\">Unidade 05 &#8211; Modelo F\u00edsico<\/a><\/li>\n<\/ul>\n<h4>Exerc\u00edcios<\/h4>\n<ul>\n<li><a href=\"IFTM\/Disciplinas\/Grau02\/BD\/Exercicios\/BD_Lista_01_A.pdf\" target=\"_Blank\" title=\"\">Lista 01<\/a><\/li>\n<p>    <!--li><a href=\"IFTM\/Disciplinas\/Grau02\/SOL\/Exercicios\/SOL_Exercicios_Unidade_05.pdf\" target=\"_Blank\" title=\"\">Exerc\u00edcios - Unidade 05<\/a><\/li>\n\n\n    \n\n<li><a href=\"IFTM\/Disciplinas\/Grau02\/SOL\/Exercicios\/SOL_Exercicios_Unidade_06.pdf\" target=\"_Blank\" title=\"\">Exerc\u00edcios - Unidade 06<\/a><\/li>\n\n\n    \n\n<li><a href=\"IFTM\/Disciplinas\/Grau02\/SOL\/Exercicios\/SOL_Exercicios_Unidade_07.pdf\" target=\"_Blank\" title=\"\">Exerc\u00edcios - Unidade 07<\/a><\/li>\n\n\n    \n\n<li><a href=\"IFTM\/Disciplinas\/Grau02\/SOL\/Exercicios\/SOL_Exercicios_Unidade_08.pdf\" target=\"_Blank\" title=\"\">Exerc\u00edcios - Unidade 08<\/a><\/li>\n\n\n    \n\n<li><a href=\"IFTM\/Disciplinas\/Grau02\/SOL\/Exercicios\/SOL_Exercicios_Unidade_09.pdf\" target=\"_Blank\" title=\"\">Exerc\u00edcios - Unidade 09<\/a><\/li>\n\n\n    \n\n<li><a href=\"IFTM\/Disciplinas\/Grau02\/SOL\/Exercicios\/SOL_Exercicios_Unidade_10.pdf\" target=\"_Blank\" title=\"\">Exerc\u00edcios - Unidade 10<\/a><\/li-->\n<\/ul>\n","protected":false},"excerpt":{"rendered":"<p>Banco de Dados (BD) Unidade 01 &#8211; Introdu\u00e7\u00e3o e Conceitos de Bancos de Dados Unidade 02 &#8211; Modelagem Conceitual de Dados Unidade 03 &#8211; Modelagem de Dados Unidade 04 &#8211; Modelo L\u00f3gico Unidade 05 &#8211; Modelo F\u00edsico Exerc\u00edcios Lista 01<\/p>\n","protected":false},"author":1,"featured_media":0,"parent":0,"menu_order":0,"comment_status":"closed","ping_status":"closed","template":"","meta":{"footnotes":""},"class_list":["post-1192","page","type-page","status-publish","hentry"],"_links":{"self":[{"href":"https:\/\/esj.eti.br\/index.php?rest_route=\/wp\/v2\/pages\/1192","targetHints":{"allow":["GET"]}}],"collection":[{"href":"https:\/\/esj.eti.br\/index.php?rest_route=\/wp\/v2\/pages"}],"about":[{"href":"https:\/\/esj.eti.br\/index.php?rest_route=\/wp\/v2\/types\/page"}],"author":[{"embeddable":true,"href":"https:\/\/esj.eti.br\/index.php?rest_route=\/wp\/v2\/users\/1"}],"replies":[{"embeddable":true,"href":"https:\/\/esj.eti.br\/index.php?rest_route=%2Fwp%2Fv2%2Fcomments&post=1192"}],"version-history":[{"count":3,"href":"https:\/\/esj.eti.br\/index.php?rest_route=\/wp\/v2\/pages\/1192\/revisions"}],"predecessor-version":[{"id":1203,"href":"https:\/\/esj.eti.br\/index.php?rest_route=\/wp\/v2\/pages\/1192\/revisions\/1203"}],"wp:attachment":[{"href":"https:\/\/esj.eti.br\/index.php?rest_route=%2Fwp%2Fv2%2Fmedia&parent=1192"}],"curies":[{"name":"wp","href":"https:\/\/api.w.org\/{rel}","templated":true}]}}