{"id":1211,"date":"2026-02-22T23:24:43","date_gmt":"2026-02-23T02:24:43","guid":{"rendered":"https:\/\/esj.eti.br\/?page_id=1211"},"modified":"2026-03-23T23:07:43","modified_gmt":"2026-03-24T02:07:43","slug":"iftm-2o-grau-sla-disciplina-lp","status":"publish","type":"page","link":"https:\/\/esj.eti.br\/?page_id=1211","title":{"rendered":"IFTM &#8211; 2\u00ba grau &#8211; Sete Lagoas &#8211; TDS &#8211; Disciplina LP"},"content":{"rendered":"<h4>L\u00f3gica de Programa\u00e7\u00e3o (LP)<\/h4>\n<ul>\n<li><a href=\"IFTM\/Disciplinas\/Grau02\/Campus_SLA\/Curso_TDS\/LP\/LP_Unidade_01_ConceitosBasicos.pdf\" title=\"\" target=\"_Blank\">Unidade 01 &#8211; Conceitos B\u00e1sicos<\/a><\/li>\n<li><a href=\"IFTM\/Disciplinas\/Grau02\/Campus_SLA\/Curso_TDS\/LP\/LP_Unidade_02_AlgebraBooleana.pdf\" title=\"\" target=\"_Blank\">Unidade 02 &#8211; \u00c1lgebra Booleana<\/a><\/li>\n<li><a href=\"IFTM\/Disciplinas\/Grau02\/Campus_SLA\/Curso_TDS\/LP\/LP_Unidade_03_TiposDeDados.pdf\" title=\"\" target=\"_Blank\">Unidade 03 &#8211; Tipos de Dados, Vari\u00e1veis, Express\u00f5es L\u00f3gicas e Aritm\u00e9ticas<\/a><\/li>\n<li><a href=\"IFTM\/Disciplinas\/Grau02\/Campus_SLA\/Curso_TDS\/LP\/LP_Unidade_04_EstruturaLinear.pdf\" title=\"\" target=\"_Blank\">Unidade 04 &#8211; Vari\u00e1veis, Tipos de Dados, Comandos e Estrutura Linear<\/a><\/li>\n<li><a href=\"IFTM\/Disciplinas\/Grau02\/Campus_SLA\/Curso_TDS\/LP\/LP_Unidade_05_EstruturaCondicional.pdf\" title=\"\" target=\"_Blank\">Unidade 05 &#8211; Estrutura Condicional<\/a><\/li>\n<li><a href=\"IFTM\/Disciplinas\/Grau02\/Campus_SLA\/Curso_TDS\/LP\/LP_Unidade_06_EstruturaDeExclusaoMultipla.pdf\" title=\"\" target=\"_Blank\">Unidade 06 &#8211; Estrutura de Exclus\u00e3o M\u00faltipla<\/a><\/li>\n<li><a href=\"IFTM\/Disciplinas\/Grau02\/Campus_SLA\/Curso_TDS\/LP\/LP_Unidade_07_EstruturasDeRepeticao.pdf\" title=\"\" target=\"_Blank\">Unidade 07 &#8211; Estruturas de Repeti\u00e7\u00e3o<\/a><\/li>\n<li><a href=\"IFTM\/Disciplinas\/Grau02\/Campus_SLA\/Curso_TDS\/LP\/LP_Unidade_08_Funcao.pdf\" title=\"\" target=\"_Blank\">Unidade 08 &#8211; Fun\u00e7\u00e3o<\/a><\/li>\n<li><a href=\"IFTM\/Disciplinas\/Grau02\/Campus_SLA\/Curso_TDS\/LP\/LP_Unidade_09_Vetor.pdf\" title=\"\" target=\"_Blank\">Unidade 09 &#8211; Vetor<\/a><\/li>\n<li><a href=\"IFTM\/Disciplinas\/Grau02\/Campus_SLA\/Curso_TDS\/LP\/LP_Unidade_10_Matriz.pdf\" title=\"\" target=\"_Blank\">Unidade 10 &#8211; Matriz<\/a><\/li>\n<li><a href=\"IFTM\/Disciplinas\/Grau02\/Campus_SLA\/Curso_TDS\/LP\/LP_Unidade_11_String.pdf\" title=\"\" target=\"_Blank\">Unidade 11 &#8211; String<\/a><\/li>\n<li><a href=\"IFTM\/Disciplinas\/Grau02\/Campus_SLA\/Curso_TDS\/LP\/LP_Unidade_12_Struct.pdf\" title=\"\" target=\"_Blank\">Unidade 12 &#8211; Registro<\/a><\/li>\n<li><a href=\"IFTM\/Disciplinas\/Grau02\/Campus_SLA\/Curso_TDS\/LP\/LP_Unidade_13_Arquivos.pdf\" title=\"\" target=\"_Blank\">Unidade 13 &#8211; Arquivos<\/a><\/li>\n<li><a href=\"IFTM\/Disciplinas\/Grau02\/Campus_SLA\/Curso_TDS\/LP\/LP_Unidade_13_ExemploGravacaoArquivoBinario.pdf\" title=\"\" target=\"_Blank\">Unidade 13 &#8211; Arquivos &#8211; Exemplo de Grava\u00e7\u00e3o de Arquivo Bin\u00e1rio<\/a><\/li>\n<li><a href=\"IFTM\/Disciplinas\/Grau02\/Campus_SLA\/Curso_TDS\/LP\/LP_Unidade_13_ExemploLeituraArquivoBinario.pdf\" title=\"\" target=\"_Blank\">Unidade 13 &#8211; Arquivos &#8211; Exemplo de Leitura de Arquivo Bin\u00e1rio<\/a><\/li>\n<li><a href=\"IFTM\/Disciplinas\/Grau02\/Campus_SLA\/Curso_TDS\/LP\/LP_Unidade_14_Ponteiros.pdf\" title=\"\" target=\"_Blank\">Unidade 14 &#8211; Ponteiros<\/a><\/li>\n<\/ul>\n<h4>Code::Blocks &#8211; Conhecendo a IDE<\/h4>\n<ul>\n<li><a href=\"IFTM\/Disciplinas\/Grau02\/Campus_SLA\/Curso_TDS\/LP\/LP_Conhecendo_a_IDE_CodeBlocks.pdf\" target=\"_Blank\" title=\"\">Tutorial sobre a IDE Code::Blocks<\/a><\/li>\n<\/ul>\n<h4>Exerc\u00edcios<\/h4>\n<ul>\n<li><a href=\"IFTM\/Disciplinas\/Grau02\/Campus_SLA\/Curso_TDS\/LP\/ListaDeExercicios\/LP_Exercicios_Unidade_03_AlgebraBooleana.pdf\" target=\"_Blank\" title=\"\">Exerc\u00edcios &#8211; Unidade 03 &#8211; \u00c1lgebra Booleana<\/a><\/li>\n<li><a href=\"IFTM\/Disciplinas\/Grau02\/FPC\/Exercicios\/FPC_Exercicios_Unidade_04_EstruturaLinear.pdf\" target=\"_Blank\" title=\"\">Exerc\u00edcios &#8211; Unidade 04 &#8211; Estrutura Linear<\/a><\/li>\n<li><a href=\"IFTM\/Disciplinas\/Grau02\/FPC\/Exercicios\/FPC_Exercicios_Unidade_05_EstruturaCondicional.pdf\" target=\"_Blank\" title=\"\">Exerc\u00edcios &#8211; Unidade 05 &#8211; Estrutura Condicional<\/a><\/li>\n<li><a href=\"IFTM\/Disciplinas\/Grau02\/FPC\/Exercicios\/FPC_Exercicios_Unidade_06_EstruturaDeExclusaoMultipla.pdf\" target=\"_Blank\" title=\"\">Exerc\u00edcios &#8211; Unidade 06 &#8211; Estrutura de Exclus\u00e3o M\u00faltipla<\/a><\/li>\n<li><a href=\"IFTM\/Disciplinas\/Grau02\/FPC\/Exercicios\/FPC_Exercicios_Unidade_07_EstruturasDeRepeticao.pdf\" target=\"_Blank\" title=\"\">Exerc\u00edcios &#8211; Unidade 07 &#8211; Estruturas de Repeti\u00e7\u00e3o<\/a><\/li>\n<li><a href=\"IFTM\/Disciplinas\/Grau02\/FPC\/Exercicios\/FPC_Exercicios_Unidade_08_SubRotinas.pdf\" target=\"_Blank\" title=\"\">Exerc\u00edcios &#8211; Unidade 08 &#8211; Sub-rotinas \/ Fun\u00e7\u00f5es<\/a><\/li>\n<li><a href=\"IFTM\/Disciplinas\/Grau02\/FPC\/Exercicios\/FPC_Exercicios_Unidade_09_Vetor.pdf\" target=\"_Blank\" title=\"\">Exerc\u00edcios &#8211; Unidade 09 &#8211; Vetor<\/a><\/li>\n<li><a href=\"IFTM\/Disciplinas\/Grau02\/FPC\/Exercicios\/FPC_Exercicios_Unidade_10_Matriz.pdf\" target=\"_Blank\" title=\"\">Exerc\u00edcios &#8211; Unidade 10 &#8211; Matriz<\/a><\/li>\n<li><a href=\"IFTM\/Disciplinas\/Grau02\/FPC\/Exercicios\/FPC_Exercicios_Unidade_12_Registro.pdf\" target=\"_Blank\" title=\"\">Exerc\u00edcios &#8211; Unidade 12 &#8211; Registro \/ Struct<\/a><\/li>\n<\/ul>\n<h4>Exerc\u00edcios de Depura\u00e7\u00e3o<\/h4>\n<ul>\n<li><a href=\"IFTM\/Disciplinas\/Grau02\/FPC\/Exercicios\/FPC_Exercicios_Unidade_05_ListaDepuracao_CodigoFonte.pdf\" target=\"_Blank\" title=\"\">Exerc\u00edcios &#8211; Unidade 05 &#8211; Estrutura Condicional &#8211; Depura\u00e7\u00e3o &#8211; C\u00f3digo-fonte<\/a><\/li>\n<li><a href=\"IFTM\/Disciplinas\/Grau02\/FPC\/Exercicios\/FPC_Exercicios_Unidade_05_ListaDepuracao_Pseudocodigo.pdf\" target=\"_Blank\" title=\"\">Exerc\u00edcios &#8211; Unidade 05 &#8211; Estrutura Condicional &#8211; Depura\u00e7\u00e3o &#8211; Pseudoc\u00f3digo<\/a><\/li>\n<p>    <!-- li><a href=\"IFTM\/Disciplinas\/Grau02\/FPC\/Exercicios\/FPC_Exercicios_Unidade_07_EstruturasDeRepeticao_Depuracao.pdf\" target=\"_Blank\" title=\"\">Exerc\u00edcios - Unidade 07 - Estruturas de Repeti\u00e7\u00e3o - Depura\u00e7\u00e3o <\/a><\/li -->\n<\/ul>\n<h4>Exerc\u00edcios Complementares<\/h4>\n<ul>\n<li><a href=\"https:\/\/programacaodescomplicada.wordpress.com\/complementar\/\" target=\"_Blank\" title=\"\">Universidade Federal de Uberl\u00e2ndia<\/a><\/li>\n<\/ul>\n<h4>Exerc\u00edcios Avaliativos<\/h4>\n<ul>\n    <!-- li>11 \/ 09 \/ 2019 - Exerc\u00edcio - 15 pontos<\/li>\n\n\n    \n\n<li>27 \/ 11 \/ 2019 - Exerc\u00edcio - 15 pontos<\/li -->\n<\/ul>\n<h4>Avalia\u00e7\u00f5es<\/h4>\n<ul>\n    <!-- li>02 \/ 10 \/ 2019 - Avalia&ccedil;&atilde;o 01 - 20 pontos<\/li>\n\n\n    \n\n<li>04 \/ 12 \/ 2019 - Avalia&ccedil;&atilde;o 02 - 20 pontos<\/li -->\n<\/ul>\n<h4>Trabalhos<\/h4>\n<ul>\n    <!--li>09 \/ 05 \/ 2018 - Trabalho 01 - 15 pontos - <a href=\"IFTM\/Disciplinas\/Grau02\/FPC\/Trabalhos\/FPC_Trabalho_Aeroporto_Fase_01_N0_M01.pdf\" target=\"_Blank\">Apresenta\u00e7\u00e3o 01<\/a><\/li>\n\n\n    \n\n<li>06 \/ 11 \/ 2019 - Trabalho 01 - 15 pontos - <a href=\"IFTM\/Disciplinas\/Grau02\/FPC\/Trabalhos\/FPC_Trabalho_Aeroporto_Fase_01_N0_M01.pdf\" target=\"_Blank\">Apresenta\u00e7\u00e3o 01<\/a><\/li>\n\n\n    \n\n<li>11 \/ 12 \/ 2019 - Trabalho 02 - 15 pontos - <a href=\"IFTM\/Disciplinas\/Grau02\/FPC\/Trabalhos\/FPC_Trabalho_Aeroporto_Fase_02_N0_M01.pdf\" target=\"_Blank\">Apresenta\u00e7\u00e3o 02<\/a><\/li -->\n<\/ul>\n<h4>Avalia\u00e7\u00f5es de Recupera\u00e7\u00e3o<\/h4>\n<ul>\n    <!-- li> 13 \/ 11 \/ 2019 - Avalia&ccedil;&atilde;o 01 - 50 pontos<\/li>\n\n\n    \n\n<li> 16 \/ 12 \/ 2019 - Avalia&ccedil;&atilde;o 02 - 50 pontos<\/li -->\n<\/ul>\n","protected":false},"excerpt":{"rendered":"<p>L\u00f3gica de Programa\u00e7\u00e3o (LP) Unidade 01 &#8211; Conceitos B\u00e1sicos Unidade 02 &#8211; \u00c1lgebra Booleana Unidade 03 &#8211; Tipos de Dados, Vari\u00e1veis, Express\u00f5es L\u00f3gicas e Aritm\u00e9ticas Unidade 04 &#8211; Vari\u00e1veis, Tipos de Dados, Comandos e Estrutura Linear Unidade 05 &#8211; Estrutura Condicional Unidade 06 &#8211; Estrutura de Exclus\u00e3o M\u00faltipla Unidade 07 &#8211; Estruturas de Repeti\u00e7\u00e3o Unidade&hellip;<\/p>\n","protected":false},"author":1,"featured_media":0,"parent":0,"menu_order":0,"comment_status":"closed","ping_status":"closed","template":"","meta":{"footnotes":""},"class_list":["post-1211","page","type-page","status-publish","hentry"],"_links":{"self":[{"href":"https:\/\/esj.eti.br\/index.php?rest_route=\/wp\/v2\/pages\/1211","targetHints":{"allow":["GET"]}}],"collection":[{"href":"https:\/\/esj.eti.br\/index.php?rest_route=\/wp\/v2\/pages"}],"about":[{"href":"https:\/\/esj.eti.br\/index.php?rest_route=\/wp\/v2\/types\/page"}],"author":[{"embeddable":true,"href":"https:\/\/esj.eti.br\/index.php?rest_route=\/wp\/v2\/users\/1"}],"replies":[{"embeddable":true,"href":"https:\/\/esj.eti.br\/index.php?rest_route=%2Fwp%2Fv2%2Fcomments&post=1211"}],"version-history":[{"count":5,"href":"https:\/\/esj.eti.br\/index.php?rest_route=\/wp\/v2\/pages\/1211\/revisions"}],"predecessor-version":[{"id":1227,"href":"https:\/\/esj.eti.br\/index.php?rest_route=\/wp\/v2\/pages\/1211\/revisions\/1227"}],"wp:attachment":[{"href":"https:\/\/esj.eti.br\/index.php?rest_route=%2Fwp%2Fv2%2Fmedia&parent=1211"}],"curies":[{"name":"wp","href":"https:\/\/api.w.org\/{rel}","templated":true}]}}