{"id":1216,"date":"2026-02-22T23:31:20","date_gmt":"2026-02-23T02:31:20","guid":{"rendered":"https:\/\/esj.eti.br\/?page_id=1216"},"modified":"2026-03-16T09:14:20","modified_gmt":"2026-03-16T12:14:20","slug":"iftm-2o-grau-sete-lagoas-tds-disciplina-fc","status":"publish","type":"page","link":"https:\/\/esj.eti.br\/?page_id=1216","title":{"rendered":"IFTM &#8211; 2\u00ba grau &#8211; Sete Lagoas &#8211; TDS &#8211; Disciplina FC"},"content":{"rendered":"<h4>Fundamentos da Computa\u00e7\u00e3o (FC)<\/h4>\n<ul>\n<li><a href=\"IFTM\/Disciplinas\/Grau02\/Campus_SLA\/Curso_TDS\/FC\/FC_Unidade_01_IntroducaoAComputacao.pdf\" title=\"\" target=\"_Blank\">Unidade 01 &#8211; Introdu\u00e7\u00e3o a Computa\u00e7\u00e3o<\/a><\/li>\n<li><a href=\"IFTM\/Disciplinas\/Grau02\/Campus_SLA\/Curso_TDS\/FC\/FC_Unidade_02_SistemasDeNumeracao.pdf\" title=\"\" target=\"_Blank\">Unidade 02 &#8211; Sistemas de Numera\u00e7\u00e3o<\/a><\/li>\n<li><a href=\"IFTM\/Disciplinas\/Grau02\/Campus_SLA\/Curso_TDS\/FC\/FC_Unidade_03_SistemasOperacionais_EvolucaoHistorica.pdf\" title=\"\" target=\"_Blank\">Unidade 03 &#8211; Sistemas Operacionais &#8211; Evolu\u00e7\u00e3o Hist\u00f3rica<\/a><\/li>\n<li><a href=\"IFTM\/Disciplinas\/Grau02\/Campus_SLA\/Curso_TDS\/FC\/FC_Unidade_04_SistemasOperacionais_Tipos.pdf\" title=\"\" target=\"_Blank\">Unidade 04 &#8211; Sistemas Operacionais &#8211; Tipos<\/a><\/li>\n<li><a href=\"IFTM\/Disciplinas\/Grau02\/Campus_SLA\/Curso_TDS\/FC\/FC_Unidade_05_SistemasOperacionais_IntroducaoArquitetura_Parte01_Introducao.pdf\" title=\"\" target=\"_Blank\">Unidade 05 &#8211; Sistemas Operacionais &#8211; Introdu\u00e7\u00e3o a Arquitetura &#8211; Parte 01 &#8211; Introdu\u00e7\u00e3o<\/a><\/li>\n<li><a href=\"IFTM\/Disciplinas\/Grau02\/Campus_SLA\/Curso_TDS\/FC\/FC_Unidade_05_SistemasOperacionais_IntroducaoArquitetura_Parte02_Processos.pdf\" title=\"\" target=\"_Blank\">Unidade 05 &#8211; Sistemas Operacionais &#8211; Introdu\u00e7\u00e3o a Arquitetura &#8211; Parte 02 &#8211; Processos<\/a><\/li>\n<li><a href=\"IFTM\/Disciplinas\/Grau02\/Campus_SLA\/Curso_TDS\/FC\/FC_Unidade_05_SistemasOperacionais_IntroducaoArquitetura_Parte03_GerenciaDeProcessador.pdf\" title=\"\" target=\"_Blank\">Unidade 05 &#8211; Sistemas Operacionais &#8211; Introdu\u00e7\u00e3o a Arquitetura &#8211; Parte 03 &#8211; Ger\u00eancia de Processador<\/a><\/li>\n<li><a href=\"IFTM\/Disciplinas\/Grau02\/Campus_SLA\/Curso_TDS\/FC\/FC_Unidade_05_SistemasOperacionais_IntroducaoArquitetura_Parte04_GerenciaDeMemoria.pdf\" title=\"\" target=\"_Blank\">Unidade 05 &#8211; Sistemas Operacionais &#8211; Introdu\u00e7\u00e3o a Arquitetura &#8211; Parte 04 &#8211; Ger\u00eancia de Mem\u00f3ria<\/a><\/li>\n<li><a href=\"IFTM\/Disciplinas\/Grau02\/Campus_SLA\/Curso_TDS\/FC\/FC_Unidade_05_SistemasOperacionais_IntroducaoArquitetura_Parte05_SistemaDeArquivos.pdf\" title=\"\" target=\"_Blank\">Unidade 05 &#8211; Sistemas Operacionais &#8211; Introdu\u00e7\u00e3o a Arquitetura &#8211; Parte 05 &#8211; Sistema de Arquivos<\/a><\/li>\n<\/ul>\n<h4>Exerc\u00edcios<\/h4>\n<ul>\n<li><a href=\"IFTM\/Disciplinas\/Grau02\/Campus_SLA\/Curso_TDS\/FC\/ListaDeExercicios\/FC_Lista_01_Exercicios_Binario_Octal.pdf\" title=\"\" target=\"_Blank\">Lista 01 &#8211; Sistemas de numera\u00e7\u00e3o: Bin\u00e1rio e Octal<\/a><\/li>\n<li><a href=\"IFTM\/Disciplinas\/Grau02\/Campus_SLA\/Curso_TDS\/FC\/ListaDeExercicios\/FC_Lista_02_Exercicios_Hexadecimal.pdf\" title=\"\" target=\"_Blank\">Lista 02 &#8211; Sistemas de numera\u00e7\u00e3o Hexadecimal<\/a><\/li>\n<p>    <!--li><a href=\"IFTM\/Disciplinas\/Grau02\/FPC\/Exercicios\/FPC_Exercicios_Unidade_04_EstruturaLinear.pdf\" target=\"_Blank\" title=\"\">Exerc\u00edcios - Unidade 04 - Estrutura Linear<\/a><\/li>\n\n\n    \n\n<li><a href=\"IFTM\/Disciplinas\/Grau02\/FPC\/Exercicios\/FPC_Exercicios_Unidade_05_EstruturaCondicional.pdf\" target=\"_Blank\" title=\"\">Exerc\u00edcios - Unidade 05 - Estrutura Condicional<\/a><\/li>\n\n\n    \n\n<li><a href=\"IFTM\/Disciplinas\/Grau02\/FPC\/Exercicios\/FPC_Exercicios_Unidade_06_EstruturaDeExclusaoMultipla.pdf\" target=\"_Blank\" title=\"\">Exerc\u00edcios - Unidade 06 - Estrutura de Exclus\u00e3o M\u00faltipla<\/a><\/li>\n\n\n    \n\n<li><a href=\"IFTM\/Disciplinas\/Grau02\/FPC\/Exercicios\/FPC_Exercicios_Unidade_07_EstruturasDeRepeticao.pdf\" target=\"_Blank\" title=\"\">Exerc\u00edcios - Unidade 07 - Estruturas de Repeti\u00e7\u00e3o<\/a><\/li>\n\n\n    \n\n<li><a href=\"IFTM\/Disciplinas\/Grau02\/FPC\/Exercicios\/FPC_Exercicios_Unidade_08_SubRotinas.pdf\" target=\"_Blank\" title=\"\">Exerc\u00edcios - Unidade 08 - Sub-rotinas \/ Fun\u00e7\u00f5es<\/a><\/li>\n\n\n    \n\n<li><a href=\"IFTM\/Disciplinas\/Grau02\/FPC\/Exercicios\/FPC_Exercicios_Unidade_09_Vetor.pdf\" target=\"_Blank\" title=\"\">Exerc\u00edcios - Unidade 09 - Vetor<\/a><\/li>\n\n\n    \n\n<li><a href=\"IFTM\/Disciplinas\/Grau02\/FPC\/Exercicios\/FPC_Exercicios_Unidade_10_Matriz.pdf\" target=\"_Blank\" title=\"\">Exerc\u00edcios - Unidade 10 - Matriz<\/a><\/li>\n\n\n    \n\n<li><a href=\"IFTM\/Disciplinas\/Grau02\/FPC\/Exercicios\/FPC_Exercicios_Unidade_12_Registro.pdf\" target=\"_Blank\" title=\"\">Exerc\u00edcios - Unidade 12 - Registro \/ Struct<\/a><\/li -->\n<\/ul>\n<h4>Exerc\u00edcios Avaliativos<\/h4>\n<ul>\n    <!-- li>11 \/ 09 \/ 2019 - Exerc\u00edcio - 15 pontos<\/li>\n\n\n    \n\n<li>27 \/ 11 \/ 2019 - Exerc\u00edcio - 15 pontos<\/li -->\n<\/ul>\n<h4>Avalia\u00e7\u00f5es<\/h4>\n<ul>\n    <!-- li>02 \/ 10 \/ 2019 - Avalia&ccedil;&atilde;o 01 - 20 pontos<\/li>\n\n\n    \n\n<li>04 \/ 12 \/ 2019 - Avalia&ccedil;&atilde;o 02 - 20 pontos<\/li -->\n<\/ul>\n<h4>Trabalhos<\/h4>\n<ul>\n    <!--li>09 \/ 05 \/ 2018 - Trabalho 01 - 15 pontos - <a href=\"IFTM\/Disciplinas\/Grau02\/FPC\/Trabalhos\/FPC_Trabalho_Aeroporto_Fase_01_N0_M01.pdf\" target=\"_Blank\">Apresenta\u00e7\u00e3o 01<\/a><\/li>\n\n\n    \n\n<li>06 \/ 11 \/ 2019 - Trabalho 01 - 15 pontos - <a href=\"IFTM\/Disciplinas\/Grau02\/FPC\/Trabalhos\/FPC_Trabalho_Aeroporto_Fase_01_N0_M01.pdf\" target=\"_Blank\">Apresenta\u00e7\u00e3o 01<\/a><\/li>\n\n\n    \n\n<li>11 \/ 12 \/ 2019 - Trabalho 02 - 15 pontos - <a href=\"IFTM\/Disciplinas\/Grau02\/FPC\/Trabalhos\/FPC_Trabalho_Aeroporto_Fase_02_N0_M01.pdf\" target=\"_Blank\">Apresenta\u00e7\u00e3o 02<\/a><\/li -->\n<\/ul>\n<h4>Avalia\u00e7\u00f5es de Recupera\u00e7\u00e3o<\/h4>\n<ul>\n    <!-- li> 13 \/ 11 \/ 2019 - Avalia&ccedil;&atilde;o 01 - 50 pontos<\/li>\n\n\n    \n\n<li> 16 \/ 12 \/ 2019 - Avalia&ccedil;&atilde;o 02 - 50 pontos<\/li -->\n<\/ul>\n","protected":false},"excerpt":{"rendered":"<p>Fundamentos da Computa\u00e7\u00e3o (FC) Unidade 01 &#8211; Introdu\u00e7\u00e3o a Computa\u00e7\u00e3o Unidade 02 &#8211; Sistemas de Numera\u00e7\u00e3o Unidade 03 &#8211; Sistemas Operacionais &#8211; Evolu\u00e7\u00e3o Hist\u00f3rica Unidade 04 &#8211; Sistemas Operacionais &#8211; Tipos Unidade 05 &#8211; Sistemas Operacionais &#8211; Introdu\u00e7\u00e3o a Arquitetura &#8211; Parte 01 &#8211; Introdu\u00e7\u00e3o Unidade 05 &#8211; Sistemas Operacionais &#8211; Introdu\u00e7\u00e3o a Arquitetura &#8211;&hellip;<\/p>\n","protected":false},"author":1,"featured_media":0,"parent":0,"menu_order":0,"comment_status":"closed","ping_status":"closed","template":"","meta":{"footnotes":""},"class_list":["post-1216","page","type-page","status-publish","hentry"],"_links":{"self":[{"href":"https:\/\/esj.eti.br\/index.php?rest_route=\/wp\/v2\/pages\/1216","targetHints":{"allow":["GET"]}}],"collection":[{"href":"https:\/\/esj.eti.br\/index.php?rest_route=\/wp\/v2\/pages"}],"about":[{"href":"https:\/\/esj.eti.br\/index.php?rest_route=\/wp\/v2\/types\/page"}],"author":[{"embeddable":true,"href":"https:\/\/esj.eti.br\/index.php?rest_route=\/wp\/v2\/users\/1"}],"replies":[{"embeddable":true,"href":"https:\/\/esj.eti.br\/index.php?rest_route=%2Fwp%2Fv2%2Fcomments&post=1216"}],"version-history":[{"count":4,"href":"https:\/\/esj.eti.br\/index.php?rest_route=\/wp\/v2\/pages\/1216\/revisions"}],"predecessor-version":[{"id":1224,"href":"https:\/\/esj.eti.br\/index.php?rest_route=\/wp\/v2\/pages\/1216\/revisions\/1224"}],"wp:attachment":[{"href":"https:\/\/esj.eti.br\/index.php?rest_route=%2Fwp%2Fv2%2Fmedia&parent=1216"}],"curies":[{"name":"wp","href":"https:\/\/api.w.org\/{rel}","templated":true}]}}