{"id":1229,"date":"2026-04-20T10:24:20","date_gmt":"2026-04-20T13:24:20","guid":{"rendered":"https:\/\/esj.eti.br\/?page_id=1229"},"modified":"2026-04-20T10:24:20","modified_gmt":"2026-04-20T13:24:20","slug":"medicina-locais-onde-encontrar","status":"publish","type":"page","link":"https:\/\/esj.eti.br\/?page_id=1229","title":{"rendered":"Medicina &#8211; Locais onde encontrar:"},"content":{"rendered":"<h4>Soro contra animais pe\u00e7onhentos no Brasil &#8211; por cidade<\/h4>\n<ul>\n<li><a href=\"https:\/\/soroja.com.br\/\" title=\"\" target=\"_Blank\">Soro j\u00e1 (cobras, escorpi\u00f5es e etc.)<\/a><\/li>\n<\/ul>\n","protected":false},"excerpt":{"rendered":"<p>Soro contra animais pe\u00e7onhentos no Brasil &#8211; por cidade Soro j\u00e1 (cobras, escorpi\u00f5es e etc.)<\/p>\n","protected":false},"author":1,"featured_media":0,"parent":0,"menu_order":0,"comment_status":"closed","ping_status":"closed","template":"","meta":{"footnotes":""},"class_list":["post-1229","page","type-page","status-publish","hentry"],"_links":{"self":[{"href":"https:\/\/esj.eti.br\/index.php?rest_route=\/wp\/v2\/pages\/1229","targetHints":{"allow":["GET"]}}],"collection":[{"href":"https:\/\/esj.eti.br\/index.php?rest_route=\/wp\/v2\/pages"}],"about":[{"href":"https:\/\/esj.eti.br\/index.php?rest_route=\/wp\/v2\/types\/page"}],"author":[{"embeddable":true,"href":"https:\/\/esj.eti.br\/index.php?rest_route=\/wp\/v2\/users\/1"}],"replies":[{"embeddable":true,"href":"https:\/\/esj.eti.br\/index.php?rest_route=%2Fwp%2Fv2%2Fcomments&post=1229"}],"version-history":[{"count":1,"href":"https:\/\/esj.eti.br\/index.php?rest_route=\/wp\/v2\/pages\/1229\/revisions"}],"predecessor-version":[{"id":1231,"href":"https:\/\/esj.eti.br\/index.php?rest_route=\/wp\/v2\/pages\/1229\/revisions\/1231"}],"wp:attachment":[{"href":"https:\/\/esj.eti.br\/index.php?rest_route=%2Fwp%2Fv2%2Fmedia&parent=1229"}],"curies":[{"name":"wp","href":"https:\/\/api.w.org\/{rel}","templated":true}]}}