{"id":125,"date":"2017-06-27T20:40:30","date_gmt":"2017-06-27T23:40:30","guid":{"rendered":"http:\/\/esj.eti.br\/?page_id=125"},"modified":"2018-05-25T15:02:07","modified_gmt":"2018-05-25T18:02:07","slug":"disciplina-gti","status":"publish","type":"page","link":"https:\/\/esj.eti.br\/?page_id=125","title":{"rendered":"IFTM &#8211; 2\u00ba Grau &#8211; MSI &#8211; Disciplina GTI"},"content":{"rendered":"<h4>Gest&atilde;o da Tecnologia da Informa&ccedil;&atilde;o (GTI)<\/h4>\n<ul>\n<li><a href=\"IFTM\/Disciplinas\/Grau02\/GTI\/GTI_Unidade_01.pdf\" title=\"\" target=\"_Blank\">Unidade 01 &#8211; Introdu&ccedil;&atilde;o aos Fundamentos de Sistemas de Informa&ccedil;&atilde;o<\/a><\/li>\n<li><a href=\"IFTM\/Disciplinas\/Grau02\/GTI\/GTI_Unidade_02.pdf\" title=\"\" target=\"_Blank\">Unidade 02 &#8211; Organiza&ccedil;&otilde;es e Estrat&eacute;gias<\/a><\/li>\n<li><a href=\"IFTM\/Disciplinas\/Grau02\/GTI\/GTI_Unidade_03.pdf\" title=\"\" target=\"_Blank\">Unidade 03 &#8211; O Ambiente Empresarial Competitivo e a Empresa Digital Emergente<\/a><\/li>\n<\/ul>\n<h4>Trabalhos<\/h4>\n<ul>\n<li>  \/  \/2016 &#8211; Estudo de Caso 01 &#8211; 15 pontos<\/li>\n<li>  \/  \/2016 &#8211; Estudo de Caso 02 &#8211; 15 pontos<\/li>\n<li>  \/  \/2016 &#8211; Estudo de Caso 03 &#8211; 15 pontos<\/li>\n<\/ul>\n<h4>Trabalhos em Equipe<\/h4>\n<ul>\n<li><a href=\"IFTM\/Disciplinas\/Grau02\/GTI\/Trabalhos\/GTI_Trabalho_01_001_N1.pdf\" title=\"\" target=\"_Blank\">Trabalho 01<\/a> &#8211; Data da apresenta&ccedil;&atilde;o:  \/  \/2016<\/li>\n<\/ul>\n<h4>Avalia&ccedil;&otilde;es<\/h4>\n<ul>\n<li>  \/  \/2016 &#8211; Avalia&ccedil;&atilde;o 01 &#8211; 20 pontos<\/li>\n<li>  \/  \/2016 &#8211; Avalia&ccedil;&atilde;o 02 &#8211; 20 pontos<\/li>\n<\/ul>\n<h4><\/h4>\n<h4>Avalia\u00e7\u00f5es de Recupera\u00e7\u00e3o<\/h4>\n<ul>\n<li>  \/  \/2016 &#8211; Avalia&ccedil;&atilde;o 01 &#8211; 35 pontos<\/li>\n<li>  \/  \/2016 &#8211; Avalia&ccedil;&atilde;o 02 &#8211; 35 pontos<\/li>\n<\/ul>\n","protected":false},"excerpt":{"rendered":"<p>Gest&atilde;o da Tecnologia da Informa&ccedil;&atilde;o (GTI) Unidade 01 &#8211; Introdu&ccedil;&atilde;o aos Fundamentos de Sistemas de Informa&ccedil;&atilde;o Unidade 02 &#8211; Organiza&ccedil;&otilde;es e Estrat&eacute;gias Unidade 03 &#8211; O Ambiente Empresarial Competitivo e a Empresa Digital Emergente Trabalhos \/ \/2016 &#8211; Estudo de Caso 01 &#8211; 15 pontos \/ \/2016 &#8211; Estudo de Caso 02 &#8211; 15 pontos&hellip;<\/p>\n","protected":false},"author":1,"featured_media":0,"parent":0,"menu_order":0,"comment_status":"closed","ping_status":"closed","template":"","meta":{"footnotes":""},"class_list":["post-125","page","type-page","status-publish","hentry"],"_links":{"self":[{"href":"https:\/\/esj.eti.br\/index.php?rest_route=\/wp\/v2\/pages\/125","targetHints":{"allow":["GET"]}}],"collection":[{"href":"https:\/\/esj.eti.br\/index.php?rest_route=\/wp\/v2\/pages"}],"about":[{"href":"https:\/\/esj.eti.br\/index.php?rest_route=\/wp\/v2\/types\/page"}],"author":[{"embeddable":true,"href":"https:\/\/esj.eti.br\/index.php?rest_route=\/wp\/v2\/users\/1"}],"replies":[{"embeddable":true,"href":"https:\/\/esj.eti.br\/index.php?rest_route=%2Fwp%2Fv2%2Fcomments&post=125"}],"version-history":[{"count":3,"href":"https:\/\/esj.eti.br\/index.php?rest_route=\/wp\/v2\/pages\/125\/revisions"}],"predecessor-version":[{"id":316,"href":"https:\/\/esj.eti.br\/index.php?rest_route=\/wp\/v2\/pages\/125\/revisions\/316"}],"wp:attachment":[{"href":"https:\/\/esj.eti.br\/index.php?rest_route=%2Fwp%2Fv2%2Fmedia&parent=125"}],"curies":[{"name":"wp","href":"https:\/\/api.w.org\/{rel}","templated":true}]}}