{"id":2,"date":"2017-06-25T11:06:18","date_gmt":"2017-06-25T11:06:18","guid":{"rendered":"http:\/\/templatecms.kinghost.net\/wordpress\/4.1.1-pt_br\/?page_id=2"},"modified":"2024-10-04T10:49:26","modified_gmt":"2024-10-04T13:49:26","slug":"pagina-exemplo","status":"publish","type":"page","link":"https:\/\/esj.eti.br\/","title":{"rendered":"Fa\u00e7a o que \u00e9 certo sempre!"},"content":{"rendered":"<div class=\"wp-block-image\">\n<figure class=\"aligncenter size-full is-resized\"><a href=\"https:\/\/www.pensador.com\/frase\/MTYxMDAyMw\/\" target=\"_Blank\" rel=\"noopener\"><img loading=\"lazy\" decoding=\"async\" width=\"653\" height=\"500\" src=\"https:\/\/esj.eti.br\/wp-content\/uploads\/2024\/10\/OErradoEhErradoMesmoQueTodosEstejamFazendo2.png\" alt=\"\" class=\"wp-image-1140\" style=\"width:653px;height:auto\" srcset=\"https:\/\/esj.eti.br\/wp-content\/uploads\/2024\/10\/OErradoEhErradoMesmoQueTodosEstejamFazendo2.png 653w, https:\/\/esj.eti.br\/wp-content\/uploads\/2024\/10\/OErradoEhErradoMesmoQueTodosEstejamFazendo2-300x230.png 300w\" sizes=\"auto, (max-width: 653px) 100vw, 653px\" \/><\/a><\/figure>\n<\/div>\n\n<p style=\"text-align: justify;\">Seja honesto. Respeite o direito dos outros. Preze pelos bons costumes. Aja corretamente, fale corretamente e escreva corretamente; mesmo que seja uma simples mensagem no Whatsapp<abbr title=\"Short Message Service\"><\/abbr>.<\/p>\n<p style=\"text-align: justify;\">D\u00ea o melhor de si em tudo que for fazer e nunca minta. Esperteza, na maioria das vezes \u00e9 sin\u00f4nimo de pilantragem.<\/p>\n<p style=\"text-align: justify;\">Vamos dar a cada dia, um passo para melhorar o nosso futuro. Sempre nos balizando no que \u00e9 bom, justo, honesto e correto.<\/p>\n<p style=\"text-align: justify;\">Mentiras, roubalheira, desonestidade e falta de respeito, infelizmente, \u00e9 o que se v\u00ea em cada esquina deste pa\u00eds. <strong>E os pequenos erros ignorados hoje, tendem a ser os grandes erros de amanh\u00e3.<\/strong><\/p>\n<p style=\"text-align: justify;\">Lembre-se! Neste mundo voc\u00ea s\u00f3 est\u00e1 aqui de passagem. Pense nisto! Fa\u00e7a sua parte e ajude-nos a fazer um futuro melhor.<\/p>\n<p style=\"text-align: justify;\"><span style=\"font-size: medium;\"> Edwar Saliba Jr.<br \/>\n(02\/05\/2013) <\/span><\/p>\n<blockquote><p><span style=\"font-size: medium;\"> <i> <q cite=\"https:\/\/pt.wikipedia.org\/wiki\/Chico_Xavier\">Embora ningu\u00e9m possa voltar atr\u00e1s e fazer um novo come\u00e7o, qualquer um pode come\u00e7ar agora e fazer um novo fim.<\/q><br \/>\n<a href=\"https:\/\/pt.wikipedia.org\/wiki\/Chico_Xavier\" target=\"_Blank\" rel=\"noopener\">Chico Xavier<\/a> <\/i> <\/span><\/p><\/blockquote>\n<div id=\"since\">\n<p align=\"right\"><span style=\"font-size: medium;\">Este <em>site<\/em> est\u00e1 no ar desde de 21 de Abril de 2009 <\/span><\/p>\n<\/div>","protected":false},"excerpt":{"rendered":"<p>Seja honesto. Respeite o direito dos outros. Preze pelos bons costumes. Aja corretamente, fale corretamente e escreva corretamente; mesmo que seja uma simples mensagem no Whatsapp. D\u00ea o melhor de si em tudo que for fazer e nunca minta. Esperteza, na maioria das vezes \u00e9 sin\u00f4nimo de pilantragem. Vamos dar a cada dia, um passo&hellip;<\/p>\n","protected":false},"author":1,"featured_media":0,"parent":0,"menu_order":0,"comment_status":"open","ping_status":"open","template":"","meta":{"footnotes":""},"class_list":["post-2","page","type-page","status-publish","hentry"],"_links":{"self":[{"href":"https:\/\/esj.eti.br\/index.php?rest_route=\/wp\/v2\/pages\/2","targetHints":{"allow":["GET"]}}],"collection":[{"href":"https:\/\/esj.eti.br\/index.php?rest_route=\/wp\/v2\/pages"}],"about":[{"href":"https:\/\/esj.eti.br\/index.php?rest_route=\/wp\/v2\/types\/page"}],"author":[{"embeddable":true,"href":"https:\/\/esj.eti.br\/index.php?rest_route=\/wp\/v2\/users\/1"}],"replies":[{"embeddable":true,"href":"https:\/\/esj.eti.br\/index.php?rest_route=%2Fwp%2Fv2%2Fcomments&post=2"}],"version-history":[{"count":6,"href":"https:\/\/esj.eti.br\/index.php?rest_route=\/wp\/v2\/pages\/2\/revisions"}],"predecessor-version":[{"id":1143,"href":"https:\/\/esj.eti.br\/index.php?rest_route=\/wp\/v2\/pages\/2\/revisions\/1143"}],"wp:attachment":[{"href":"https:\/\/esj.eti.br\/index.php?rest_route=%2Fwp%2Fv2%2Fmedia&parent=2"}],"curies":[{"name":"wp","href":"https:\/\/api.w.org\/{rel}","templated":true}]}}