{"id":278,"date":"2018-05-24T14:02:35","date_gmt":"2018-05-24T17:02:35","guid":{"rendered":"http:\/\/esj.eti.br\/?page_id=278"},"modified":"2025-12-03T06:06:00","modified_gmt":"2025-12-03T09:06:00","slug":"iftm-2o-grau-jp-disciplina-sol","status":"publish","type":"page","link":"https:\/\/esj.eti.br\/?page_id=278","title":{"rendered":"IFTM &#8211; 2\u00ba Grau &#8211; JP &#8211; Disciplina SOL"},"content":{"rendered":"<h4>Sistema Operacional Linux (SOL)<\/h4>\n<ul>\n<li><a href=\"IFTM\/Disciplinas\/Grau02\/SOL\/SOL_Unidade_01.pdf\" title=\"\" target=\"_Blank\" rel=\"noopener noreferrer\">Unidade 01 &#8211; Evolu\u00e7\u00e3o Hist\u00f3rica dos Sistemas Operacionais<\/a><\/li>\n<li><a href=\"IFTM\/Disciplinas\/Grau02\/SOL\/SOL_Unidade_02.pdf\" title=\"\" target=\"_Blank\" rel=\"noopener noreferrer\">Unidade 02 &#8211; Tipos de Sistemas Operacionais<\/a><\/li>\n<li><a href=\"IFTM\/Disciplinas\/Grau02\/SOL\/SOL_Unidade_03.pdf\" title=\"\" target=\"_Blank\" rel=\"noopener noreferrer\">Unidade 03 &#8211; Introdu\u00e7\u00e3o a Arquitetura de Sistemas Operacionais &#8211; Parte 01<\/a><\/li>\n<li><a href=\"IFTM\/Disciplinas\/Grau02\/SOL\/SOL_Unidade_04.pdf\" title=\"\" target=\"_Blank\" rel=\"noopener noreferrer\">Unidade 04 &#8211; Introdu\u00e7\u00e3o a Arquitetura de Sistemas Operacionais &#8211; Parte 02<\/a><\/li>\n<li><a href=\"IFTM\/Disciplinas\/Grau02\/SOL\/SOL_Unidade_05.pdf\" title=\"\" target=\"_Blank\" rel=\"noopener noreferrer\">Unidade 05 &#8211; Discos e Parti\u00e7\u00f5es<\/a><\/li>\n<li><a href=\"IFTM\/Disciplinas\/Grau02\/SOL\/SOL_Unidade_06.pdf\" title=\"\" target=\"_Blank\" rel=\"noopener noreferrer\">Unidade 06 &#8211; Comandos \u2013 Explica\u00e7\u00f5es B\u00e1sicas<\/a><\/li>\n<li><a href=\"IFTM\/Disciplinas\/Grau02\/SOL\/SOL_Unidade_07.pdf\" title=\"\" target=\"_Blank\" rel=\"noopener noreferrer\">Unidade 07 &#8211; Comandos para Execu\u00e7\u00e3o de Programas<\/a><\/li>\n<li><a href=\"IFTM\/Disciplinas\/Grau02\/SOL\/SOL_Unidade_07_SinaisDoSistema.pdf\" title=\"\" target=\"_Blank\" rel=\"noopener noreferrer\">Unidade 07 &#8211; Comandos para Execu\u00e7\u00e3o de Programas &#8211; Sinais do Sistema<\/a><\/li>\n<li><a href=\"IFTM\/Disciplinas\/Grau02\/SOL\/SOL_Unidade_07_Exemplo_ExecucaoPrimeiroSegundoPlano.pdf\" title=\"\" target=\"_Blank\" rel=\"noopener noreferrer\">Unidade 07 &#8211; Comandos para Execu\u00e7\u00e3o de Programas em Primeiro e Segundo Plano<\/a><\/li>\n<li><a href=\"IFTM\/Disciplinas\/Grau02\/SOL\/SOL_Unidade_08.pdf\" title=\"\" target=\"_Blank\" rel=\"noopener noreferrer\">Unidade 08 &#8211; Comandos Para Manipula\u00e7\u00e3o de Diret\u00f3rios<\/a><\/li>\n<li><a href=\"IFTM\/Disciplinas\/Grau02\/SOL\/SOL_Unidade_09.pdf\" title=\"\" target=\"_Blank\" rel=\"noopener noreferrer\">Unidade 09 &#8211; Comandos Para Manipula\u00e7\u00e3o de Arquivos<\/a><\/li>\n<li><a href=\"IFTM\/Disciplinas\/Grau02\/SOL\/SOL_Unidade_10.pdf\" title=\"\" target=\"_Blank\" rel=\"noopener noreferrer\">Unidade 10 &#8211; Comandos Diversos<\/a><\/li>\n<li><a href=\"IFTM\/Disciplinas\/Grau02\/SOL\/SOL_Unidade_11.pdf\" title=\"\" target=\"_Blank\" rel=\"noopener noreferrer\">Unidade 11 &#8211; Comandos de Redes<\/a><\/li>\n<li><a href=\"IFTM\/Disciplinas\/Grau02\/SOL\/SOL_Unidade_12.pdf\" title=\"\" target=\"_Blank\" rel=\"noopener noreferrer\">Unidade 12 &#8211; Comandos para Manipula\u00e7\u00e3o de Contas<\/a><\/li>\n<li><a href=\"IFTM\/Disciplinas\/Grau02\/SOL\/SOL_Unidade_13.pdf\" title=\"\" target=\"_Blank\" rel=\"noopener noreferrer\">Unidade 13 &#8211; Comandos para Permiss\u00e3o de Acesso a Arquivos e Diret\u00f3rios<\/a><\/li>\n<li><a href=\"IFTM\/Disciplinas\/Grau02\/SOL\/SOL_Unidade_14.pdf\" title=\"\" target=\"_Blank\" rel=\"noopener noreferrer\">Unidade 14 &#8211; Comandos de Redirecionamento e Pipe<\/a><\/li>\n<li><a href=\"IFTM\/Disciplinas\/Grau02\/SOL\/SOL_Unidade_15.pdf\" title=\"\" target=\"_Blank\" rel=\"noopener noreferrer\">Unidade 15 &#8211; Comandos de Impress\u00e3o<\/a><\/li>\n<li><a href=\"IFTM\/Disciplinas\/Grau02\/SOL\/SOL_Unidade_16.pdf\" title=\"\" target=\"_Blank\" rel=\"noopener noreferrer\">Unidade 16 &#8211; X Window (Ambiente Gr\u00e1fico)<\/a><\/li>\n<\/ul>\n<h4>Exerc\u00edcios<\/h4>\n<ul>\n<li><a href=\"IFTM\/Disciplinas\/Grau02\/SOL\/Exercicios\/SOL_Exercicios_Unidade_05.pdf\" target=\"_Blank\" title=\"\" rel=\"noopener noreferrer\">Exerc\u00edcios &#8211; Unidade 05<\/a><\/li>\n<li><a href=\"IFTM\/Disciplinas\/Grau02\/SOL\/Exercicios\/SOL_Exercicios_Unidade_06.pdf\" target=\"_Blank\" title=\"\" rel=\"noopener noreferrer\">Exerc\u00edcios &#8211; Unidade 06<\/a><\/li>\n<li><a href=\"IFTM\/Disciplinas\/Grau02\/SOL\/Exercicios\/SOL_Exercicios_Unidade_07.pdf\" target=\"_Blank\" title=\"\" rel=\"noopener noreferrer\">Exerc\u00edcios &#8211; Unidade 07<\/a><\/li>\n<li><a href=\"IFTM\/Disciplinas\/Grau02\/SOL\/Exercicios\/SOL_Exercicios_Unidade_08.pdf\" target=\"_Blank\" title=\"\" rel=\"noopener noreferrer\">Exerc\u00edcios &#8211; Unidade 08<\/a><\/li>\n<li><a href=\"IFTM\/Disciplinas\/Grau02\/SOL\/Exercicios\/SOL_Exercicios_Unidade_09.pdf\" target=\"_Blank\" title=\"\" rel=\"noopener noreferrer\">Exerc\u00edcios &#8211; Unidade 09<\/a><\/li>\n<li><a href=\"IFTM\/Disciplinas\/Grau02\/SOL\/Exercicios\/SOL_Exercicios_Unidade_10.pdf\" target=\"_Blank\" title=\"\" rel=\"noopener noreferrer\">Exerc\u00edcios &#8211; Unidade 10<\/a><\/li>\n<\/ul>\n<h4>Exerc\u00edcio<\/h4>\n<ul>\n<li>14 \/ 03 \/ 2019 &#8211; Exerc\u00edcio 01 &#8211; 15 pontos<\/li>\n<li>16 \/ 05 \/ 2019 &#8211; Exerc\u00edcio 02 &#8211; 15 pontos<\/li>\n<\/ul>\n<h4>Avalia\u00e7\u00f5es<\/h4>\n<ul>\n<li>03 \/ 06 \/ 2019 &#8211; Avalia\u00e7\u00e3o 01 &#8211; 20 pontos<\/li>\n<li>13 \/ 06 \/ 2019 &#8211; Avalia\u00e7\u00e3o 02 &#8211; 20 pontos<\/li>\n<\/ul>\n<h4>Trabalhos<\/h4>\n<ul>\n<li>23 \/ 05 \/ 2019 &#8211; Trabalho 01 &#8211; 15 pontos &#8211; <a href=\"IFTM\/Disciplinas\/Grau02\/SOL\/Trabalhos\/SOL_Apresentacao_01_N1_M01.pdf\" target=\"_Blank\" rel=\"noopener noreferrer\">Apresenta\u00e7\u00e3o 01<\/a><\/li>\n<li>28 \/ 06 \/ 2019 &#8211; Trabalho 02 &#8211; 15 pontos &#8211; <a href=\"IFTM\/Disciplinas\/Grau02\/SOL\/Trabalhos\/SOL_Apresentacao_02_N1_M01.pdf\" target=\"_Blank\" rel=\"noopener noreferrer\">Apresenta\u00e7\u00e3o 02<\/a><\/li>\n<\/ul>\n<h4>Avalia\u00e7\u00f5es de Recupera\u00e7\u00e3o<\/h4>\n<ul>\n<li>30 \/ 05 \/ 2019 &#8211; Avalia\u00e7\u00e3o 01 &#8211; 35 pontos (mat\u00e9rias: at\u00e9 Unidades 07)<\/li>\n<li>04 \/ 07 \/ 2019 &#8211; Avalia\u00e7\u00e3o 02 &#8211; 35 pontos (mat\u00e9ria: toda!)<\/li>\n<\/ul>\n","protected":false},"excerpt":{"rendered":"<p>Sistema Operacional Linux (SOL) Unidade 01 &#8211; Evolu\u00e7\u00e3o Hist\u00f3rica dos Sistemas Operacionais Unidade 02 &#8211; Tipos de Sistemas Operacionais Unidade 03 &#8211; Introdu\u00e7\u00e3o a Arquitetura de Sistemas Operacionais &#8211; Parte 01 Unidade 04 &#8211; Introdu\u00e7\u00e3o a Arquitetura de Sistemas Operacionais &#8211; Parte 02 Unidade 05 &#8211; Discos e Parti\u00e7\u00f5es Unidade 06 &#8211; Comandos \u2013 Explica\u00e7\u00f5es&hellip;<\/p>\n","protected":false},"author":1,"featured_media":0,"parent":0,"menu_order":0,"comment_status":"closed","ping_status":"closed","template":"","meta":{"footnotes":""},"class_list":["post-278","page","type-page","status-publish","hentry"],"_links":{"self":[{"href":"https:\/\/esj.eti.br\/index.php?rest_route=\/wp\/v2\/pages\/278","targetHints":{"allow":["GET"]}}],"collection":[{"href":"https:\/\/esj.eti.br\/index.php?rest_route=\/wp\/v2\/pages"}],"about":[{"href":"https:\/\/esj.eti.br\/index.php?rest_route=\/wp\/v2\/types\/page"}],"author":[{"embeddable":true,"href":"https:\/\/esj.eti.br\/index.php?rest_route=\/wp\/v2\/users\/1"}],"replies":[{"embeddable":true,"href":"https:\/\/esj.eti.br\/index.php?rest_route=%2Fwp%2Fv2%2Fcomments&post=278"}],"version-history":[{"count":12,"href":"https:\/\/esj.eti.br\/index.php?rest_route=\/wp\/v2\/pages\/278\/revisions"}],"predecessor-version":[{"id":1207,"href":"https:\/\/esj.eti.br\/index.php?rest_route=\/wp\/v2\/pages\/278\/revisions\/1207"}],"wp:attachment":[{"href":"https:\/\/esj.eti.br\/index.php?rest_route=%2Fwp%2Fv2%2Fmedia&parent=278"}],"curies":[{"name":"wp","href":"https:\/\/api.w.org\/{rel}","templated":true}]}}