{"id":280,"date":"2018-05-24T14:02:35","date_gmt":"2018-05-24T17:02:35","guid":{"rendered":"http:\/\/esj.eti.br\/?page_id=280"},"modified":"2023-10-11T14:54:43","modified_gmt":"2023-10-11T17:54:43","slug":"iftm-2o-grau-ti-disciplina-pv","status":"publish","type":"page","link":"https:\/\/esj.eti.br\/?page_id=280","title":{"rendered":"IFTM &#8211; 2\u00ba Grau &#8211; TI &#8211; Disciplina PV"},"content":{"rendered":"<h4>An\u00e1lise e Projeto Orientados a Objetos (APOO)<\/h4>\n<ul>\n<li><a href=\"IFTM\/Disciplinas\/Grau03\/APOO\/APOO_Unidade_01_IntroducaoAUML.pdf\" title=\"\" target=\"_Blank\" rel=\"noopener\">Unidade 01 &#8211; Introdu\u00e7\u00e3o a UML<\/a><\/li>\n<li><a href=\"IFTM\/Disciplinas\/Grau03\/APOO\/APOO_Unidade_02_RevisaoPOO.pdf\" title=\"\" target=\"_Blank\" rel=\"noopener\">Unidade 02 &#8211; Revis\u00e3o de POO<\/a><\/li>\n<li><a href=\"IFTM\/Disciplinas\/Grau03\/APOO\/APOO_Unidade_03_DiagramasUML.pdf\" title=\"\" target=\"_Blank\" rel=\"noopener\">Unidade 03 &#8211; Diagramas UML<\/a><\/li>\n<li><a href=\"IFTM\/Disciplinas\/Grau03\/APOO\/APOO_Unidade_04_DiagramaDeCasoDeUso.pdf\" title=\"\" target=\"_Blank\" rel=\"noopener\">Unidade 04 &#8211; Diagrama de Casos de Uso<\/a><\/li>\n<li><a href=\"IFTM\/Disciplinas\/Grau03\/APOO\/APOO_Unidade_04_DiagramaDeCasoDeUso_Documento.odt\" title=\"\" target=\"_Blank\" rel=\"noopener\">Unidade 04 &#8211; Diagrama de Casos de Uso &#8211; Documento<\/a><\/li>\n<li><a href=\"IFTM\/Disciplinas\/Grau03\/APOO\/APOO_Unidade_05_DiagramaDeClasses.pdf\" title=\"\" target=\"_Blank\" rel=\"noopener\">Unidade 05 &#8211; Diagrama de Classe<\/a><\/li>\n<li><a href=\"IFTM\/Disciplinas\/Grau03\/APOO\/APOO_Unidade_06_DesignPatterns.pdf\" title=\"\" target=\"_Blank\" rel=\"noopener\">Unidade 06 &#8211; Design Patterns<\/a><\/li>\n<li><a href=\"IFTM\/Disciplinas\/Grau03\/APOO\/APOO_Unidade_06_DesignPatterns_Observer_Deprecated.pdf\" title=\"\" target=\"_Blank\" rel=\"noopener\">Unidade 06 &#8211; Design Patterns &#8211; Observer (em desuso!)<\/a><\/li>\n<li><a href=\"IFTM\/Disciplinas\/Grau03\/APOO\/APOO_Unidade_06_DesignPatterns_Observer_Alternativo.pdf\" title=\"\" target=\"_Blank\" rel=\"noopener\">Unidade 06 &#8211; Design Patterns &#8211; Observer (alternativo)<\/a><\/li>\n<\/ul>\n<h4>Listas de Exerc\u00edcios<\/h4>\n<ul>\n<li><a href=\"IFTM\/Disciplinas\/Grau03\/APOO\/Exercicios\/APOO_Lista_01.pdf\" title=\"\" target=\"_Blank\" rel=\"noopener\">Lista 01<\/a><\/li>\n<li><a href=\"IFTM\/Disciplinas\/Grau03\/APOO\/Exercicios\/APOO_Lista_02.pdf\" title=\"\" target=\"_Blank\" rel=\"noopener\">Lista 02<\/a><\/li>\n<li><a href=\"IFTM\/Disciplinas\/Grau03\/APOO\/Exercicios\/APOO_Lista_03.pdf\" title=\"\" target=\"_Blank\" rel=\"noopener\">Lista 03<\/a><\/li>\n<\/ul>\n<h4>Exerc\u00edcios Valorados (Datas)<\/h4>\n<ul>\n<li> \/  \/  &#8211; Exerc\u00edcio 01 (15 pontos) &#8211; mat\u00e9ria: at\u00e9<\/li>\n<li> \/  \/  &#8211; Exerc\u00edcio 02 (15 pontos) &#8211; mat\u00e9ria: at\u00e9<\/li>\n<\/ul>\n<h4>Avalia\u00e7\u00f5es<\/h4>\n<ul>\n<li> \/  \/  &#8211; Avalia\u00e7\u00e3o 01 (20 pontos)<\/li>\n<li> \/  \/  &#8211; Avalia\u00e7\u00e3o 02 (20 pontos)<\/li>\n<\/ul>\n<h4>Trabalhos em Equipe (apresenta\u00e7\u00e3o)<\/h4>\n<ul>\n<li><a href=\"IFTM\/Disciplinas\/Grau03\/APOO\/Trabalhos\/APOO_Trabalho_03_001_N1_Diagramas.pdf\" target=\"_Blank\" rel=\"noopener\">Trabalho 01<\/a> &#8211; Disponibilizado em 16\/08\/2023<\/li>\n<li>Cronograma de apresenta\u00e7\u00e3o<\/li>\n<ul>\n<li>13 \/ 09 \/ 2023 &#8211; Equipe (Eden e Marco Ant\u00ba) &#8211; Assuntos: 3 e 4<\/li>\n<li>15 \/ 09 \/ 2023 &#8211; Equipe (Lucas, Samara e Pedro) &#8211; Assuntos: 5 e 6<\/li>\n<li>20 \/ 09 \/ 2023 &#8211; Equipe (Gabriel, Carlos Victor) &#8211; Assuntos: 7 e 8<\/li>\n<li>22 \/ 09 \/ 2023 &#8211; Equipe (Sarah e J\u00falia) &#8211; Assuntos: 9 e 10<\/li>\n<li>27 \/ 09 \/ 2023 &#8211; Equipe (Andr\u00e9, Iago e Ant\u00ba Carlos) &#8211; Assuntos: 11, 12 e 13<\/li>\n<\/ul>\n<p><!--li> 03 \/ 05 \/ 2023 - <a href=\"IFTM\/Disciplinas\/Grau03\/APOO\/Trabalhos\/APOO_Trabalho_01_001_N1_Interdiciplinar\" target=\"_Blank\" rel=\"noopener\">Trabalho Interdisciplinar 01 (5 pontos)<\/a> - Disponibilizado em 24\/04\/2023<\/li>\n\n\n \t\n\n<li><b>Grupos<\/b><\/li>\n\n\n\n\n<ol>\n \t\n\n<li>Elisabete, Felipe, Arthur<\/li>\n\n\n \t\n\n<li>Andr\u00e9, Hyan, Gustavo (PV), Diego (PV)<\/li>\n\n\n \t\n\n<li>Pedro, Renato, Cristian<\/li>\n\n\n<\/ol-->\n<li><a href=\"IFTM\/Disciplinas\/Grau03\/APOO\/Trabalhos\/APOO_Trabalho_04_001_N1_DesignPatterns.pdf\" target=\"_Blank\" rel=\"noopener\">Trabalho 02 &#8211; Design Patterns (30 pontos)<\/a> &#8211; Disponibilizado em 27\/04\/2023<\/li>\n<li><b>Equipes:<\/b><\/li>\n<ol>\n<li>16 \/ 10 \/ 2023 &#8211; Equipe (Andr\u00e9, Iago e Ant\u00ba Carlos)<\/li>\n<li>18 \/ 10 \/ 2023 &#8211; Equipe (Lucas, Samara e Pedro)<\/li>\n<li>23 \/ 10 \/ 2023 &#8211; Equipe (Sarah, J\u00falia, Eden e Marco Ant\u00ba)<\/li>\n<li>25 \/ 10 \/ 2023 &#8211; Equipe (Gabriel, Carlos Victor)<\/li>\n<\/ol>\n<p><!--li><a href=\"IFTM\/Disciplinas\/Grau03\/APOO\/Trabalhos\/APOO_Trabalho_06_N1_001_SCRUM.pdf\" target=\"_Blank\" rel=\"noopener\">Trabalho 03 - SCRUM (30 pontos)<\/a> - Disponibilizado em 05\/06\/2023 <span style=\"color: red\">(novo)<\/span><\/li>\n\n\n \t\n\n<li>Cronograma de apresenta\u00e7\u00e3o<\/li>\n\n\n\n\n<ul>\n \t\n\n<li>21 \/ 06 \/ 2023 - Apresentadores do dia: Hyan e Chistian - Cap\u00edtulos: 3 e 4<\/li>\n\n\n \t\n\n<li>26 \/ 06 \/ 2023 - Apresentadores do dia: Felipe e Elisabete - Cap\u00edtulos: 5 e 6<\/li>\n\n\n \t\n\n<li>28 \/ 06 \/ 2023 - Apresentadores do dia: Pedro e Renato - Cap\u00edtulos: 3 e 4<\/li>\n\n\n \t\n\n<li>03 \/ 07 \/ 2023 - Apresentador do dia: Arthur - Cap\u00edtulo: 9<\/li>\n\n\n \t\n\n<li> \/  \/ 2020 - <!--a href=\"\" target=\"_Blank\">Trabalho 02 (50 pontos)<\/a> - Disponibilizado em \/ \/2020<\/li>\n\n\n<\/ul>\n\n\n<!--li> \/  \/ 2020 - <!--a href=\"\" target=\"_Blank\">Trabalho 02 (50 pontos)<\/a> - Disponibilizado em \/ \/2020<\/li--><\/ul>\n<h4>Trabalhos Individuais (apresenta\u00e7\u00e3o)<\/h4>\n<ul>\n    <!--li> 28 \/ 08 \/ 2023 e 13 \/ 09 \/ 2023 - <a href=\"IFTM\/Disciplinas\/Grau03\/APOO\/Trabalhos\/APOO_Trabalho_01_001_N1_Interdiciplinar.pdf\" target=\"_Blank\" rel=\"noopener\">Trabalho Interdisciplinar 01 (5 pontos)<\/a> - Disponibilizado em 11\/08\/2023<\/li--><\/ul>\n<h4>Avalia\u00e7\u00e3o de Recupera\u00e7\u00e3o<\/h4>\n<ul>\n<li> \/  \/ &#8211; Avalia\u00e7\u00e3o 01 &#8211; 0 pontos<\/li>\n<\/ul>\n","protected":false},"excerpt":{"rendered":"<p>An\u00e1lise e Projeto Orientados a Objetos (APOO) Unidade 01 &#8211; Introdu\u00e7\u00e3o a UML Unidade 02 &#8211; Revis\u00e3o de POO Unidade 03 &#8211; Diagramas UML Unidade 04 &#8211; Diagrama de Casos de Uso Unidade 04 &#8211; Diagrama de Casos de Uso &#8211; Documento Unidade 05 &#8211; Diagrama de Classe Unidade 06 &#8211; Design Patterns Unidade 06&hellip;<\/p>\n","protected":false},"author":1,"featured_media":0,"parent":0,"menu_order":0,"comment_status":"closed","ping_status":"closed","template":"","meta":{"footnotes":""},"class_list":["post-280","page","type-page","status-publish","hentry"],"_links":{"self":[{"href":"https:\/\/esj.eti.br\/index.php?rest_route=\/wp\/v2\/pages\/280","targetHints":{"allow":["GET"]}}],"collection":[{"href":"https:\/\/esj.eti.br\/index.php?rest_route=\/wp\/v2\/pages"}],"about":[{"href":"https:\/\/esj.eti.br\/index.php?rest_route=\/wp\/v2\/types\/page"}],"author":[{"embeddable":true,"href":"https:\/\/esj.eti.br\/index.php?rest_route=\/wp\/v2\/users\/1"}],"replies":[{"embeddable":true,"href":"https:\/\/esj.eti.br\/index.php?rest_route=%2Fwp%2Fv2%2Fcomments&post=280"}],"version-history":[{"count":6,"href":"https:\/\/esj.eti.br\/index.php?rest_route=\/wp\/v2\/pages\/280\/revisions"}],"predecessor-version":[{"id":1022,"href":"https:\/\/esj.eti.br\/index.php?rest_route=\/wp\/v2\/pages\/280\/revisions\/1022"}],"wp:attachment":[{"href":"https:\/\/esj.eti.br\/index.php?rest_route=%2Fwp%2Fv2%2Fmedia&parent=280"}],"curies":[{"name":"wp","href":"https:\/\/api.w.org\/{rel}","templated":true}]}}