{"id":328,"date":"2018-05-25T16:51:05","date_gmt":"2018-05-25T19:51:05","guid":{"rendered":"http:\/\/esj.eti.br\/?page_id=328"},"modified":"2024-03-07T20:14:09","modified_gmt":"2024-03-07T23:14:09","slug":"coordenacao-do-curso","status":"publish","type":"page","link":"https:\/\/esj.eti.br\/?page_id=328","title":{"rendered":"Coordena\u00e7\u00e3o do Curso"},"content":{"rendered":"\n    <h4>Telefones do campus Paracatu<\/h4>\n<ul>\n    <li>Assist\u00eancia Social: <b>(38) 3365-0345<\/b><\/li>\n    <li>Biblioteca: <b>(38) 3365-0315<\/b><\/li>\n    <li>Coordena\u00e7\u00e3o: <b>(38) 3365-0313<\/b><\/li>\n    <li>NAP (N\u00facleo de Apoio Psicopedag\u00f3gico): <b>(38) 3365-0312<\/b><\/li>\n    <li>Recep\u00e7\u00e3o \/ Geral: <b>(38) 3365-0300<\/b><\/li>\n    <li>Secretaria: <b>(38) 3365-0328 \/ 0329<\/b><\/li>\n    <li>Coordena\u00e7\u00e3o de Est\u00e1gios: <b>(38) 3365-0340<\/b><\/li>\n<\/ul>\n\n<h4>E-mail&#8217;s \u00fateis do campus Paracatu<\/h4>\n<ul>\n    <li>Problemas, sugest\u00f5es, reclama\u00e7\u00f5es, marcar um hor\u00e1rio:<\/li>\n    <li>envie um e-mail para a Coordena\u00e7\u00e3o do Curso: <a href=\"mailto:ads.ptu@iftm.edu.br\">ads.ptu@iftm.edu.br<\/a><\/li>\n    <li>envie um e-mail para a marca\u00e7\u00e3o de hor\u00e1rio para entrega das Atividades Complementares: Prof. Josimar Viana Silva  <a href=\"mailto:ac.tads.ptu@iftm.edu.br\">ac.tads.ptu@iftm.edu.br<\/a><\/li>\n    <li>envie um e-mail para a marca\u00e7\u00e3o de hor\u00e1rio com o Professor Supervisor de Est\u00e1gios: Prof. Ernani Vin\u00edcius Damasceno  <a href=\"mailto:ernanivinicius@iftm.edu.br\">ernanivinicius@iftm.edu.br<\/a><\/li>\n    <li>envie um e-mail para a marca\u00e7\u00e3o de hor\u00e1rio com o Professor Supervisor de TCC: Prof. Edwar Saliba J\u00fanior  <a href=\"mailto:edwar@iftm.edu.br\">edwar@iftm.edu.br<\/a><\/li>\n<\/ul>\n\n\n<h4>Ajuste de Matr\u00edcula para 2\u00ba Semestre de 2022<\/h4>\n<ul>\n    <!-- li><a title=\"\" href=\"https:\/\/forms.gle\/DYUWpiJnHG55Uurx9\" target=\"_Blank\" rel=\"noopener\">Formul\u00e1rio para requerimento do ajuste<\/a><\/li -->\n    <li><a title=\"\" href=\"IFTM\/Coordenacao\/Semestres\/s_202202\/H_20220805_v02_ADS.pdf\" target=\"_Blank\" rel=\"noopener\">Hor\u00e1rios das Disciplinas do Curso de TADS<\/a><\/li>\n    <li><a title=\"\" href=\"IFTM\/Coordenacao\/DecretosResolucoes\/PPC\/TADS_PPC_2018_MapaDePreRequisitos.pdf\" target=\"_Blank\" rel=\"noopener\">Mapa de Pr\u00e9-requisitos das Disciplinas do Curso de TADS<\/a><\/li>\n    <!-- li><a title=\"\" href=\"https:\/\/youtu.be\/KTHLQgw6Zf8\" target=\"_Blank\" rel=\"noopener\">Videotutorial de como preparar o ajuste de matr\u00edcula<\/a><\/li -->\n    <!-- li><a title=\"\" href=\"https:\/\/youtu.be\/77GX1fDg_8o\" target=\"_Blank\" rel=\"noopener\">Videotutorial de se cadastrar numa disciplina do Google Classroom<\/a><\/li -->\n    <!-- li><a title=\"\" href=\"IFTM\/Coordenacao\/Semestres\/s_202002\/TADS_202002_CodigoDeAcessoAsDisciplinas.pdf\" target=\"_Blank\" rel=\"noopener\">TADS - Lista de C\u00f3digo de Acesso \u00e0s Disciplinas<\/a><\/li -->\n<\/ul>\n\n<h4>Monitoria &#8211; C\u00f3digo de Acesso as Salas no Google Classroom<\/h4>\n<ul>\n    <li><!-- a title=\"\" href=\"IFTM\/Coordenacao\/DocumentosMonitoria\/Monitoria_2020_SalasVirtuais_e_Contatos_SemTelefone.pdf\" target=\"_Blank\">Planilha de C\u00f3digos e Contatos<\/a --><\/li>\n<\/ul>\n\n<!-- h4>Todos os Cursos - Semestre 2020-02<\/h4>\n<ul>\n    <li>Hor\u00e1rio das Aulas - vers\u00e3o 01 - 04\/09\/2020\n        <ul>\n            <li><a title=\"\" href=\"IFTM\/Coordenacao\/Semestres\/s_202002\/Horario_202002_v01_20200904_PorTurmaSuperior.pdf\" target=\"_Blank\" rel=\"noopener\">Por Turma - Superior<\/a><\/li>\n            <li><a title=\"\" href=\"IFTM\/Coordenacao\/Semestres\/s_202002\/Horario_202002_v01_20200904_PorTurmaConcomitante.pdf\" target=\"_Blank\" rel=\"noopener\">Por Turma - Concomitante<\/a><\/li>\n        <\/ul>\n    <\/li>\n    <li>Hor\u00e1rio das Aulas - vers\u00e3o 02 - 09\/09\/2020\n        <ul>\n            <li><a title=\"\" href=\"IFTM\/Coordenacao\/Semestres\/s_202002\/Horario_202002_v02_20200909_PorTurmaTADS.pdf\" target=\"_Blank\" rel=\"noopener\">Por Turma - TADS<\/a><\/li>\n            <li><a title=\"\" href=\"IFTM\/Coordenacao\/Semestres\/s_202002\/Horario_202002_v02_20200909_PorTurmaCenid.pdf\" target=\"_Blank\" rel=\"noopener\">Por Turma - Cenid<\/a><\/li>\n            <li><a title=\"\" href=\"IFTM\/Coordenacao\/Semestres\/s_202002\/Horario_202002_v02_20200909_PorTurmaSuperior.pdf\" target=\"_Blank\" rel=\"noopener\">Por Turma - Superior<\/a><\/li>\n            <li><a title=\"\" href=\"IFTM\/Coordenacao\/Semestres\/s_202002\/Horario_202002_v02_20200909_PorTurmaConcomitante.pdf\" target=\"_Blank\" rel=\"noopener\">Por Turma - Concomitante<\/a><\/li>\n        <\/ul>\n    <\/li>\n    <li>Hor\u00e1rio das Aulas - vers\u00e3o 02 - 21\/09\/2020\n        <ul>\n            <li><a title=\"\" href=\"IFTM\/Coordenacao\/Semestres\/s_202002\/Horario_202002_v03_20200921_PorTurmaCenid.pdf\" target=\"_Blank\" rel=\"noopener\">Por Turma - Cenid<\/a><\/li>\n            <li><a title=\"\" href=\"IFTM\/Coordenacao\/Semestres\/s_202002\/Horario_202002_v03_20200921_PorTurmaSuperior.pdf\" target=\"_Blank\" rel=\"noopener\">Por Turma - Superior<\/a><\/li>\n            <li><a title=\"\" href=\"IFTM\/Coordenacao\/Semestres\/s_202002\/Horario_202002_v03_20200921_PorTurmaConcomitante.pdf\" target=\"_Blank\" rel=\"noopener\">Por Turma - Concomitante<\/a><\/li>\n        <\/ul>\n    <\/li>\n<\/ul -->\n\n<h4>Pandemia COVID-19 &#8211; Aulas a Dist\u00e2ncia &#8211; Google Classroom<\/h4>\n<ul>\n    <li><a title=\"\" href=\"IFTM\/Coordenacao\/Pandemia\/TADS_202201_CodigoDeAcessoAsDisciplinas.pdf\" target=\"_Blank\" rel=\"noopener\">Planilha de C\u00f3digos de acesso \u00e0s disciplinas<\/a><\/li>\n    <li><a href=\"IFTM\/Coordenacao\/Pandemia\/Tutorial_GoogleClassroom_Aluno_Superior.pdf\" target=\"_Blank\" rel=\"noopener\">Tutorial de Acesso \u00e0s Disciplinas &#8211; Cursos Superiores<\/a><\/li>\n    <!-- li><a href=\"IFTM\/Coordenacao\/Pandemia\/Tutorial_GoogleClassroom_Aluno_Tecnico.pdf\" target=\"_Blank\" rel=\"noopener\">Tutorial de Acesso \u00e0s Disciplinas - Cursos T\u00e9cnicos<\/a><\/li -->\n    <li><a title=\"\" href=\"http:\/\/iftmparacatu.com\/tecnologia-em-analise-e-desenvolvimento-de-sistemas\/\" target=\"_Blank\" rel=\"noopener\">Site do curso &#8211; e-mail dos Professores<\/a><\/li>\n<\/ul>\n\n<h4>Normas do IFTM &#8211; campus Paracatu<\/h4>\n<ul>\n    <li><a href=\"IFTM\/Coordenacao\/DecretosResolucoes\/AcessoRedeIFTM\/ManualDeAcessoAsRedesDoIFTM.pdf\" target=\"_Blank\" rel=\"noopener\">Manual de acesso \u00e0s redes de computadores do campus<\/a><\/li>\n<\/ul>\n\n<h4>Requerimento de Prova de Profici\u00eancia<\/h4>\n<ul>\n    <li>Data limite:  02 \/ 09 \/ 2022<\/li>\n<\/ul>\n\n<h4>Aproveitamento de Estudo \/ Disciplinas<\/h4>\n<ul>\n    <li>Data limite: 02 \/ 09 \/ 2022<\/li>\n    <li><a title=\"\" href=\"IFTM\/Coordenacao\/AproveitamentoDeEstudo\/RequerimentoDeAproveitamentoDeEstudo.docx\" target=\"_Blank\" rel=\"noopener\">Formul\u00e1rio para solicita\u00e7\u00e3o.<\/a><\/li>\n<\/ul>\n\n<h4>Trancamento de Matr\u00edcula<\/h4>\n<ul>\n    <li>Data limite: 02 \/ 09 \/ 2022<\/li>\n<\/ul>\n\n<h4>Desist\u00eancia de Disciplinas (desmatricular)<\/h4>\n<ul>\n    <li>Data limite: 02 \/ 09 \/ 2022<\/li>\n<\/ul>\n\n<h4>Calend\u00e1rio Escolar<\/h4>\n<ul>\n    <li><a title=\"\" href=\"https:\/\/iftm.edu.br\/paracatu\/calendario_academico\/\" target=\"_Blank\" rel=\"noopener\">Calend\u00e1rios de cursos anuais e semestrais.<\/a><\/li>\n<\/ul>\n\n<h4>Cola\u00e7\u00e3o de Grau &#8211; como solicitar?<\/h4>\n<ul>\n    <li>O aluno dever\u00e1 fazer dois procedimentos:<\/li>\n    <ol>\n        <li>solicita\u00e7\u00e3o de cola\u00e7\u00e3o de grau por requerimento diretamente \u00e0 secretaria do curso, para tanto o estudante deve:<\/li>\n        <ol>\n            <li>preencher o <b>Requerimento Para Cola\u00e7\u00e3o de Grau<\/b> &#8211; caso sua cola\u00e7\u00e3o seja normal<\/li>\n            <li>ou preencher o <b>Requerimento Para Cola\u00e7\u00e3o de Grau em Gabinete<\/b> &#8211; caso sua cola\u00e7\u00e3o tenha que ser urgente. \u00c9 necess\u00e1rio anexar documento v\u00e1lido que justifique a urg\u00eancia;<\/li>\n            <li>e o <b>Recibo<\/b> n\u00e3o precisa ser preenchido;<\/li>\n            <li>os tr\u00eas documentos acima se encontram neste link para <a title=\"\" href=\"IFTM\/Coordenacao\/DocumentosFormandos\/RequerimentoColacaoDeGrau.pdf\" target=\"_Blank\" rel=\"noopener\">download<\/a>;<\/li>\n            <li>ap\u00f3s o preenchimento, o documento deve ser escaneado e gerado um arquivo PDF bem n\u00edtido;<\/li>\n            <li>o arquivo PDF dever\u00e1 ser enviado, atrav\u00e9s do e-mail acad\u00eamico do estudante, para o e-mail da secretaria: <b>crca.ptu@iftm.edu.br<\/b><\/li>\n        <\/ol>\n\n        <li>a solicita\u00e7\u00e3o tamb\u00e9m dever\u00e1 ser feita via: <\/li>\n        <ol>\n            <li><a href=\"https:\/\/virtualif.iftm.edu.br\/\" target=\"_Blank\" rel=\"noopener\">IFTM &#8211; Virtual IF<\/a><\/li>\n            <li>m\u00f3dulo &#8220;Estudante&#8221;<\/li>\n            <li>menu &#8220;Secretaria &#8211; CRCA&#8221;<\/li>\n            <li>op\u00e7\u00e3o &#8220;Fomul\u00e1rios e Requerimentos&#8221;<\/li>\n            <li>documento &#8220;Requerimento para Cola\u00e7\u00e3o de Grau Coletiva&#8221; &#8211; para cola\u00e7\u00e3o normal ou<\/li>\n            <li>documento &#8220;Requerimento para Cola\u00e7\u00e3o de Grau Individual (Especial)&#8221; &#8211; para cola\u00e7\u00e3o em gabinete.<\/li>\n        <\/ol>\n    <\/ol>\n<\/ul>\n\n<h4>Atividades Complementares (AC)<\/h4>\n<ul>\n    <li>Professor respons\u00e1vel: Josimar Viana Silva<\/li>\n    <li>Orienta\u00e7\u00f5es para entrega de AC&#8217;s:<\/li>\n    <ol>\n        <li>o aluno dever\u00e1 ler as resolu\u00e7\u00f5es que tratam das AC&#8217;s (<a href=\"IFTM\/Coordenacao\/DecretosResolucoes\/AtividadesComplementares\/Resolucao_2021_n151_AtividadesComplementares.pdf\" target=\"_Blank\" rel=\"noopener\">Resolu\u00e7\u00e3o IFTM n\u00ba151 de 30 de Junho de 2021<\/a> e <a href=\"IFTM\/Coordenacao\/DecretosResolucoes\/AtividadesComplementares\/Resolucao_2023_n315_AtividadesComplementares.pdf\" target=\"_Blank\" rel=\"noopener\">Resolu\u00e7\u00e3o IFTM n\u00ba315 de 09 de Mar\u00e7o de 2023<\/a>),<\/li>\n        <li>o aluno dever\u00e1 juntar consigo os certificados e documentos v\u00e1lidos como AC,<\/li>\n        <li>o aluno dever\u00e1 assistir ao v\u00eddeo explicativo das AC&#8217;s e de como preencher a planilha de c\u00e1lculo (<a href=\"https:\/\/drive.google.com\/file\/d\/1Z4gzJWb9BT9EiQAfdBfAEGPnZvsCOzEo\/view?usp=sharing\" target=\"_Blank\" rel=\"noopener\">v\u00eddeo<\/a>),<\/li>\n        <li>o aluno dever\u00e1 fazer o download da planilha de c\u00e1lculo de horas v\u00e1lidas (<a href=\"https:\/\/drive.google.com\/file\/d\/15tJOZUaAvSqot8elfG4-Z7tRUcSaFkYV\/view\" target=\"_Blank\" rel=\"noopener\">planilha de c\u00e1lculo<\/a>),<\/li>\n        <li>o aluno dever\u00e1 fazer o lan\u00e7amento dos certificados na planilha, conforme orientado no v\u00eddeo explicativo,<\/li>\n        <li>ao completar as horas necess\u00e1rias, ent\u00e3o o aluno dever\u00e1 enviar toda a documenta\u00e7\u00e3o seguindo as orienta\u00e7\u00f5es explicadas no v\u00eddeo acima, para o e-mail: <a href=\"mailto:ac.tads.ptu@iftm.edu.br\">ac.tads.ptu@iftm.edu.br<\/a><\/li>\n    <\/ol>\n    <li>Para facilitar o preenchimento do <b>Anexo II<\/b>, voc\u00ea pode usar uma das planilhas a seguir:<\/li>\n    <ol>\n        <li>AnexoII.ods &#8211; para LibreOffice &#8211; Calc (<a href=\"IFTM\/Coordenacao\/DecretosResolucoes\/AtividadesComplementares\/AnexoII.ods\" target=\"_Blank\" rel=\"noopener\">download<\/a>),<\/li>\n        <li>AnexoII.xlsx &#8211; para Microsoft Office &#8211; Excel (<a href=\"IFTM\/Coordenacao\/DecretosResolucoes\/AtividadesComplementares\/AnexoII.xlsx\" target=\"_Blank\" rel=\"noopener\">download<\/a>),<\/li>\n    <\/ol>\n    <li>Nas planilhas acima podem ser inseridas quantas linhas forem necess\u00e1rias, desde que o padr\u00e3o da planilha seja respeitado. Para a entrega dever\u00e1 ser gerado um arquivo PDF.<\/li>\n<\/ul>\n\n<h4>Trabalho de Conclus\u00e3o de Curso (TCC)<\/h4>\n<ul>\n    <li>O primeiro passo \u00e9 definir um tema para o seu trabalho, juntamente com o seu Professor orientador.<\/li>\n    <li>As regras de formata\u00e7\u00e3o do TCC se encontram nas resolu\u00e7\u00f5es a seguir, que devem ser lidas pelo estudante:<\/li>\n    <ol>\n        <li><a title=\"\" href=\"IFTM\/Coordenacao\/DecretosResolucoes\/TCC\/Resolucao_2012_n06_ManualDoTCC.pdf\" target=\"_Blank\" rel=\"noopener\">Resolu\u00e7\u00e3o N\u00ba06\/2012 de 09 de Mar\u00e7o de 2012 &#8211; Manual para Normatiza\u00e7\u00e3o de TCC<\/a><\/li>\n        <li><a title=\"\" href=\"IFTM\/Coordenacao\/DecretosResolucoes\/TCC\/Resolucao_2016_n32_Altera_2012_n06_AlteracaoManualDoTCC.pdf\" target=\"_Blank\" rel=\"noopener\">Resolu\u00e7\u00e3o \u201cAd Referendum\u201d N\u00ba32\/2016 de 15 de Julho de 2016 &#8211; Altera\u00e7\u00e3o do Manual para Normatiza\u00e7\u00e3o de TCC<\/a><\/li>\n        <li><a title=\"\" href=\"IFTM\/Coordenacao\/DecretosResolucoes\/TCC\/Resolucao_2016_n39_Aprova_2016_n32_AlteracaoManualDoTCC.pdf\" target=\"_Blank\" rel=\"noopener\">Resolu\u00e7\u00e3o N\u00ba39\/2016 de 05 de Setembro de 2016 &#8211; Aprova\u00e7\u00e3o da Altera\u00e7\u00e3o do Manual para Normatiza\u00e7\u00e3o de TCC<\/a><\/li>\n        <li>Observa\u00e7\u00e3o: a capa requerida pela Resolu\u00e7\u00e3o n\u00ba39\/2016 (linha acima) n\u00e3o \u00e9 encontrada no munic\u00edpio de Paracatu. Assim sendo, adotou-se o uso da capa tradicional, usadas pelas faculdades e universidades do Brasil, para a encaderna\u00e7\u00e3o do TCC (capa dura preta, verde ou azul com escrita dourada).<\/li>\n    <\/ol>\n    <li>Os pap\u00e9is de cada pessoa interessada no desenvolvimento do TCC at\u00e9 a sua avalia\u00e7\u00e3o se encontram nas resolu\u00e7\u00f5es a seguir, que tamb\u00e9m devem ser lidas pelo estudante:<\/li>\n    <ol>\n        <li><a title=\"\" href=\"IFTM\/Coordenacao\/DecretosResolucoes\/TCC\/Resolucao_2012_n05_RegulamentoDoTCC.pdf\" target=\"_Blank\" rel=\"noopener\">Resolu\u00e7\u00e3o N\u00ba05\/2012 de 09 de Mar\u00e7o de 2012 &#8211; Regulamento para Elabora\u00e7\u00e3o de TCC<\/a><\/li>\n        <li><a title=\"\" href=\"IFTM\/Coordenacao\/DecretosResolucoes\/TCC\/Resolucao_2016_n33_Altera_2012_n05_AlteracaoRegulamentoDoTCC.pdf\" target=\"_Blank\" rel=\"noopener\">Resolu\u00e7\u00e3o \u201cAd Referendum\u201d N\u00ba33\/2016 de 15 de Julho de 2016 &#8211; Altera\u00e7\u00e3o do Regulamento para Elabora\u00e7\u00e3o de TCC<\/a><\/li>\n        <li><a title=\"\" href=\"IFTM\/Coordenacao\/DecretosResolucoes\/TCC\/Resolucao_2016_n40_Aprova_2016_n33_AlteracaoRegulamentoDoTCC.pdf\" target=\"_Blank\" rel=\"noopener\">Resolu\u00e7\u00e3o N\u00ba40\/2016 de 05 de Setembro de 2016 &#8211; Aprova\u00e7\u00e3o da Altera\u00e7\u00e3o do Regulamento para Elabora\u00e7\u00e3o de TCC<\/a><\/li>\n    <\/ol>\n<\/ul>\n\n<h4>Documenta\u00e7\u00e3o para Viagem<\/h4>\n<ul>\n    <li>C\u00f3pia do Comprovante de Endere\u00e7o (data recente)<\/li>\n    <li>C\u00f3pia do C.P.F.<\/li>\n    <li>C\u00f3pia da Identidade<\/li>\n    <li>C\u00f3pia do Cart\u00e3o da Conta Banc\u00e1ria<\/li>\n    <li><em>Se menor de idade:<\/em>\n        <ul>\n            <li><a title=\"\" href=\"IFTM\/Coordenacao\/DocumentacaoViagem\/AutorizacaoDeViagemParaDiscenteMenorDeIdade.pdf\" target=\"_Blank\" rel=\"noopener\">Autoriza\u00e7\u00e3o de Viagem para Discentes Menores de Idade<\/a> (Este documento \u00e9 um PDF edit\u00e1vel. Basta clicar no campo desejado e digitar o conte\u00fado necess\u00e1rio. Contudo, n\u00e3o \u00e9 poss\u00edvel salvar o arquivo. Mas \u00e9 poss\u00edvel salvar uma c\u00f3pia com outro nome de arquivo.)<\/li>\n        <\/ul>\n    <\/li>\n    <li><a title=\"\" href=\"IFTM\/Coordenacao\/DocumentacaoViagem\/RelatorioDeViagem_Aluno.pdf\" target=\"_Blank\" rel=\"noopener\">Ap\u00f3s a Viagem &#8211; Preencher o Relat\u00f3rio<\/a> (Este documento \u00e9 um PDF edit\u00e1vel. Basta clicar no campo desejado e digitar o conte\u00fado necess\u00e1rio. Contudo, n\u00e3o \u00e9 poss\u00edvel salvar o arquivo. Mas \u00e9 poss\u00edvel salvar uma c\u00f3pia com outro nome de arquivo.)<\/li>\n<\/ul>\n\n<h4>Est\u00e1gio<\/h4>\n<ul>\n    <li>E-mail do Coordenador de Est\u00e1gios &#8211; Sr. Fagner Silva de Mesquita: <a href=\"mailto:estagio.egressos.pct@iftm.edu.br\">estagio.egressos.pct@iftm.edu.br<\/a><\/li>\n    <li>Telefone: (38)3365-0340<\/li>\n    <li>Local: campus do IFTM &#8211; sala da coordena\u00e7\u00e3o de est\u00e1gios<\/li>\n    <li>Hor\u00e1rios de atendimento &#8211; encontra-se disponibilizado na porta da sala da coordena\u00e7\u00e3o de est\u00e1gios.<\/li>\n\n    <li>Documentos para Est\u00e1gio\n        <ul>\n            <li><a href=\"http:\/\/www.iftm.edu.br\/paracatu\/estagio\/formularios\/\" target=\"_Blank\" rel=\"noopener\">Formul\u00e1rios<\/a><\/li>\n        <\/ul>\n    <\/li>\n<\/ul>\n\n<h4>Legisla\u00e7\u00e3o<\/h4>\n<ul>\n    <li><b>Abono de Faltas<\/b>\n        <ul>\n            <li><a href=\"http:\/\/portal.mec.gov.br\/index.php?option=com_content&amp;view=article&amp;id=14384:perguntas-frequentes-sobre-educacao-superior&amp;catid=127&amp;Itemid=230\" target=\"_blank\" rel=\"noopener\">MEC &#8211; Curso Superior<\/a> (na p\u00e1gina, procure por &#8220;abono de faltas&#8221; ou &#8220;frequ\u00eancia&#8221;)<\/li>\n            <li><a href=\"http:\/\/www.planalto.gov.br\/ccivil_03\/Leis\/L4375.htm\" target=\"_Blank\" rel=\"noopener\">Servi\u00e7o Militar<\/a><\/li>\n        <\/ul>\n    <\/li>\n<\/ul>\n\n<h4>Projeto Pedag\u00f3gico do Curso (PPC)<\/h4>\n<ul>\n    <li><a href=\"IFTM\/Coordenacao\/DecretosResolucoes\/PPC\/TADS_PPC_2022.pdf\" target=\"_Blank\" rel=\"noopener\">Projeto Pedag\u00f3gico &#8211; grade curricular de 2022<\/a><\/li>\n    <li><a href=\"IFTM\/Coordenacao\/DecretosResolucoes\/PPC\/TADS_PPC_2018.pdf\" target=\"_Blank\" rel=\"noopener\">Projeto Pedag\u00f3gico &#8211; grade curricular de 2018<\/a><\/li>\n    <li><a href=\"IFTM\/Coordenacao\/DecretosResolucoes\/PPC\/TADS_PPC_2011.pdf\" target=\"_Blank\" rel=\"noopener\">Projeto Pedag\u00f3gico &#8211; grade curricular de 2011<\/a><\/li>\n<\/ul>\n\n<h4>Organiza\u00e7\u00e3o Did\u00e1tico-pedag\u00f3gica<\/h4>\n<ul>\n    <li><a href=\"IFTM\/Coordenacao\/DecretosResolucoes\/OrganizacaoDidaticoPedagogica\/Resolucao_2020_48.pdf\" target=\"_Blank\" rel=\"noopener\">Resolu\u00e7\u00e3o 48\/2020 de 20 de Maio de 2020<\/a><\/li>\n    <li><a href=\"IFTM\/Coordenacao\/DecretosResolucoes\/OrganizacaoDidaticoPedagogica\/Resolucao_2019_78.pdf\" target=\"_Blank\" rel=\"noopener\">Resolu\u00e7\u00e3o 78\/2019 de 25 de Novembro de 2019<\/a><\/li>\n    <li><a href=\"IFTM\/Coordenacao\/DecretosResolucoes\/OrganizacaoDidaticoPedagogica\/Resolucao_2014_72.pdf\" target=\"_Blank\" rel=\"noopener\">Resolu\u00e7\u00e3o 72\/2014 de 01 de Dezembro de 2014<\/a><\/li>\n<\/ul>\n\n","protected":false},"excerpt":{"rendered":"<p>Telefones do campus Paracatu Assist\u00eancia Social: (38) 3365-0345 Biblioteca: (38) 3365-0315 Coordena\u00e7\u00e3o: (38) 3365-0313 NAP (N\u00facleo de Apoio Psicopedag\u00f3gico): (38) 3365-0312 Recep\u00e7\u00e3o \/ Geral: (38) 3365-0300 Secretaria: (38) 3365-0328 \/ 0329 Coordena\u00e7\u00e3o de Est\u00e1gios: (38) 3365-0340 E-mail&#8217;s \u00fateis do campus Paracatu Problemas, sugest\u00f5es, reclama\u00e7\u00f5es, marcar um hor\u00e1rio: envie um e-mail para a Coordena\u00e7\u00e3o do Curso:&hellip;<\/p>\n","protected":false},"author":1,"featured_media":0,"parent":0,"menu_order":0,"comment_status":"closed","ping_status":"closed","template":"","meta":{"footnotes":""},"class_list":["post-328","page","type-page","status-publish","hentry"],"_links":{"self":[{"href":"https:\/\/esj.eti.br\/index.php?rest_route=\/wp\/v2\/pages\/328","targetHints":{"allow":["GET"]}}],"collection":[{"href":"https:\/\/esj.eti.br\/index.php?rest_route=\/wp\/v2\/pages"}],"about":[{"href":"https:\/\/esj.eti.br\/index.php?rest_route=\/wp\/v2\/types\/page"}],"author":[{"embeddable":true,"href":"https:\/\/esj.eti.br\/index.php?rest_route=\/wp\/v2\/users\/1"}],"replies":[{"embeddable":true,"href":"https:\/\/esj.eti.br\/index.php?rest_route=%2Fwp%2Fv2%2Fcomments&post=328"}],"version-history":[{"count":126,"href":"https:\/\/esj.eti.br\/index.php?rest_route=\/wp\/v2\/pages\/328\/revisions"}],"predecessor-version":[{"id":1087,"href":"https:\/\/esj.eti.br\/index.php?rest_route=\/wp\/v2\/pages\/328\/revisions\/1087"}],"wp:attachment":[{"href":"https:\/\/esj.eti.br\/index.php?rest_route=%2Fwp%2Fv2%2Fmedia&parent=328"}],"curies":[{"name":"wp","href":"https:\/\/api.w.org\/{rel}","templated":true}]}}