{"id":466,"date":"2018-12-26T17:12:41","date_gmt":"2018-12-26T20:12:41","guid":{"rendered":"http:\/\/esj.eti.br\/?page_id=466"},"modified":"2019-07-02T17:03:03","modified_gmt":"2019-07-02T20:03:03","slug":"iftm-2o-grau-jp-disciplina-rc","status":"publish","type":"page","link":"https:\/\/esj.eti.br\/?page_id=466","title":{"rendered":"IFTM \u2013 2\u00ba Grau \u2013 JP \u2013 Disciplina RC"},"content":{"rendered":"<h4>Redes de Computadores (RC)<\/h4>\n<ul>\n<li><a href=\"IFTM\/Disciplinas\/Grau02\/RC\/RC_Unidade_01.pdf\" title=\"\" target=\"_Blank\" rel=\"noopener noreferrer\">Unidade 01 &#8211; Conceitos B\u00e1sicos de Redes<\/a><\/li>\n<li><a href=\"IFTM\/Disciplinas\/Grau02\/RC\/RC_Unidade_02.pdf\" title=\"\" target=\"_Blank\" rel=\"noopener noreferrer\">Unidade 02 &#8211; Modelos de Refer\u00eancia<\/a><\/li>\n<li><a href=\"IFTM\/Disciplinas\/Grau02\/RC\/RC_Unidade_03.pdf\" title=\"\" target=\"_Blank\" rel=\"noopener noreferrer\">Unidade 03 &#8211; Modelo TCP\/IP<\/a><\/li>\n<li><a href=\"IFTM\/Disciplinas\/Grau02\/RC\/RC_Unidade_04.pdf\" title=\"\" target=\"_Blank\" rel=\"noopener noreferrer\">Unidade 04 &#8211; Vis\u00e3o Geral de Protocolos<\/a><\/li>\n<li><a href=\"IFTM\/Disciplinas\/Grau02\/RC\/RC_Unidade_05.pdf\" title=\"\" target=\"_Blank\" rel=\"noopener noreferrer\">Unidade 05 &#8211; Endere\u00e7amento IP<\/a><\/li>\n<li><a href=\"IFTM\/Disciplinas\/Grau02\/RC\/RC_Unidade_06_A.pdf\" title=\"\" target=\"_Blank\" rel=\"noopener noreferrer\">Unidade 06 &#8211; A &#8211; \u00c1lgebra Booleana<\/a><\/li>\n<li><a href=\"IFTM\/Disciplinas\/Grau02\/RC\/RC_Unidade_06_B.pdf\" title=\"\" target=\"_Blank\" rel=\"noopener noreferrer\">Unidade 06 &#8211; B &#8211; O Processamento AND<\/a><\/li>\n<li><a href=\"https:\/\/www.youtube.com\/watch?v=lJaK2KV_TbU&amp;t=2s\" title=\"\" target=\"_Blank\" rel=\"noopener noreferrer\">Unidade 07 &#8211; Cisco Packet Tracer &#8211; Introdu\u00e7\u00e3o<\/a><\/li>\n<li><a href=\"https:\/\/www.youtube.com\/watch?v=An6Jyb_xg1c\" title=\"\" target=\"_Blank\" rel=\"noopener noreferrer\">Unidade 07 &#8211; Cisco Packet Tracer &#8211; Criando uma rede Ponto a Ponto<\/a><\/li>\n<li><a href=\"https:\/\/www.youtube.com\/watch?v=llEAeSC1cbs\" title=\"\" target=\"_Blank\" rel=\"noopener noreferrer\">Unidade 07 &#8211; Cisco Packet Tracer &#8211; Criando uma rede com Hub&#8217;s<\/a><\/li>\n<li><a href=\"https:\/\/www.youtube.com\/watch?v=EJm4N8JcWEs\" title=\"\" target=\"_Blank\" rel=\"noopener noreferrer\">Unidade 07 &#8211; Cisco Packet Tracer &#8211; Criando uma rede com Switch&#8217;s<\/a><\/li>\n<li><a href=\"https:\/\/www.youtube.com\/watch?v=uRAoAcC92h0\" title=\"\" target=\"_Blank\" rel=\"noopener noreferrer\">Unidade 07 &#8211; Cisco Packet Tracer &#8211; Criando uma rede Wireless<\/a><\/li>\n<li><a href=\"https:\/\/www.youtube.com\/watch?v=L0As92vjUNk\" title=\"\" target=\"_Blank\" rel=\"noopener noreferrer\">Unidade 07 &#8211; Cisco Packet Tracer &#8211; Criando uma rede com Roteadores e Fibra \u00d3ptica<\/a><\/li>\n<li><a href=\"https:\/\/www.youtube.com\/watch?v=_ELlIS6UN10\" title=\"\" target=\"_Blank\" rel=\"noopener noreferrer\">Unidade 07 &#8211; Cisco Packet Tracer &#8211; Configurando o Servi\u00e7o DHCP<\/a><\/li>\n<li><a href=\"https:\/\/www.youtube.com\/watch?v=ZU_YcVJO-Sc\" title=\"\" target=\"_Blank\" rel=\"noopener noreferrer\">Unidade 07 &#8211; Cisco Packet Tracer &#8211; Configurando o Servi\u00e7o DNS<\/a><\/li>\n<li><a href=\"https:\/\/www.youtube.com\/watch?v=pW73hSCCUrE\" title=\"\" target=\"_Blank\" rel=\"noopener noreferrer\">Unidade 07 &#8211; Cisco Packet Tracer &#8211; Configurando o Servi\u00e7o HTTP<\/a><\/li>\n<li><a href=\"https:\/\/www.youtube.com\/watch?v=VCyuWAlgiOA\" title=\"\" target=\"_Blank\" rel=\"noopener noreferrer\">Unidade 07 &#8211; Cisco Packet Tracer &#8211; Configurando Servi\u00e7os: HTTP, DNS e DHCP<\/a><\/li>\n<li><a href=\"IFTM\/Disciplinas\/Grau02\/RC\/RC_Unidade_08.pdf\" title=\"\" target=\"_Blank\" rel=\"noopener noreferrer\">Unidade 08 &#8211; Vis\u00e3o Geral de Equipamentos de Rede<\/a><\/li>\n<li><a href=\"IFTM\/Disciplinas\/Grau02\/RC\/RC_Unidade_09.pdf\" title=\"\" target=\"_Blank\" rel=\"noopener noreferrer\">Unidade 09 &#8211; Vis\u00e3o Geral de Meios de Transmiss\u00e3o<\/a><\/li>\n<\/ul>\n<h4>Exerc\u00edcios<\/h4>\n<ul>\n<li><a href=\"IFTM\/Disciplinas\/Grau02\/RC\/Exercicios\/RC_Lista_01.pdf\" title=\"\" target=\"_Blank\" rel=\"noopener noreferrer\">Lista 01<\/a><\/li>\n<li><a href=\"IFTM\/Disciplinas\/Grau02\/RC\/Exercicios\/RC_Lista_02.pdf\" title=\"\" target=\"_Blank\" rel=\"noopener noreferrer\">Lista 02<\/a><\/li>\n<li><a href=\"IFTM\/Disciplinas\/Grau02\/RC\/Exercicios\/RC_Lista_03.pdf\" title=\"\" target=\"_Blank\" rel=\"noopener noreferrer\">Lista 03<\/a><\/li>\n<li><a href=\"IFTM\/Disciplinas\/Grau02\/RC\/Exercicios\/RC_Lista_04.pdf\" title=\"\" target=\"_Blank\" rel=\"noopener noreferrer\">Lista 04<\/a><\/li>\n<li><a href=\"IFTM\/Disciplinas\/Grau02\/RC\/Exercicios\/RC_Lista_05.pdf\" title=\"\" target=\"_Blank\" rel=\"noopener noreferrer\">Lista 05<\/a><\/li>\n<li><a href=\"IFTM\/Disciplinas\/Grau02\/RC\/Exercicios\/RC_Lista_06.pdf\" title=\"\" target=\"_Blank\" rel=\"noopener noreferrer\">Lista 06<\/a><\/li>\n<li><a href=\"IFTM\/Disciplinas\/Grau02\/RC\/Exercicios\/RC_Lista_07.pdf\" title=\"\" target=\"_Blank\" rel=\"noopener noreferrer\">Lista 07<\/a><\/li>\n<li><a href=\"IFTM\/Disciplinas\/Grau02\/RC\/Exercicios\/RC_Lista_08.pdf\" title=\"\" target=\"_Blank\" rel=\"noopener noreferrer\">Lista 08<\/a><\/li>\n<\/ul>\n<h4>Trabalhos<\/h4>\n<ul>\n<li>15 \/ 03 \/ 2019 &#8211; <a href=\"IFTM\/Disciplinas\/Grau02\/RC\/Trabalhos\/RC_Apresentacao_01.pdf\" title=\"\" target=\"_Blank\" rel=\"noopener noreferrer\">Apresenta\u00e7\u00e3o 01<\/a> (15 pontos)<\/li>\n<li>27 \/ 06 \/ 2019 &#8211; <a href=\"IFTM\/Disciplinas\/Grau02\/RC\/Trabalhos\/RC_Apresentacao_02.pdf\" title=\"\" target=\"_Blank\" rel=\"noopener noreferrer\">Apresenta\u00e7\u00e3o 02<\/a> (15 pontos)<\/li>\n<\/ul>\n<h4>Exerc\u00edcios Valorado<\/h4>\n<ul>\n<li>08 \/ 03 \/ 2019 &#8211; Exerc\u00edcio 01 &#8211; 15 pontos<\/li>\n<li>17 \/ 05 \/ 2019 &#8211; Exerc\u00edcio 02 &#8211; 15 pontos<\/li>\n<\/ul>\n<h4>Avalia\u00e7\u00f5es<\/h4>\n<ul>\n<li>26 \/ 04 \/ 2019 &#8211; Avalia\u00e7\u00e3o 01 &#8211; 20 pontos<\/li>\n<li>14 \/ 06 \/ 2019 &#8211; Avalia\u00e7\u00e3o 02 &#8211; 20 pontos<\/li>\n<\/ul>\n<h4>Avalia\u00e7\u00e3o de Recupera\u00e7\u00e3o<\/h4>\n<ul>\n<li>31 \/ 05 \/ 2019 &#8211; Avalia\u00e7\u00e3o 01 &#8211; 35 pontos (mat\u00e9ria: at\u00e9 Unidade 06 &#8211; B)<\/li>\n<li>04 \/ 07 \/ 2019 &#8211; Avalia\u00e7\u00e3o 02 &#8211; 35 pontos (mat\u00e9ria: toda!)<\/li>\n<\/ul>\n","protected":false},"excerpt":{"rendered":"<p>Redes de Computadores (RC) Unidade 01 &#8211; Conceitos B\u00e1sicos de Redes Unidade 02 &#8211; Modelos de Refer\u00eancia Unidade 03 &#8211; Modelo TCP\/IP Unidade 04 &#8211; Vis\u00e3o Geral de Protocolos Unidade 05 &#8211; Endere\u00e7amento IP Unidade 06 &#8211; A &#8211; \u00c1lgebra Booleana Unidade 06 &#8211; B &#8211; O Processamento AND Unidade 07 &#8211; Cisco Packet Tracer&hellip;<\/p>\n","protected":false},"author":1,"featured_media":0,"parent":0,"menu_order":0,"comment_status":"closed","ping_status":"closed","template":"","meta":{"footnotes":""},"class_list":["post-466","page","type-page","status-publish","hentry"],"_links":{"self":[{"href":"https:\/\/esj.eti.br\/index.php?rest_route=\/wp\/v2\/pages\/466","targetHints":{"allow":["GET"]}}],"collection":[{"href":"https:\/\/esj.eti.br\/index.php?rest_route=\/wp\/v2\/pages"}],"about":[{"href":"https:\/\/esj.eti.br\/index.php?rest_route=\/wp\/v2\/types\/page"}],"author":[{"embeddable":true,"href":"https:\/\/esj.eti.br\/index.php?rest_route=\/wp\/v2\/users\/1"}],"replies":[{"embeddable":true,"href":"https:\/\/esj.eti.br\/index.php?rest_route=%2Fwp%2Fv2%2Fcomments&post=466"}],"version-history":[{"count":27,"href":"https:\/\/esj.eti.br\/index.php?rest_route=\/wp\/v2\/pages\/466\/revisions"}],"predecessor-version":[{"id":558,"href":"https:\/\/esj.eti.br\/index.php?rest_route=\/wp\/v2\/pages\/466\/revisions\/558"}],"wp:attachment":[{"href":"https:\/\/esj.eti.br\/index.php?rest_route=%2Fwp%2Fv2%2Fmedia&parent=466"}],"curies":[{"name":"wp","href":"https:\/\/api.w.org\/{rel}","templated":true}]}}