{"id":55,"date":"2017-06-27T20:24:02","date_gmt":"2017-06-27T23:24:02","guid":{"rendered":"http:\/\/esj.eti.br\/?page_id=55"},"modified":"2018-05-25T17:09:23","modified_gmt":"2018-05-25T20:09:23","slug":"cefet-mg","status":"publish","type":"page","link":"https:\/\/esj.eti.br\/?page_id=55","title":{"rendered":"CEFET &#8211; MG &#8211; 3\u00ba Grau"},"content":{"rendered":"<h4>Aos meus ex e atuais alunos<\/h4>\n<p>Car\u00edssimos alunos, estou me desligando do CEFET-MG.\u00a0O motivo do meu desligamento \u00e9 que fui aprovado num concurso que fiz para professor no Instituto Federal do Tri\u00e2ngulo Mineiro (IFTM).<br \/>\nAssim sendo, tive que optar por morar em outro munic\u00edpio distante de BH e consequentemente largar todos os compromissos que eu tinha na cidade.<br \/>\nDesejo a todos voc\u00eas muito sucesso em tudo que pleitearem na vida!<br \/>\nDeixo meu contato (<em>e-mail<\/em>\u00a0na p\u00e1gina principal do\u00a0<em>site<\/em>) dispon\u00edvel a todos voc\u00eas, como sempre esteve!<br \/>\nEm rela\u00e7\u00e3o aos trabalhos, provas e o semestre que ficou pendente devido a greve, n\u00e3o se preocupem! Mas n\u00e3o deixem de fazer os trabalhos e estudar, pois, o professor que me substituir\u00e1 provavelmente dever\u00e1 dar continuidade ao que j\u00e1 foi feito. Quando, no DECOM, j\u00e1 tiverem a defini\u00e7\u00e3o de quem ser\u00e1 o novo professor, entrarei em contato com o mesmo para posicionar-lhe a respeito do andamento de todas as turmas que eu estava lecionando.<\/p>\n<p>Obs.: Caber\u00e1 ao novo professor tomar o rumo que achar mais conveniente ao aprendizado das turmas, adotando ou n\u00e3o, ao seu crit\u00e9rio, os trabalhos que est\u00e3o sendo desenvolvidos.<\/p>\n<p>Qualquer d\u00favida, me coloco a disposi\u00e7\u00e3o.<\/p>\n<p>Um forte abra\u00e7o a todos,<\/p>\n<p>Edwar Saliba Jr.<\/p>\n<p>&#8220;Embora ningu\u00e9m possa voltar atr\u00e1s e fazer um novo come\u00e7o, qualquer um pode come\u00e7ar agora e fazer um novo fim.&#8221;<br \/>\n(Chico Xavier)<\/p>\n<h4>SOBRE A GREVE DOS PROFESSORES:<\/h4>\n<p>Car\u00edssimos alunos, conforme not\u00edcia publicada no site do CEFET-MG, o calend\u00e1rio escolar para os cursos T\u00e9cnico e Superior foi suspenso a partir de 23\/05\/2012 (Fonte:<a title=\"\" href=\"http:\/\/www.cefetmg.br\/noticias\/2012\/05\/noticia0035.html\" target=\"_Blank\">http:\/\/www.cefetmg.br\/noticias\/2012\/05\/noticia0035.html<\/a>\u00a0Acesso em: 22 maio 2012). Assim sendo, nossas aulas de PC1 e PC2 est\u00e3o supensas at\u00e9 segunda ordem.<\/p>\n<p>ATEN\u00c7\u00c3O: OS PRAZOS PARA ENTREGA DOS TRABALHOS E AS DATAS DAS AVALIA\u00c7\u00d5ES PASSAM A SER OS SEGUINTES,<\/p>\n<p>&#8211; TRABALHOS : A PRIMEIRA AULA DE LABORAT\u00d3RIO COM A TURMA;<br \/>\n&#8211; AVALIA\u00c7\u00d5ES: A PRIMEIRA AULA TE\u00d3RICA COM A TURMA.<\/p>\n<p>Qualquer d\u00favida, entre em contato.<\/p>\n<p>Edwar Saliba Jr.<\/p>\n<p>=====================================================================================<\/p>\n<h4>Programa\u00e7\u00e3o de Computadores I<\/h4>\n<p>=====================================================================================<\/p>\n<p>Datas (Teoria):<\/p>\n<p>ENGENHARIA EL\u00c9TRICA<\/p>\n<ul>\n<li>03\/04\/2012 &#8211; Avalia\u00e7\u00e3o 01<\/li>\n<li>22\/05\/2012 &#8211; Avalia\u00e7\u00e3o 02<\/li>\n<\/ul>\n<p>Datas (Laborat\u00f3rio):<\/p>\n<p>ENGENHARIA EL\u00c9TRICA<\/p>\n<ul>\n<li>26\/04\/2012 &#8211; Trabalho 01<\/li>\n<li>31\/05\/2012 &#8211; Trabalho 02<\/li>\n<\/ul>\n<p>Aulas (Teoria):<\/p>\n<ul>\n<li><a title=\"\" href=\"CEFETMG\/Disciplinas\/PC1\/PC1_Unidade_00.pdf\" target=\"_Blank\">Unidade 00 &#8211; Apresenta\u00e7\u00e3o da Disciplina<\/a><\/li>\n<li><a title=\"\" href=\"CEFETMG\/Disciplinas\/PC1\/PC1_Unidade_01.pdf\" target=\"_Blank\">Unidade 01 &#8211; Conceitos B\u00e1sicos de Programa\u00e7\u00e3o<\/a><\/li>\n<li><a title=\"\" href=\"CEFETMG\/Disciplinas\/PC1\/PC1_Unidade_02.pdf\" target=\"_Blank\">Unidade 02 &#8211; Sistemas de Numera\u00e7\u00e3o<\/a><\/li>\n<li><a title=\"\" href=\"CEFETMG\/Disciplinas\/PC1\/PC1_Unidade_03.pdf\" target=\"_Blank\">Unidade 03 &#8211; Ling. C: Vari\u00e1veis, Tipos de Dados, Comandos e Est. Linear<\/a><\/li>\n<li><a title=\"\" href=\"CEFETMG\/Disciplinas\/PC1\/PC1_Unidade_04.pdf\" target=\"_Blank\">Unidade 04 &#8211; Estrutura Condicional<\/a><\/li>\n<li><a title=\"\" href=\"CEFETMG\/Disciplinas\/PC1\/PC1_Unidade_05.pdf\" target=\"_Blank\">Unidade 05 &#8211; Estrutura de Exclus\u00e3o M\u00faltipla<\/a><\/li>\n<li><a title=\"\" href=\"CEFETMG\/Disciplinas\/PC1\/PC1_Unidade_06.pdf\" target=\"_Blank\">Unidade 06 &#8211; Estruturas de Repeti\u00e7\u00e3o<\/a><\/li>\n<li><a title=\"\" href=\"CEFETMG\/Disciplinas\/PC1\/PC1_Unidade_07.pdf\" target=\"_Blank\">Unidade 07 &#8211; Sub-rotina<\/a><\/li>\n<li><a title=\"\" href=\"CEFETMG\/Disciplinas\/PC1\/PC1_Unidade_08.pdf\" target=\"_Blank\">Unidade 08 &#8211; Vetor<\/a><\/li>\n<li><a title=\"\" href=\"CEFETMG\/Disciplinas\/PC1\/PC1_Unidade_09.pdf\" target=\"_Blank\">Unidade 09 &#8211; Matriz<\/a><\/li>\n<li><a title=\"\" href=\"CEFETMG\/Disciplinas\/PC1\/PC1_Unidade_10.pdf\" target=\"_Blank\">Unidade 10 &#8211; Strings<\/a><\/li>\n<li><a title=\"\" href=\"CEFETMG\/Disciplinas\/PC1\/PC1_Unidade_11.pdf\" target=\"_Blank\">Unidade 11 &#8211; Struct<\/a><\/li>\n<li><a title=\"\" href=\"CEFETMG\/Disciplinas\/PC1\/PC1_Unidade_12.pdf\" target=\"_Blank\">Unidade 12 &#8211; Arquivos<\/a><\/li>\n<li><a title=\"\" href=\"CEFETMG\/Disciplinas\/PC1\/PC1_Unidade_12_ExemploGravacaoArquivoBinario.pdf\" target=\"_Blank\">Unidade 12 &#8211; Arquivos &#8211; Exemplo Grava\u00e7\u00e3o Arquivo Bin\u00e1rio<\/a><\/li>\n<li><a title=\"\" href=\"CEFETMG\/Disciplinas\/PC1\/PC1_Unidade_12_ExemploLeituraArquivoBinario.pdf\" target=\"_Blank\">Unidade 12 &#8211; Arquivos &#8211; Exemplo Leitura Arquivo Bin\u00e1rio<\/a><\/li>\n<li><a title=\"\" href=\"CEFETMG\/Disciplinas\/PC1\/PC1_Unidade_13.pdf\" target=\"_Blank\">Unidade 13 &#8211; Ponteiros<\/a><\/li>\n<\/ul>\n<p>Trabalhos (Teoria):<\/p>\n<ul>\n<li><a title=\"\" href=\"CEFETMG\/Disciplinas\/PC1\/TrabalhosTeoria\/PC1_Trabalho_LocadoraVeiculos_N1_M01.pdf\" target=\"_Blank\">Locadora de Ve\u00edculos<\/a>(21\/05\/2012)<\/li>\n<\/ul>\n<p>Exerc\u00edcios (Teoria):<\/p>\n<p>&gt;Aulas (Laborat\u00f3rio):<\/p>\n<p>Code Blocks 10.05 &#8211; Ambiente Gratuito de Program\u00e7\u00e3o em C\/C++:<\/p>\n<ul>\n<li><a title=\"\" href=\"http:\/\/prdownload.berlios.de\/codeblocks\/codeblocks-10.05mingw-setup.exe\" target=\"_Blank\">Download<\/a><\/li>\n<\/ul>\n<ul>\n<li><a title=\"\" href=\"CEFETMG\/Disciplinas\/PC1\/Lab\/PC1_Exercicios_00.pdf\" target=\"_Blank\">Exerc\u00edcio 01 &#8211; Conhecendo a IDE Code::Blocks (PDF)<\/a><\/li>\n<li><a title=\"\" href=\"CEFETMG\/Disciplinas\/PC1\/Lab\/PC1_Exercicios_01.pdf\" target=\"_Blank\">Exerc\u00edcio 02 &#8211; Exerc\u00edcios de Estrutura Sequencial<\/a><\/li>\n<li><a title=\"\" href=\"CEFETMG\/Disciplinas\/PC1\/Lab\/PC1_Exercicios_02.pdf\" target=\"_Blank\">Exerc\u00edcio 03 &#8211; Exerc\u00edcios de Estrutura Condicional<\/a><\/li>\n<li><a title=\"\" href=\"CEFETMG\/Disciplinas\/PC1\/Lab\/PC1_Exercicios_03.pdf\" target=\"_Blank\">Exerc\u00edcio 04 &#8211; Exerc\u00edcios de Estrutura de Exclus\u00e3o M\u00faltipla<\/a><\/li>\n<li><a title=\"\" href=\"CEFETMG\/Disciplinas\/PC1\/Lab\/PC1_Exercicios_04.pdf\" target=\"_Blank\">Exerc\u00edcio 05 &#8211; Estruturas de Repeti\u00e7\u00e3o<\/a><\/li>\n<li><a title=\"\" href=\"CEFETMG\/Disciplinas\/PC1\/Lab\/PC1_Exercicios_05.pdf\" target=\"_Blank\">Exerc\u00edcio 06 &#8211; Sub-rotinas<\/a><\/li>\n<li><a title=\"\" href=\"CEFETMG\/Disciplinas\/PC1\/Lab\/PC1_Exercicios_06.pdf\" target=\"_Blank\">Exerc\u00edcio 07 &#8211; Registros, Vetores e Matrizes<\/a><\/li>\n<li><a title=\"\" href=\"CEFETMG\/Disciplinas\/PC1\/Lab\/PC1_Exercicios_07.pdf\" target=\"_Blank\">Exerc\u00edcio 08 &#8211; Manipula\u00e7\u00e3o de Strings<\/a><\/li>\n<li><a title=\"\" href=\"CEFETMG\/Disciplinas\/PC1\/Lab\/PC1_Exercicios_08.pdf\" target=\"_Blank\">Exerc\u00edcio 08 &#8211; Ponteiros<\/a><\/li>\n<li><a title=\"\" href=\"CEFETMG\/Disciplinas\/PC1\/Lab\/PC1_Exercicios_09.pdf\" target=\"_Blank\">Exerc\u00edcio 09 &#8211; Arquivos<\/a><\/li>\n<\/ul>\n<p>Exerc\u00edcios (Laborat\u00f3rio):<\/p>\n<p>ENGENHARIA EL\u00c9TRICA<\/p>\n<ul>\n<li><a title=\"\" href=\"CEFETMG\/Disciplinas\/PC1\/Trabalhos\/PC1_TrabalhoAeroporto_Fase_I.pdf\" target=\"_Blank\">Trabalho 01<\/a><\/li>\n<li><a title=\"\" href=\"CEFETMG\/Disciplinas\/PC1\/Trabalhos\/PC1_TrabalhoAeroporto_Fase_II.pdf\" target=\"_Blank\">Trabalho 02<\/a><\/li>\n<\/ul>\n<p>&nbsp;<\/p>\n<p>=====================================================================================<\/p>\n<h4>Programa\u00e7\u00e3o de Computadores II<\/h4>\n<p>=====================================================================================<\/p>\n<p>Hor\u00e1rio de Monitoria<\/p>\n<ul>\n<li><a title=\"\" href=\"CEFETMG\/Disciplinas\/PC2\/Monitoria\/horario_monitoria_pc2_201201.pdf\" target=\"_Blank\">1o. semestre de 2012<\/a><\/li>\n<\/ul>\n<p>&#8212;&#8212;&#8212;&#8212;&#8212;&#8212;&#8212;&#8212;&#8212;&#8212;&#8212;&#8212;&#8212;&#8212;&#8212;&#8212;&#8212;&#8212;&#8212;&#8212;&#8212;&#8212;&#8212;&#8212;&#8212;&#8212;&#8212;&#8212;-<\/p>\n<p>IDE Netbeans (<a title=\"\" href=\"http:\/\/www.oracle.com\/technetwork\/java\/javase\/downloads\/jdk-7-netbeans-download-432126.html\" target=\"_Blank\">download<\/a>)<\/p>\n<p>&#8212;&#8212;&#8212;&#8212;&#8212;&#8212;&#8212;&#8212;&#8212;&#8212;&#8212;&#8212;&#8212;&#8212;&#8212;&#8212;&#8212;&#8212;&#8212;&#8212;&#8212;&#8212;&#8212;&#8212;&#8212;&#8212;&#8212;&#8212;-<\/p>\n<p>Datas (Teoria):<\/p>\n<p>ENGENHARIA DE MATERIAIS<\/p>\n<ul>\n<li>26\/03\/2012 &#8211; Avalia\u00e7\u00e3o 01<\/li>\n<li>14\/05\/2012 &#8211; Avalia\u00e7\u00e3o 02<\/li>\n<\/ul>\n<p>ADMINISTRA\u00c7\u00c3O<\/p>\n<ul>\n<li>14\/04\/2012 &#8211; Avalia\u00e7\u00e3o 01<\/li>\n<li>02\/06\/2012 &#8211; Avalia\u00e7\u00e3o 02 (Mudan\u00e7a de data solicitada pela turma.)<\/li>\n<\/ul>\n<p>Datas (Laborat\u00f3rio):<\/p>\n<p>ENGENHARIA DE MATERIAIS<\/p>\n<ul>\n<li>26\/04\/2012 &#8211; Trabalho 01<\/li>\n<li>31\/05\/2012 &#8211; Trabalho 02<\/li>\n<\/ul>\n<p>ADMINISTRA\u00c7\u00c3O<\/p>\n<ul>\n<li>05\/05\/2012 &#8211; Trabalho 01<\/li>\n<li>02\/06\/2012 &#8211; Trabalho 02<\/li>\n<\/ul>\n<p>Aulas (Teoria):<\/p>\n<ul>\n<li><a title=\"\" href=\"CEFETMG\/Disciplinas\/PC2\/PC2_Unidade_00.pdf\" target=\"_Blank\">Unidade 00 &#8211; Apresenta\u00e7\u00e3o da Disciplina<\/a><\/li>\n<li><a title=\"\" href=\"CEFETMG\/Disciplinas\/PC2\/PC2_Unidade_01.pdf\" target=\"_Blank\">Unidade 01 &#8211; Introdu\u00e7\u00e3o a Orienta\u00e7\u00e3o a Objetos<\/a><\/li>\n<li><a title=\"\" href=\"CEFETMG\/Disciplinas\/PC2\/PC2_Unidade_02.pdf\" target=\"_Blank\">Unidade 02 &#8211; Conceitos de Programa\u00e7\u00e3o Orientada a Objetos<\/a><\/li>\n<li><a title=\"\" href=\"CEFETMG\/Disciplinas\/PC2\/PC2_Unidade_03.pdf\" target=\"_Blank\">Unidade 03 &#8211; Introdu\u00e7\u00e3o a Linguagem Java<\/a><\/li>\n<li><a title=\"\" href=\"CEFETMG\/Disciplinas\/PC2\/PC2_Unidade_04.pdf\" target=\"_Blank\">Unidade 04 &#8211; Sem\u00e2ntica de Refer\u00eancia &#8211; Vetores e Matrizes<\/a><\/li>\n<li><a title=\"\" href=\"CEFETMG\/Disciplinas\/PC2\/PC2_Unidade_05.pdf\" target=\"_Blank\">Unidade 05 &#8211; Passagem de Par\u00e2metros e Associa\u00e7\u00e3o entre Objetos<\/a><\/li>\n<li><a title=\"\" href=\"CEFETMG\/Disciplinas\/PC2\/PC2_Unidade_06.pdf\" target=\"_Blank\">Unidade 06 &#8211; Associa\u00e7\u00e3o de Objetos<\/a><\/li>\n<li><a title=\"\" href=\"CEFETMG\/Disciplinas\/PC2\/PC2_Unidade_07.pdf\" target=\"_Blank\">Unidade 07 &#8211; Heran\u00e7a<\/a><\/li>\n<li><a title=\"\" href=\"CEFETMG\/Disciplinas\/PC2\/PC2_Unidade_07_ExemploHeranca_01.pdf\" target=\"_Blank\">Unidade 07 &#8211; Heran\u00e7a &#8211; Exemplo 01<\/a><\/li>\n<li><a title=\"\" href=\"CEFETMG\/Disciplinas\/PC2\/PC2_Unidade_07_ExemploHeranca_02.pdf\" target=\"_Blank\">Unidade 07 &#8211; Heran\u00e7a &#8211; Exemplo 02<\/a><\/li>\n<li><a title=\"\" href=\"CEFETMG\/Disciplinas\/PC2\/PC2_Unidade_08.pdf\" target=\"_Blank\">Unidade 08 &#8211; Collections<\/a><\/li>\n<li><a title=\"\" href=\"CEFETMG\/Disciplinas\/PC2\/PC2_Unidade_08_ExemploArranjos.pdf\" target=\"_Blank\">Unidade 08 &#8211; Collections &#8211; Exemplo de Arranjos<\/a><\/li>\n<li><a title=\"\" href=\"CEFETMG\/Disciplinas\/PC2\/PC2_Unidade_08_ExemploArrayList.pdf\" target=\"_Blank\">Unidade 08 &#8211; Collections &#8211; Exemplo de ArrayList<\/a><\/li>\n<li><a title=\"\" href=\"CEFETMG\/Disciplinas\/PC2\/PC2_Unidade_08_ExemploConjuntos.pdf\" target=\"_Blank\">Unidade 08 &#8211; Collections &#8211; Exemplo de HashSet<\/a><\/li>\n<li><a title=\"\" href=\"CEFETMG\/Disciplinas\/PC2\/PC2_Unidade_08_ExemploHashMap.pdf\" target=\"_Blank\">Unidade 08 &#8211; Collections &#8211; Exemplo de HashMap<\/a><\/li>\n<li><a title=\"\" href=\"CEFETMG\/Disciplinas\/PC2\/PC2_Unidade_08_ExemploPilha.pdf\" target=\"_Blank\">Unidade 08 &#8211; Collections &#8211; Exemplo de Stack<\/a><\/li>\n<li><a title=\"\" href=\"CEFETMG\/Disciplinas\/PC2\/PC2_Unidade_09.pdf\" target=\"_Blank\">Unidade 09 &#8211; Polimorfismo<\/a><\/li>\n<li><a title=\"\" href=\"CEFETMG\/Disciplinas\/PC2\/PC2_Unidade_10.pdf\" target=\"_Blank\">Unidade 10 &#8211; Tratamento de Exce\u00e7\u00f5es<\/a><\/li>\n<li><a title=\"\" href=\"CEFETMG\/Disciplinas\/PC2\/PC2_Unidade_10_ExemploTratamentoDeExcecoes.pdf\" target=\"_Blank\">Unidade 10 &#8211; Tratamento de Exce\u00e7\u00f5es &#8211; Exemplo<\/a><\/li>\n<\/ul>\n<p>Exerc\u00edcios (Teoria):<\/p>\n<p>Aulas (Laborat\u00f3rio):<\/p>\n<p>ATEN\u00c7\u00c3O: Foi colocado no item de menu &#8220;Apostilas \/ Tutoriais&#8221; um pequeno tutorial explicando como utilizar as classes Date e Calendar da linguagem Java.<\/p>\n<ul>\n<li><a title=\"\" href=\"http:\/\/www.oracle.com\/technetwork\/java\/javase\/downloads\/jdk-netbeans-jsp-142931.html\" target=\"_Blank\">IDE NetBeans &#8211; download<\/a><\/li>\n<li><a title=\"\" href=\"CEFETMG\/Disciplinas\/PC2\/Lab\/PC2_Lab001_TutorialNetBeansConhecendoaIDE.pdf\" target=\"_Blank\">Exerc\u00edcio 01 &#8211; Conhecendo a IDE NetBeans<\/a><\/li>\n<li><a title=\"\" href=\"CEFETMG\/Disciplinas\/PC2\/Lab\/PC2_Lab002_DicasDeComandosEmJava.pdf\" target=\"_Blank\">Exerc\u00edcio 02 &#8211; Dicas de Comandos em Java<\/a><\/li>\n<li><a title=\"\" href=\"CEFETMG\/Disciplinas\/PC2\/Lab\/PC2_Lab003_POO_Pratica_01.pdf\" target=\"_Blank\">Exerc\u00edcio 03 &#8211; POO Pr\u00e1tica 01<\/a><\/li>\n<li><a title=\"\" href=\"CEFETMG\/Disciplinas\/PC2\/Lab\/PC2_Lab005_POO_Pratica_02.pdf\" target=\"_Blank\">Exerc\u00edcio 03 &#8211; POO Pr\u00e1tica 02<\/a><\/li>\n<li><a title=\"\" href=\"CEFETMG\/Disciplinas\/PC2\/Lab\/PC2_Lab004_POO_ExemploGerenciamentoDeClientes.pdf\" target=\"_Blank\">Exerc\u00edcio 04 &#8211; Exemplo de Gerenciamento de Clientes<\/a><\/li>\n<li><a title=\"\" href=\"CEFETMG\/Disciplinas\/PC2\/Lab\/PC2_Lab005_POO_Pratica_02.pdf\" target=\"_Blank\">Exerc\u00edcio 05 &#8211; Exerc\u00edcios com Vetores e Matrizes<\/a><\/li>\n<li><a title=\"\" href=\"CEFETMG\/Disciplinas\/PC2\/Lab\/PC2_Lab006_POO_Pratica_03.pdf\" target=\"_Blank\">Exerc\u00edcio 06 &#8211; Heran\u00e7a e Composi\u00e7\u00e3o<\/a><\/li>\n<li><a title=\"\" href=\"CEFETMG\/Disciplinas\/PC2\/Lab\/PC2_Lab007_POO_Pratica_04.pdf\" target=\"_Blank\">Exerc\u00edcio 07 &#8211; Collections (ArrayList)<\/a><\/li>\n<\/ul>\n<ul>\n<li><a title=\"\" href=\"CEFETMG\/Disciplinas\/PC2\/Lab\/Trabalhos\/Teste123.rar\" target=\"_Blank\">Exemplo de Passagem de Par\u00e2metros entre Classes<\/a><\/li>\n<\/ul>\n<p>Exerc\u00edcios (Laborat\u00f3rio):<\/p>\n<p>ENGENHARIA DE MATERIAIS<\/p>\n<ul>\n<li><a title=\"\" href=\"CEFETMG\/Disciplinas\/PC2\/Lab\/Trabalhos\/PC2_Trabalho_Estacionamento_03_001_N1.pdf\" target=\"_Blank\">Trabalho 01<\/a><\/li>\n<li><a title=\"\" href=\"CEFETMG\/Disciplinas\/PC2\/Lab\/Trabalhos\/PC2_Trabalho_Estacionamento_03_002_N1.pdf\" target=\"_Blank\">Trabalho 02<\/a><\/li>\n<\/ul>\n<p>ADMINISTRA\u00c7\u00c3O<\/p>\n<ul>\n<li><a title=\"\" href=\"CEFETMG\/Disciplinas\/PC2\/Lab\/Trabalhos\/PC2_Trabalho_Locadora_04_001_N1.pdf\" target=\"_Blank\">Trabalho 01<\/a><\/li>\n<li><a title=\"\" href=\"CEFETMG\/Disciplinas\/PC2\/Lab\/Trabalhos\/PC2_Trabalho_Locadora_04_002_N1.pdf\" target=\"_Blank\">Trabalho 02<\/a><\/li>\n<\/ul>\n","protected":false},"excerpt":{"rendered":"<p>Aos meus ex e atuais alunos Car\u00edssimos alunos, estou me desligando do CEFET-MG.\u00a0O motivo do meu desligamento \u00e9 que fui aprovado num concurso que fiz para professor no Instituto Federal do Tri\u00e2ngulo Mineiro (IFTM). Assim sendo, tive que optar por morar em outro munic\u00edpio distante de BH e consequentemente largar todos os compromissos que eu&hellip;<\/p>\n","protected":false},"author":1,"featured_media":0,"parent":0,"menu_order":0,"comment_status":"closed","ping_status":"closed","template":"","meta":{"footnotes":""},"class_list":["post-55","page","type-page","status-publish","hentry"],"_links":{"self":[{"href":"https:\/\/esj.eti.br\/index.php?rest_route=\/wp\/v2\/pages\/55","targetHints":{"allow":["GET"]}}],"collection":[{"href":"https:\/\/esj.eti.br\/index.php?rest_route=\/wp\/v2\/pages"}],"about":[{"href":"https:\/\/esj.eti.br\/index.php?rest_route=\/wp\/v2\/types\/page"}],"author":[{"embeddable":true,"href":"https:\/\/esj.eti.br\/index.php?rest_route=\/wp\/v2\/users\/1"}],"replies":[{"embeddable":true,"href":"https:\/\/esj.eti.br\/index.php?rest_route=%2Fwp%2Fv2%2Fcomments&post=55"}],"version-history":[{"count":9,"href":"https:\/\/esj.eti.br\/index.php?rest_route=\/wp\/v2\/pages\/55\/revisions"}],"predecessor-version":[{"id":336,"href":"https:\/\/esj.eti.br\/index.php?rest_route=\/wp\/v2\/pages\/55\/revisions\/336"}],"wp:attachment":[{"href":"https:\/\/esj.eti.br\/index.php?rest_route=%2Fwp%2Fv2%2Fmedia&parent=55"}],"curies":[{"name":"wp","href":"https:\/\/api.w.org\/{rel}","templated":true}]}}