{"id":56,"date":"2017-06-27T20:24:02","date_gmt":"2017-06-27T23:24:02","guid":{"rendered":"http:\/\/esj.eti.br\/?page_id=56"},"modified":"2020-04-03T23:41:13","modified_gmt":"2020-04-04T02:41:13","slug":"faculdade-pitagoras","status":"publish","type":"page","link":"https:\/\/esj.eti.br\/?page_id=56","title":{"rendered":"Faculdade Pit\u00e1goras"},"content":{"rendered":"<h4>Aos meus ex e atuais alunos<\/h4>\n<p>Car\u00edssimos alunos, estou me desligando do Pit\u00e1goras. O motivo do meu desligamento \u00e9 que fui aprovado num concurso que fiz para professor no Instituto Federal do Tri\u00e2ngulo Mineiro (IFTM).<\/p>\n<p>Assim sendo, tive que optar por morar em outro munic\u00edpio distante de BH e consequentemente largar todos os compromissos que eu tinha na cidade.<\/p>\n<p>Desejo a todos voc\u00eas muito sucesso em tudo que pleitearem na vida!<\/p>\n<p>Deixo meu contato (<em>e-mail<\/em>\u00a0na p\u00e1gina principal do\u00a0<em>site<\/em>) dispon\u00edvel a todos voc\u00eas, como sempre esteve!<\/p>\n<p>Qualquer d\u00favida, me coloco a disposi\u00e7\u00e3o.<\/p>\n<p>Um forte abra\u00e7o a todos,<\/p>\n<p>Edwar Saliba Jr.<\/p>\n<p>&#8220;Embora ningu\u00e9m possa voltar atr\u00e1s e fazer um novo come\u00e7o, qualquer um pode come\u00e7ar agora e fazer um novo fim.&#8221;<\/p>\n<p>(Chico Xavier)<\/p>\n<hr \/>\n<h4>Calculadora de Notas<\/h4>\n<p><a title=\"\" href=\"Pitagoras_CalculaNota.html\" target=\"_Blank\" rel=\"noopener noreferrer\">CalculaNota<\/a> ajuda voc\u00ea a calcular sua nota.<\/p>\n<h4>Algoritmos e Linguagens de Programa\u00e7\u00e3o (ALP)<\/h4>\n<p>Slides das Aulas<\/p>\n<ul>\n<li><a href=\"INED\/ALP\/ALP_Unidade_01.pdf\" target=\"_Blank\" rel=\"noopener noreferrer\">Unidade 01\u00a0\u00a0\u00a0\u00a0 &#8211; Conceitos B\u00e1sicos<\/a><\/li>\n<li><a href=\"INED\/ALP\/ALP_Unidade_02_001.pdf\" target=\"_Blank\" rel=\"noopener noreferrer\">Unidade 02\/001 &#8211; \u00c1lgebra Boolean<\/a><\/li>\n<li><a href=\"INED\/ALP\/ALP_Unidade_02_002.pdf\" target=\"_Blank\" rel=\"noopener noreferrer\">Unidade 02\/002 &#8211; Tipos de Dados, Vari\u00e1veis, Express\u00f5es L\u00f3gicas e Aritm\u00e9ticas<\/a><\/li>\n<li><a title=\"\" href=\"INED\/ALP\/ALP_Unidade_03_001.pdf\" target=\"_Blank\" rel=\"noopener noreferrer\">Unidade 03\/001 &#8211; Algoritmos em Pseudoc\u00f3digo<\/a><\/li>\n<li><a title=\"\" href=\"INED\/ALP\/ALP_Unidade_03_002.pdf\" target=\"_Blank\" rel=\"noopener noreferrer\">Unidade 03\/002 &#8211; Estrutura Condicional SE<\/a><\/li>\n<li><a title=\"\" href=\"INED\/ALP\/ALP_Unidade_03_003.pdf\" target=\"_Blank\" rel=\"noopener noreferrer\">Unidade 03\/003 &#8211; Estrutura Condicional CASE<\/a><\/li>\n<li><a title=\"\" href=\"INED\/ALP\/ALP_Unidade_04.pdf\" target=\"_Blank\" rel=\"noopener noreferrer\">Unidade 04\u00a0\u00a0\u00a0\u00a0 &#8211; Estruturas de Repeti\u00e7\u00e3o<\/a><\/li>\n<li><a title=\"\" href=\"INED\/ALP\/ALP_Unidade_05_001.pdf\" target=\"_Blank\" rel=\"noopener noreferrer\">Unidade 05\/001 &#8211; Estruturas ou Registros<\/a><\/li>\n<li><a title=\"\" href=\"INED\/ALP\/ALP_Unidade_05_002.pdf\" target=\"_Blank\" rel=\"noopener noreferrer\">Unidade 05\/002 &#8211; Vetor<\/a><\/li>\n<li><a title=\"\" href=\"INED\/ALP\/ALP_Unidade_06.pdf\" target=\"_Blank\" rel=\"noopener noreferrer\">Unidade 06\u00a0\u00a0\u00a0\u00a0 &#8211; Matriz<\/a><\/li>\n<li><a title=\"\" href=\"INED\/ALP\/ALP_Unidade_07.pdf\" target=\"_Blank\" rel=\"noopener noreferrer\">Unidade 07\u00a0\u00a0\u00a0\u00a0 &#8211; Sub-rotinas<\/a><\/li>\n<\/ul>\n<h5>Listas de Exerc\u00edcios<\/h5>\n<ul>\n<li><a title=\"\" href=\"INED\/ALP\/ExerciciosDepuracao\/ALP_Exercicios_02_Condicional_Depuracao.pdf\" target=\"_Blank\" rel=\"noopener noreferrer\">Exerc\u00edcios de Depura\u00e7\u00e3o &#8211; Estrutura Condicional<\/a><\/li>\n<li><a title=\"\" href=\"INED\/ALP\/ExerciciosDepuracao\/ALP_Exercicios_03_ExclusaoMultipla_Depuracao.pdf\" target=\"_Blank\" rel=\"noopener noreferrer\">Exerc\u00edcios de Depura\u00e7\u00e3o &#8211; Estrutura de Exclus\u00e3o M\u00faltipla<\/a><\/li>\n<li><a title=\"\" href=\"INED\/ALP\/ExerciciosDepuracao\/ALP_Exercicios_04_Repeticao_Depuracao.pdf\" target=\"_Blank\" rel=\"noopener noreferrer\">Exerc\u00edcios de Depura\u00e7\u00e3o &#8211; Estruturas de Repeti\u00e7\u00e3o<\/a><\/li>\n<li><a title=\"\" href=\"INED\/ALP\/ExerciciosDepuracao\/ALP_Exercicios_02_Extra.pdf\" target=\"_Blank\" rel=\"noopener noreferrer\">Exerc\u00edcios de Depura\u00e7\u00e3o &#8211; Lista Extra<\/a><\/li>\n<\/ul>\n<ul>\n<li><a title=\"\" href=\"INED\/ALP\/Exercicios\/ALP_Exercicios_04_Repeticao1.pdf\" target=\"_Blank\" rel=\"noopener noreferrer\">Estruturas de Repeti\u00e7\u00e3o &#8211; 1<\/a><\/li>\n<li><a title=\"\" href=\"INED\/ALP\/Exercicios\/ALP_Exercicios_04_Repeticao2.pdf\" target=\"_Blank\" rel=\"noopener noreferrer\">Estruturas de Repeti\u00e7\u00e3o &#8211; 2<\/a><\/li>\n<li><a title=\"\" href=\"INED\/ALP\/Exercicios\/ALP_Exercicios_05_VetoresMatrizes_B.pdf\" target=\"_Blank\" rel=\"noopener noreferrer\">Vetores e Matrizes<\/a><\/li>\n<li><a title=\"\" href=\"INED\/ALP\/Exercicios\/ALP_Exercicios_06_VetoresRegistros.pdf\" target=\"_Blank\" rel=\"noopener noreferrer\">Vetores e Registros<\/a><\/li>\n<\/ul>\n<h5>Trabalhos:<\/h5>\n<p>Trabalho em Equipe:<\/p>\n<p>Sala 903:<\/p>\n<p>Sala 1102:<\/p>\n<h5>Apostilas<\/h5>\n<ul>\n<li><a title=\"\" href=\"Apostilas\/DicasAlgoritmosLinguagemC_v15.pdf\" target=\"_Blank\" rel=\"noopener noreferrer\">Dicas de Algoritmos em Linguagem C &#8211; Vers\u00e3o 1.5<\/a><\/li>\n<li><a title=\"\" href=\"Apostilas\/DicasAlgoritmosLinguagemC_V14.pdf\" target=\"_Blank\" rel=\"noopener noreferrer\">Dicas de Algoritmos em Linguagem C++ &#8211; Vers\u00e3o 1.4<\/a><\/li>\n<li><a title=\"\" href=\"Apostilas\/DicasDeDepuracaoDeCodigoUtilizandoDEVCPP_V10.pdf\" target=\"_Blank\" rel=\"noopener noreferrer\">Dicas de Depura\u00e7\u00e3o de C\u00f3digo Utilizando o DEV-C++ &#8211; Vers\u00e3o 1.0<\/a><\/li>\n<li><a title=\"\" href=\"Apostilas\/GuiaConsultaRapidaLinguagemC.pdf\" target=\"_Blank\" rel=\"noopener noreferrer\">Guia de Consulta R\u00e1pida da Linguagem C<\/a><\/li>\n<li><a title=\"\" href=\"INED\/ALP\/Programacao_C_completo.doc\" target=\"_Blank\" rel=\"noopener noreferrer\">Programa\u00e7\u00e3o em Linguagem C &#8211; Completo<\/a><\/li>\n<li><a title=\"\" href=\"Apostilas\/EstruturasDeDados.pdf\" target=\"_Blank\" rel=\"noopener noreferrer\">Linguagem C\/C++ Estruturas de Dados &#8211; N\u00edvel Avan\u00e7ado<\/a><\/li>\n<li><a title=\"\" href=\"http:\/\/www.sci.brooklyn.cuny.edu\/~goetz\/codeblocks\/codeblocks-instructions.pdf\" target=\"_Blank\" rel=\"noopener noreferrer\">Code::Blocks &#8211; Student Manual (em ingl\u00eas)<\/a><\/li>\n<\/ul>\n<h4>Dev-C++ &#8211; Ambiente Gratuito de Program\u00e7\u00e3o em C\/C:<\/h4>\n<ul>\n<li><a title=\"\" href=\"http:\/\/prdownloads.sourceforge.net\/dev-cpp\/devcpp-4.9.9.2_setup.exe\" target=\"_Blank\" rel=\"noopener noreferrer\">Download<\/a><\/li>\n<\/ul>\n<h4>Code Blocks 10.05 &#8211; Ambiente Gratuito de Program\u00e7\u00e3o em C\/C++:<\/h4>\n<ul>\n<li><a title=\"\" href=\"http:\/\/prdownload.berlios.de\/codeblocks\/codeblocks-10.05mingw-setup.exe\" target=\"_Blank\" rel=\"noopener noreferrer\">Download<\/a><\/li>\n<\/ul>\n<h4>L\u00f3gica Matem\u00e1tica Computacional (LMC)<\/h4>\n<h5>Slides das Aulas<\/h5>\n<ul>\n<li><a title=\"\" href=\"INED\/LMC\/LMC_Unidade_01.pdf\" target=\"_Blank\" rel=\"noopener noreferrer\">Unidade 01- Inicia\u00e7\u00e3o a L\u00f3gica Matem\u00e1tica<\/a><\/li>\n<\/ul>\n<h5>Exerc\u00edcio(s):<\/h5>\n<ul>\n<li><a title=\"\" href=\"INED\/LMC\/Exercicios\/LMC_Exercicios_01.pdf\" target=\"_Blank\" rel=\"noopener noreferrer\">Lista 01<\/a><\/li>\n<\/ul>\n<h5>Trabalho(s):<\/h5>\n<h4>Fundamentos de Redes de Computadores (FRC)<\/h4>\n<h5>Slides das Aulas:<\/h5>\n<ul>\n<li><a title=\"\" href=\"INED\/FR\/FR_Unidade_01.ppt\" target=\"_Blank\" rel=\"noopener noreferrer\">Unidade 01<\/a><\/li>\n<li><a title=\"\" href=\"INED\/FR\/FR_Unidade_02_001.ppt\" target=\"_Blank\" rel=\"noopener noreferrer\">Unidade 02 &#8211; 001<\/a><\/li>\n<li><a title=\"\" href=\"INED\/FR\/FR_Unidade_02_002.ppt\" target=\"_Blank\" rel=\"noopener noreferrer\">Unidade 02 &#8211; 002<\/a><\/li>\n<li><a title=\"\" href=\"INED\/FR\/FR_Unidade_02_003.ppt\" target=\"_Blank\" rel=\"noopener noreferrer\">Unidade 02 &#8211; 003<\/a><\/li>\n<li><a title=\"\" href=\"INED\/FR\/FR_Unidade_02_004.ppt\" target=\"_Blank\" rel=\"noopener noreferrer\">Unidade 02 &#8211; 004<\/a><\/li>\n<li><a title=\"\" href=\"INED\/FR\/FR_Unidade_02_005.ppt\" target=\"_Blank\" rel=\"noopener noreferrer\">Unidade 02 &#8211; 005<\/a><\/li>\n<li><a title=\"\" href=\"INED\/FR\/FR_Unidade_03.ppt\" target=\"_Blank\" rel=\"noopener noreferrer\">Unidade 03<\/a><\/li>\n<li><a title=\"\" href=\"INED\/FR\/FR_Unidade_04.ppt\" target=\"_Blank\" rel=\"noopener noreferrer\">Unidade 04<\/a><\/li>\n<li><a title=\"\" href=\"INED\/FR\/FR_Unidade_05.ppt\" target=\"_Blank\" rel=\"noopener noreferrer\">Unidade 05<\/a><\/li>\n<\/ul>\n<h5>Trabalhos em Equipe:<\/h5>\n<h5>Exerc\u00edcio(s):<\/h5>\n<p>Exerc\u00edcio em Equipe (Sala de Aula):<\/p>\n<h4>Fundamentos de Sistemas Operacionais (FSO)<\/h4>\n<h5>Slides das Aulas:<\/h5>\n<ul>\n<li><a title=\"\" href=\"INED\/FSO\/FSO_Unidade_01_001.pdf\" target=\"_Blank\" rel=\"noopener noreferrer\">Unidade 01\/001 &#8211; Introdu\u00e7\u00e3o a Sistemas Operacionais<\/a><\/li>\n<li><a title=\"\" href=\"INED\/FSO\/FSO_Unidade_01_002.pdf\" target=\"_Blank\" rel=\"noopener noreferrer\">Unidade 01\/002 &#8211; Tipos de Sistemas Operacionais<\/a><\/li>\n<li><a title=\"\" href=\"INED\/FSO\/FSO_Unidade_02_001.pdf\" target=\"_Blank\" rel=\"noopener noreferrer\">Unidade 02\/001 &#8211; Estruturas, Processos e Threads (Estruturas)<\/a><\/li>\n<li><a title=\"\" href=\"INED\/FSO\/FSO_Unidade_02_002.pdf\" target=\"_Blank\" rel=\"noopener noreferrer\">Unidade 02\/002 &#8211; Processos<\/a><\/li>\n<li><a title=\"\" href=\"INED\/FSO\/FSO_Unidade_02_003.pdf\" target=\"_Blank\" rel=\"noopener noreferrer\">Unidade 02\/003 &#8211; Threads<\/a><\/li>\n<li><a title=\"\" href=\"INED\/FSO\/FSO_Unidade_03_001.pdf\" target=\"_Blank\" rel=\"noopener noreferrer\">Unidade 03\/001 &#8211; Ger\u00eancia de Mem\u00f3ria<\/a><\/li>\n<li><a title=\"\" href=\"INED\/FSO\/FSO_Unidade_03_002.pdf\" target=\"_Blank\" rel=\"noopener noreferrer\">Unidade 03\/002 &#8211; Sistema de Arquivos<\/a><\/li>\n<li><a title=\"\" href=\"INED\/FSO\/FSO_Unidade_03_003.pdf\" target=\"_Blank\" rel=\"noopener noreferrer\">Unidade 03\/003 &#8211; Ger\u00eancia do Processador<\/a><\/li>\n<li><a title=\"\" href=\"INED\/FSO\/FSO_Unidade_Extra.pdf\" target=\"_Blank\" rel=\"noopener noreferrer\">Unidade Extra\u00a0 &#8211; Ger\u00eancia do Processador \/ Escalonador de Tarefas<\/a><\/li>\n<li><a title=\"\" href=\"INED\/FSO\/FSO_Unidade_04_001.pdf\" target=\"_Blank\" rel=\"noopener noreferrer\">Unidade 04\/001 &#8211; Software Livre<\/a><\/li>\n<li><a title=\"\" href=\"INED\/FSO\/FSO_Unidade_04_002.pdf\" target=\"_Blank\" rel=\"noopener noreferrer\">Unidade 04\/002 &#8211; GNU\/Linux<\/a><\/li>\n<\/ul>\n<h5>Trabalho(s):<\/h5>\n<ul>\n<li><a title=\"\" href=\"INED\/FSO\/Escalonador.rar\" target=\"_Blank\" rel=\"noopener noreferrer\">Exemplo de Escalonador de Tarefas FIFO<\/a><\/li>\n<\/ul>\n<h5>Apostila(s):<\/h5>\n<ul>\n<li><a title=\"\" href=\"http:\/\/moodle.cefetmg.br\/course\/view.php?id=48\" target=\"_Blank\" rel=\"noopener noreferrer\">Sistemas Operacionais<\/a><\/li>\n<\/ul>\n<h4>Transmiss\u00e3o de Dados (TD)<\/h4>\n<h5>Slides das Aulas<\/h5>\n<ul>\n<li><a title=\"\" href=\"INED\/TD\/TD_Unidade_01.pdf\" target=\"_Blank\" rel=\"noopener noreferrer\">Unidade 01<\/a><\/li>\n<li><a title=\"\" href=\"INED\/TD\/TD_Unidade_02.pdf\" target=\"_Blank\" rel=\"noopener noreferrer\">Unidade 02<\/a><\/li>\n<\/ul>\n<h5>Trabalho(s):<\/h5>\n<h5>Exerc\u00edcio(s):<\/h5>\n<h4>Projeto Integrador de Pesquisa (PIP)<\/h4>\n<ul>\n<li><a href=\"INED\/PIP\/PIP_Unidade_01.ppt\" target=\"_Blank\" rel=\"noopener noreferrer\">Aula Inaugural<\/a><\/li>\n<\/ul>\n<ul>\n<li><a title=\"\" href=\"INED\/PIP\/GuiaPraticoParaDesenvolvimentoDoPIP.pdf\" target=\"_Blank\" rel=\"noopener noreferrer\">Guia pr\u00e1tico Para Desenvolvimento do PIP<\/a><\/li>\n<li><a title=\"\" href=\"INED\/PIP\/ProjetoPesquisa_Edwar.pdf\" target=\"_Blank\" rel=\"noopener noreferrer\">Exemplo de Projeto de Pesquisa<\/a><\/li>\n<li><a title=\"\" href=\"INED\/PIP\/Modulo1Referencias.pdf\" target=\"_Blank\" rel=\"noopener noreferrer\">Manual de Como Fazer Refer\u00eancias Bibliogr\u00e1ficas<\/a><\/li>\n<\/ul>\n<ul>\n<li><a title=\"\" href=\"Apostilas\/INED_Lab_ComoUtilizar_WORD.pdf\" target=\"_Blank\" rel=\"noopener noreferrer\">Como utilizar Alguns Recursos do Microsoft WORD 2003<\/a><\/li>\n<\/ul>\n<h5>Trabalhos<\/h5>\n","protected":false},"excerpt":{"rendered":"<p>Aos meus ex e atuais alunos Car\u00edssimos alunos, estou me desligando do Pit\u00e1goras. O motivo do meu desligamento \u00e9 que fui aprovado num concurso que fiz para professor no Instituto Federal do Tri\u00e2ngulo Mineiro (IFTM). Assim sendo, tive que optar por morar em outro munic\u00edpio distante de BH e consequentemente largar todos os compromissos que&hellip;<\/p>\n","protected":false},"author":1,"featured_media":0,"parent":0,"menu_order":0,"comment_status":"closed","ping_status":"closed","template":"","meta":{"footnotes":""},"class_list":["post-56","page","type-page","status-publish","hentry"],"_links":{"self":[{"href":"https:\/\/esj.eti.br\/index.php?rest_route=\/wp\/v2\/pages\/56","targetHints":{"allow":["GET"]}}],"collection":[{"href":"https:\/\/esj.eti.br\/index.php?rest_route=\/wp\/v2\/pages"}],"about":[{"href":"https:\/\/esj.eti.br\/index.php?rest_route=\/wp\/v2\/types\/page"}],"author":[{"embeddable":true,"href":"https:\/\/esj.eti.br\/index.php?rest_route=\/wp\/v2\/users\/1"}],"replies":[{"embeddable":true,"href":"https:\/\/esj.eti.br\/index.php?rest_route=%2Fwp%2Fv2%2Fcomments&post=56"}],"version-history":[{"count":4,"href":"https:\/\/esj.eti.br\/index.php?rest_route=\/wp\/v2\/pages\/56\/revisions"}],"predecessor-version":[{"id":638,"href":"https:\/\/esj.eti.br\/index.php?rest_route=\/wp\/v2\/pages\/56\/revisions\/638"}],"wp:attachment":[{"href":"https:\/\/esj.eti.br\/index.php?rest_route=%2Fwp%2Fv2%2Fmedia&parent=56"}],"curies":[{"name":"wp","href":"https:\/\/api.w.org\/{rel}","templated":true}]}}