{"id":57,"date":"2017-06-27T20:24:02","date_gmt":"2017-06-27T23:24:02","guid":{"rendered":"http:\/\/esj.eti.br\/?page_id=57"},"modified":"2025-06-27T12:25:59","modified_gmt":"2025-06-27T15:25:59","slug":"apostilas-tutoriais","status":"publish","type":"page","link":"https:\/\/esj.eti.br\/?page_id=57","title":{"rendered":"Apostilas \/ Tutoriais"},"content":{"rendered":"<h4>M\u00e1quina Virtual<\/h4>\n<ol>\n<li><a title=\"\" href=\"Apostilas\/ManualInstalacaoGNULinuxNoVirtualPC.pdf\" target=\"_Blank\">Manual de Instala\u00e7\u00e3o do GNU\/Linux no Virtual PC<\/a><\/li>\n<li><a title=\"\" href=\"Apostilas\/ManualInstalacaoGNULinuxNoVMWare.pdf\" target=\"_Blank\">Manual de Instala\u00e7\u00e3o do GNU\/Linux no VM Ware<\/a><\/li>\n<\/ol>\n<h4>LibreOffice<\/h4>\n<ol>\n<li><a title=\"\" href=\"Cursos\/LibreOffice\/ApostilaLibreOffice.pdf\" target=\"_Blank\">Apostila de: Writer, Calc e Impress (Vers\u00e3o Antiga &lt; 4.0)<\/a>\n<ul>\n<li><a title=\"\" href=\"Cursos\/LibreOffice\/ArquivosExercicios.rar\" target=\"_Blank\">Arquivo Contendo Material para Resolu\u00e7\u00e3o dos Exerc\u00edcios da Apostila<\/a><\/li>\n<\/ul>\n<\/li>\n<li><a title=\"\" href=\"Cursos\/LibreOffice\/ApostilaLibreOffice_V_5_3_2_2.pdf\" target=\"_Blank\">Apostila de: Writer, Calc e Impress (Vers\u00e3o 5.3.2)<\/a>\n<ul>\n<li><a title=\"\" href=\"Cursos\/LibreOffice\/ArquivosExercicios.rar\" target=\"_Blank\">Arquivo Contendo Material para Resolu\u00e7\u00e3o dos Exerc\u00edcios da Apostila<\/a><\/li>\n<\/ul>\n<\/li>\n<li><a title=\"\" href=\"https:\/\/doi.org\/10.47820\/recima21.v4i1.2955\" target=\"_Blank\">E-book gratuito do Curso B\u00e1sico de LibreOffice 7.0 &#8211; Writer, Calc e Impress<\/a>\n<ul>\n<li><a title=\"\" href=\"Cursos\/LibreOffice\/ArquivosAlunosExercicios70.zip\" target=\"_Blank\">Arquivo de exerc\u00edcios do e-book para alunos<\/a><\/li>\n<li><a title=\"\" href=\"Cursos\/LibreOffice\/ArquivosProfessoresExercicios70.zip\" target=\"_Blank\">Arquivo de exerc\u00edcios do e-book para Professores<\/a><\/li>\n<\/ul>\n<\/li>\n<li><a title=\"\" href=\"https:\/\/doi.org\/10.5281\/zenodo.15755973\" target=\"_Blank\">E-book gratuito do <b>Curso B\u00e1sico de LibreOffice 25.2 &#8211; Writer, Calc e Impress<\/b><\/a>\n<ul>\n<li><a title=\"\" href=\"Cursos\/LibreOffice\/ArquivosExercicios252.zip\" target=\"_Blank\">Arquivo de exerc\u00edcios do e-book<\/a><\/li>\n<\/ul>\n<\/li>\n<\/ol>\n<h4>Mircosoft Office 2003<\/h4>\n<ol>\n<li><a title=\"\" href=\"Apostilas\/INED_Lab_ComoUtilizar_WORD.pdf\" target=\"_Blank\">Microsoft Word 2003 &#8211; Dicas de Utiliza\u00e7\u00e3o<\/a><\/li>\n<li><a title=\"\" href=\"Apostilas\/INED_Lab_Exercicios_XLS.pdf\" target=\"_Blank\">Microsoft Excel 2003 &#8211; Dicas de Utiliza\u00e7\u00e3o<\/a><\/li>\n<li><a title=\"\" href=\"Apostilas\/INED_ComoFazerUmaApresentacaoEmPPT.pdf\" target=\"_Blank\">Microsoft Power Point 2003 &#8211; Dicas de Utiliza\u00e7\u00e3o<\/a><\/li>\n<\/ol>\n<h4>Programa\u00e7\u00e3o<\/h4>\n<ol>\n<li><a title=\"\" href=\"Apostilas\/DelphiBasico.pdf\" target=\"_Blank\">Delphi &#8211; Curso B\u00e1sico (Notas de Aulas)<\/a><\/li>\n<\/ol>\n<ol>\n<li><a title=\"\" href=\"Apostilas\/DicasAlgoritmosLinguagemC_v15.pdf\" target=\"_Blank\">Linguagem C &#8211; Dicas<\/a><\/li>\n<li><a title=\"\" href=\"http:\/\/www.ead.cpdee.ufmg.br\/cursos\/C\/home.html\" target=\"_Blank\">Curso de Linguagem C da UFMG<\/a><\/li>\n<li><a title=\"\" href=\"Apostilas\/DicasAlgoritmosLinguagemC_V14.pdf\" target=\"_Blank\">Linguagem C++ &#8211; Dicas<\/a><\/li>\n<li><a title=\"\" href=\"Apostilas\/GuiaConsultaRapidaLinguagemC.pdf\" target=\"_Blank\">Linguagem C &#8211; Guia de Consulta R\u00e1pida<\/a><\/li>\n<li><a title=\"\" href=\"Apostilas\/EstruturasDeDados.pdf\" target=\"_Blank\">Linguagem C &#8211; Estruturas de Dados<\/a><\/li>\n<li><a title=\"\" href=\"Apostilas\/Programacao\/Linguagem_C\/Linguagem_C_ManipulacaoArquivosBinarios.pdf\" target=\"_Blank\">Linguagem C &#8211; Manipula\u00e7\u00e3o de Arquivos Bin\u00e1rios<\/a> (<em>Exemplo de Software<\/em>)<\/li>\n<li><a title=\"\" href=\"Apostilas\/DicasDeDepuracaoDeCodigoUtilizandoDEVCPP_V10.pdf\" target=\"_Blank\">DEV-C++ &#8211; Dicas de Depura\u00e7\u00e3o de C\u00f3digo<\/a><\/li>\n<li><a title=\"\" href=\"Apostilas\/Programacao\/Linguagem_C\/ConcatenandoUmCaractereAUmaString.pdf\" target=\"_Blank\">Linguagem C &#8211; Concatenando um Caractere a uma String<\/a><\/li>\n<\/ol>\n<ol>\n<li><a title=\"\" href=\"Apostilas\/Programacao\/Java\/NetBeans_ConhecendoUmPoucoDaIDE.pdf\" target=\"_Blank\">NetBeans &#8211; Conhecendo um pouco da IDE<\/a><\/li>\n<li><a title=\"\" href=\"http:\/\/www.arruda.blog.br\/programacao\/infos-uteis-para-prova-1-de-pcsnetbeans\/\" target=\"_Blank\">NetBeans &#8211; Atalhos \u00fateis<\/a><\/li>\n<li><a title=\"\" href=\"https:\/\/netbeans.org\/project_downloads\/www\/shortcuts.pdf\" target=\"_Blank\">NetBeans &#8211; vers\u00e3o 7 &#8211; Todos os Atalhos<\/a><\/li>\n<\/ol>\n<ol>\n<li><a title=\"\" href=\"http:\/\/professor.unisinos.br\/pjaques\/papers\/Programacao%20Basica%20em%20Java_homepage.pdf\" target=\"_blank\" rel=\"noopener\">Apostila B\u00e1sica de Programa\u00e7\u00e3o em Java<\/a><\/li>\n<li><a title=\"\" href=\"Apostilas\/Programacao\/Java\/ExemploProgramaOrientadoObjetos.pdf\" target=\"_Blank\">Java &#8211; Exemplo de Software Simples Orientado a Objetos<\/a><\/li>\n<li><a title=\"\" href=\"Apostilas\/Programacao\/Java\/DataEmJava.pdf\" target=\"_Blank\">Java &#8211; Exemplo de Utiliza\u00e7\u00e3o das Classes Calendar e Date<\/a><\/li>\n<li><a title=\"\" href=\"http:\/\/blog.caelum.com.br\/conheca-a-nova-api-de-datas-do-java-8\/\" target=\"_Blank\">Java &#8211; Conhe\u00e7a a Nova API de Datas do Java 8<\/a><\/li>\n<li><a title=\"\" href=\"Apostilas\/Programacao\/Java\/Java_Exemplo_DesignPatterns_Observer.pdf\" target=\"_Blank\">Java &#8211; Exemplo de Design Patterns &#8211; Observer<\/a><\/li>\n<li><a title=\"\" href=\"http:\/\/docs.oracle.com\/javase\/tutorial\/ui\/features\/components.html\" target=\"_Blank\">Java &#8211; Guia de Componentes Swing (Ingl\u00eas)<\/a><\/li>\n<li><a title=\"\" href=\"Apostilas\/Programacao\/Java\/ExemploProgramaUtilizandoArrayListComNumeros.pdf\" target=\"_Blank\">Java &#8211; Exemplo de Programa Utilizando ArrayList com N\u00fameros<\/a><\/li>\n<li><a title=\"\" href=\"Apostilas\/Programacao\/Java\/ExemploProgramaUtilizandoArrayListComString.pdf\" target=\"_Blank\">Java &#8211; Exemplo de Programa Utilizando ArrayList com Strings<\/a><\/li>\n<li><a title=\"\" href=\"Apostilas\/Programacao\/Java\/ExemploProgramaUtilizandoArrayListComObjetos.pdf\" target=\"_Blank\">Java &#8211; Exemplo de Programa Utilizando ArrayList com Objetos<\/a><\/li>\n<li><a title=\"\" href=\"Apostilas\/Programacao\/Java\/ExemploAssociacaoDeObjetos.pdf\" target=\"_Blank\">Java &#8211; Exemplo de Associa\u00e7\u00e3o de Objetos &#8211; Composi\u00e7\u00e3o<\/a><\/li>\n<li><a title=\"\" href=\"Apostilas\/Programacao\/Java\/ExemploHeranca.rar\" target=\"_Blank\">Java &#8211; Exemplo de software utilizando heran\u00e7a<\/a><\/li>\n<li><a title=\"\" href=\"Apostilas\/JavaSwingControlarOrdemDoFocoNosComponentes.pdf\" target=\"_Blank\">Java &#8211; Swing &#8211; Como Controlar a Ordem do Foco nos Componentes da Tela<\/a><\/li>\n<li><a title=\"\" href=\"http:\/\/javafree.uol.com.br\/viewtopic.jbb?t=890985&amp;page=1#259334\" target=\"_Blank\">JSP &#8211; Exemplo de Sess\u00e3o<\/a><\/li>\n<li><a title=\"\" href=\"http:\/\/www.guj.com.br\/java\/262721-resolvido-rejstl---acesso-ao-banco-mysql-nao-funciona-nem-com-reza-brava-rsrsrs\" target=\"_Blank\">JSTL &#8211; Acesso ao MySQL n\u00e3o funciona [Resolvido]<\/a><\/li>\n<li><a title=\"\" href=\"http:\/\/javahowto.blogspot.com\/2006\/06\/6-common-errors-in-setting-java-heap.html\" target=\"_Blank\">Op\u00e7\u00f5es de configura\u00e7\u00e3o da JVM (em ingl\u00eas)<\/a><\/li>\n<li><a title=\"\" href=\"http:\/\/www.youtube.com\/watch?feature=player_embedded&amp;v=R5kYwh0tLOA#!\" target=\"_Blank\">Tutorial &#8211; Como fazer depura\u00e7\u00e3o de software no Eclipse e no NetBeans (Video)<\/a><\/li>\n<li><a title=\"\" href=\"http:\/\/docs.oracle.com\/javase\/6\/docs\/api\/\" target=\"_Blank\">Java&#x2122; Platform, Standard Edition 6 API Specification<\/a><\/li>\n<li><a title=\"\" href=\"http:\/\/docs.oracle.com\/javase\/7\/docs\/api\/\" target=\"_Blank\">Java&#x2122; Platform, Standard Edition 7 API Specification<\/a><\/li>\n<\/ol>\n<ol>\n<li><a title=\"\" href=\"http:\/\/www.labjor.unicamp.br\/arquivos\/PUBLICO\/Apostilas%20e%20Livros\/Apostila%20Android.pdf\" target=\"_Blank\">Android &#8211; Apostila para Iniciante (UNICAMP)<\/a><\/li>\n<\/ol>\n<ol>\n<li><a title=\"\" href=\"http:\/\/www.wthreex.com\/rup\/portugues\/process\/workflow\/ana_desi\/co_swarch.htm\" target=\"_Blank\">RUP &#8211; Conceitos de Arquitetura de Software<\/a><\/li>\n<li><a title=\"\" href=\"http:\/\/www.wthreex.com\/rup\/portugues\/process\/workflow\/ana_desi\/co_layer.htm\" target=\"_Blank\">RUP &#8211; Conceitos de Divis\u00e3o em Camadas<\/a><\/li>\n<\/ol>\n<h4>PostgreSQL<\/h4>\n<ol>\n<li><a title=\"\" href=\"http:\/\/permalink.gmane.org\/gmane.comp.ide.lazarus.brazil\/8518\" target=\"_Blank\">Windows 7 &#8211; Solu\u00e7\u00e3o para o problema: Unable to write inside TEMP environment variable path<\/a><\/li>\n<li><a title=\"\" href=\"http:\/\/javafree.uol.com.br\/topic-877101-Exemplo-Conexao-do-NetBeans-com-Postgre-SQL.html\" target=\"_Blank\">Tutorial de Conex\u00e3o do PostgreSQL com Java<\/a><\/li>\n<li><a title=\"\" href=\"http:\/\/www.gsigma.ufsc.br\/~popov\/aulas\/bd2\/tutorial_pg.pdf\" target=\"_Blank\">PostgreSQL &#8211; Documenta\u00e7\u00e3o da Vers\u00e3o 8 (em Portugu\u00eas)<\/a><\/li>\n<li><a title=\"\" href=\"IFTM\/Disciplinas\/PV\/PV_Unidade_06.pdf\" target=\"_Blank\">PostgreSQL &#8211; Introdu\u00e7\u00e3o &#8211; Comandos B\u00e1sicos e Conex\u00e3o com Java<\/a><\/li>\n<\/ol>\n<h4>Remo\u00e7\u00e3o de V\u00edrus<\/h4>\n<ol>\n<li><a title=\"\" href=\"Apostilas\/RemoverVirusQueTransformaPastasEmAtalhos.pdf\" target=\"_Blank\">Como Remover V\u00edrus que Transforma as Pastas do Pendrive em Atalhos<\/a><\/li>\n<li><a title=\"\" href=\"Apostilas\/ComoNaoPegarVirusDePendrive2.pdf\" target=\"_Blank\">Como N\u00e3o Pegar V\u00edrus de Pendrive<\/a><\/li>\n<\/ol>\n<h4>GNU \/ Linux<\/h4>\n<ol>\n<li><a title=\"\" href=\"http:\/\/ubuntuforum-pt.org\/index.php?topic=625\" target=\"_Blank\">Comandos b\u00e1sicos para iniciantes em GNU\/Linux (Ubuntu)<\/a><\/li>\n<li><a title=\"\" href=\"https:\/\/help.ubuntu.com\/community\/Java\" target=\"_Blank\">Como instalar o Java no GNU\/Linux (em ingl\u00eas)<\/a><\/li>\n<li><a title=\"\" href=\"http:\/\/stackoverflow.com\/questions\/3788505\/codeblock-wont-run-my-program-i-get-sh-filepath-permission-denied-ubuntu-10\" target=\"_Blank\">Code::Blocks n\u00e3o executa programas em outra parti\u00e7\u00e3o (Ubuntu) (em ingl\u00eas)<\/a><\/li>\n<\/ol>\n<h4>PDF &#8211; Convers\u00e3o<\/h4>\n<ol>\n<li><u><a title=\"\" href=\"Apostilas\/HowToConvert_PDFtext_to_PDFimage.pdf\" target=\"_Blank\">How to Convert PDF Text to PDF Image<\/a><\/u><\/li>\n<\/ol>\n<h4>Diversas \u00c1reas<\/h4>\n<ol>\n<li><u><a title=\"\" href=\"http:\/\/educabr.org\/weblink\/pafiledb.php?action=category&amp;id=30&amp;start=0&amp;sortby=downloads\" target=\"_Blank\">EducaBr &#8211; Apostilas<\/a><\/u><\/li>\n<li><u><a title=\"\" href=\"http:\/\/educabr.org\/weblink\/pafiledb.php?action=category&amp;id=15&amp;start=0&amp;sortby=downloads\" target=\"_Blank\">EducaBr &#8211; Artigos<\/a><\/u><\/li>\n<li><u><a title=\"\" href=\"http:\/\/educabr.org\/weblink\/pafiledb.php?action=category&amp;id=23&amp;start=0&amp;sortby=downloads\" target=\"_Blank\">EducaBr &#8211; Artigos<\/a><\/u><\/li>\n<\/ol>\n","protected":false},"excerpt":{"rendered":"<p>M\u00e1quina Virtual Manual de Instala\u00e7\u00e3o do GNU\/Linux no Virtual PC Manual de Instala\u00e7\u00e3o do GNU\/Linux no VM Ware LibreOffice Apostila de: Writer, Calc e Impress (Vers\u00e3o Antiga &lt; 4.0) Arquivo Contendo Material para Resolu\u00e7\u00e3o dos Exerc\u00edcios da Apostila Apostila de: Writer, Calc e Impress (Vers\u00e3o 5.3.2) Arquivo Contendo Material para Resolu\u00e7\u00e3o dos Exerc\u00edcios da Apostila&hellip;<\/p>\n","protected":false},"author":1,"featured_media":0,"parent":0,"menu_order":0,"comment_status":"closed","ping_status":"closed","template":"","meta":{"footnotes":""},"class_list":["post-57","page","type-page","status-publish","hentry"],"_links":{"self":[{"href":"https:\/\/esj.eti.br\/index.php?rest_route=\/wp\/v2\/pages\/57","targetHints":{"allow":["GET"]}}],"collection":[{"href":"https:\/\/esj.eti.br\/index.php?rest_route=\/wp\/v2\/pages"}],"about":[{"href":"https:\/\/esj.eti.br\/index.php?rest_route=\/wp\/v2\/types\/page"}],"author":[{"embeddable":true,"href":"https:\/\/esj.eti.br\/index.php?rest_route=\/wp\/v2\/users\/1"}],"replies":[{"embeddable":true,"href":"https:\/\/esj.eti.br\/index.php?rest_route=%2Fwp%2Fv2%2Fcomments&post=57"}],"version-history":[{"count":16,"href":"https:\/\/esj.eti.br\/index.php?rest_route=\/wp\/v2\/pages\/57\/revisions"}],"predecessor-version":[{"id":1175,"href":"https:\/\/esj.eti.br\/index.php?rest_route=\/wp\/v2\/pages\/57\/revisions\/1175"}],"wp:attachment":[{"href":"https:\/\/esj.eti.br\/index.php?rest_route=%2Fwp%2Fv2%2Fmedia&parent=57"}],"curies":[{"name":"wp","href":"https:\/\/api.w.org\/{rel}","templated":true}]}}