{"id":59,"date":"2017-06-27T20:24:02","date_gmt":"2017-06-27T23:24:02","guid":{"rendered":"http:\/\/esj.eti.br\/?page_id=59"},"modified":"2018-05-24T10:24:00","modified_gmt":"2018-05-24T13:24:00","slug":"boa-acao","status":"publish","type":"page","link":"https:\/\/esj.eti.br\/?page_id=59","title":{"rendered":"Boa A\u00e7\u00e3o"},"content":{"rendered":"<h4>Aja como um escoteiro, fa\u00e7a uma boa a\u00e7\u00e3o todos os dias!<\/h4>\n<ol>\n<li><a title=\"\" href=\"http:\/\/www.doepalavras.com.br\/\" target=\"_Blank\">Doe palavras! &#8211; Instituto M\u00e1rio Penna<\/a><\/li>\n<li><a title=\"\" href=\"http:\/\/www.correios.com.br\/papainoelcorreios2010\/\" target=\"_Blank\">NATAL &#8211; Papai Noel dos Correios &#8211; Fa\u00e7a uma crian\u00e7a feliz neste Natal!!!<\/a><\/li>\n<li><a title=\"\" href=\"http:\/\/www.computadoresparainclusao.gov.br\/\" target=\"_Blank\">Doe o equipamento de inform\u00e1tica que voc\u00ea n\u00e3o usa mais!!!<\/a><\/li>\n<li><a title=\"\" href=\"http:\/\/www.olx.com.br\/nf\/animais-de-estimacao-cat-312-ig\/doacao-searchindescription_1?invite=yahoo-br_home-350x200-swf-retail&amp;utm_source=yahoo&amp;utm_medium=cpm&amp;utm_content=350x200_retail_filhotinho_free&amp;utm_campaign=yahoo_banners_home_desapega\" target=\"_Blank\">Doa\u00e7\u00e3o \/ Aquisi\u00e7\u00e3o de Animais<\/a><\/li>\n<\/ol>\n","protected":false},"excerpt":{"rendered":"<p>Aja como um escoteiro, fa\u00e7a uma boa a\u00e7\u00e3o todos os dias! Doe palavras! &#8211; Instituto M\u00e1rio Penna NATAL &#8211; Papai Noel dos Correios &#8211; Fa\u00e7a uma crian\u00e7a feliz neste Natal!!! Doe o equipamento de inform\u00e1tica que voc\u00ea n\u00e3o usa mais!!! Doa\u00e7\u00e3o \/ Aquisi\u00e7\u00e3o de Animais<\/p>\n","protected":false},"author":1,"featured_media":0,"parent":0,"menu_order":0,"comment_status":"closed","ping_status":"closed","template":"","meta":{"footnotes":""},"class_list":["post-59","page","type-page","status-publish","hentry"],"_links":{"self":[{"href":"https:\/\/esj.eti.br\/index.php?rest_route=\/wp\/v2\/pages\/59","targetHints":{"allow":["GET"]}}],"collection":[{"href":"https:\/\/esj.eti.br\/index.php?rest_route=\/wp\/v2\/pages"}],"about":[{"href":"https:\/\/esj.eti.br\/index.php?rest_route=\/wp\/v2\/types\/page"}],"author":[{"embeddable":true,"href":"https:\/\/esj.eti.br\/index.php?rest_route=\/wp\/v2\/users\/1"}],"replies":[{"embeddable":true,"href":"https:\/\/esj.eti.br\/index.php?rest_route=%2Fwp%2Fv2%2Fcomments&post=59"}],"version-history":[{"count":4,"href":"https:\/\/esj.eti.br\/index.php?rest_route=\/wp\/v2\/pages\/59\/revisions"}],"predecessor-version":[{"id":257,"href":"https:\/\/esj.eti.br\/index.php?rest_route=\/wp\/v2\/pages\/59\/revisions\/257"}],"wp:attachment":[{"href":"https:\/\/esj.eti.br\/index.php?rest_route=%2Fwp%2Fv2%2Fmedia&parent=59"}],"curies":[{"name":"wp","href":"https:\/\/api.w.org\/{rel}","templated":true}]}}