{"id":61,"date":"2017-06-27T20:24:02","date_gmt":"2017-06-27T23:24:02","guid":{"rendered":"http:\/\/esj.eti.br\/?page_id=61"},"modified":"2018-05-24T09:54:13","modified_gmt":"2018-05-24T12:54:13","slug":"util","status":"publish","type":"page","link":"https:\/\/esj.eti.br\/?page_id=61","title":{"rendered":"\u00datil"},"content":{"rendered":"<ul>\n<li>Serasa Experian &#8211; consulta gratuita de CPF<\/li>\n<ul>\n<li><a href=\"http\/\/www.serasaconsumidor.com.br\/\" title=\"\" target=\"_Blank\">Consultar<\/a><\/li>\n<\/ul>\n<li>Lista Negra de Sites de E-commerce do PROCON-SP<\/li>\n<ul>\n<li><a href=\"http\/\/www.procon.sp.gov.br\/pdf\/acs_sitenaorecomendados.pdf\" title=\"\" target=\"_Blank\">Sites N&Atilde;O recomendados<\/a><\/li>\n<\/ul>\n<li>Mais de 1.000 livros sobre programa\u00e7\u00e3o para estudar gr\u00e1tis (Ingl\u00eas e Portugu\u00eas)<\/li>\n<ul>\n<li><a href=\"http\/\/suporteninja.com\/mais-de-1-000-livros-sobre-programacao-para-estudar-gratis-ingles-e-portugues\/\" title=\"\" target=\"_Blank\">Livros<\/a><\/li>\n<\/ul>\n<li>Pesquisa Acad&ecirc;mica<\/li>\n<ul>\n<li><a href=\"http\/\/citeseerx.ist.psu.edu\/\" title=\"\" target=\"_Blank\">Cite Seer (Artigos Acad&ecirc;micos)<\/a><\/li>\n<\/ul>\n<li>Metodologia Cient&iacute;fica<\/li>\n<ul>\n<li><a href=\"http\/\/www.fumec.br\/anexos\/a_fumec\/bibliotecas\/normas_trabalhos_academicos.pdf\" title=\"\" target=\"_Blank\">Formata&ccedil;&atilde;o de Trabalhos Acad&ecirc;micos<\/a><\/li>\n<\/ul>\n<li>Portugu&ecirc;s &#8211; Acordo Ortogr&aacute;fico de 1990<\/li>\n<ul>\n<li><a href=\"http\/\/sistemas.rei.unicamp.br\/ggbs\/pdf\/Guia_Reforma_Ortografica_CP.pdf\" title=\"\">Guia Pr&aacute;tico da Reforma Ortogr&aacute;fica<\/a><\/li>\n<li><a href=\"http\/\/www.dgrh.unicamp.br9091\/reformaortografica\/acordo.html\" title=\"\">Guia da Reforma Ortogr&aacute;fica &#8211; Unicamp<\/a><\/li>\n<li><a href=\"http\/\/www2.ftd.com.br\/cms\/siteFTD\/pdf\/Cartilha_Tem_Hifen.pdf\" title=\"\">Tem h&iacute;fen? &#8211; FTD<\/a><\/li>\n<li><a href=\"http\/\/www.priberam.pt\/DLPO\/\" title=\"\">Dicion&aacute;rio de Portugu&ecirc;s (Antes e depois do acordo.)<\/a><\/li>\n<li><a href=\"http\/\/umportugues.com\/\" title=\"\">Corretor autom&aacute;tico &#8211; aponta os erros da nova ortografia no texto digitado<\/a><\/li>\n<\/ul>\n<li>Portugu&ecirc;s &#8211; Dicas e Ajuda <em>On-line<\/em><\/li>\n<ul>\n<li><a href=\"http\/\/www.brasilescola.com\/gramatica\/por-que.htm\" title=\"\">Por que \/ Por qu&ecirc; \/ Porque ou Porqu&ecirc;?<\/a><\/li>\n<li><a href=\"http\/\/pt.wikibooks.org\/wiki\/Portugu%C3%AAs\/Os_afixos\/Lista_de_prefixos\" title=\"\">Lista de Prefixos da L&iacute;ngua Portuguesa<\/a><\/li>\n<li><a href=\"http\/\/www.soportugues.com.br\/\" title=\"\">S&oacute; Portugu&ecirc;s &#8211; Tudo sobre a l&iacute;ngua portuguesa.<\/a><\/li>\n<li><a href=\"http\/\/www.flip.pt\/tabid\/325\/Default.aspx?DID=4389\" title=\"\">Voc&ecirc; sabe escrever &quot;1.000.000.000.000&quot; e outros n&uacute;meros grandes por extenso?<\/a><\/li>\n<\/ul>\n<li>Como Fazer Refer&ecirc;ncias Bibliogr&aacute;ficas &#8211; Dicas<\/li>\n<ul>\n<li><a href=\"http\/\/www.bu.ufsc.br\/home982.PDF\" title=\"\">Universidade Federal de Santa Catarina &#8211; Documento com Exemplos Explicados<\/a><\/li>\n<li><a href=\"INED\/PIP\/Modulo1Referencias.pdf\" title=\"\">Procedimentos para Apresenta&ccedil;&atilde;o e Normaliza&ccedil;&atilde;o de Trabalhos Acad&ecirc;micos &#8211; (F&aacute;cil de entender!)<\/a><\/li>\n<\/ul>\n<li>GNU\/Linux<\/li>\n<ul>\n<li><a href=\"http\/\/onlamp.com\/linux\/cmd\/\" title=\"\">Comandos do Sistema Operacional e Sintaxe (em ingl&ecirc;s)<\/a><\/li>\n<li><a href=\"http\/\/www.vivaolinux.com.br\/artigo\/Fundamentos-do-sistema-Linux-comandos-do-Linux\/\" title=\"\">Comandos para Minupal&ccedil;&atilde;o de Arquivos e Diret&oacute;rios (em portugu&ecirc;s)<\/a><\/li>\n<li><a href=\"http\/\/www.devin.com.br\/comandos_linux\/\" title=\"\">Comandos do Sistema Operacional e Sintaxe (em portugu&ecirc;s)<\/a><\/li>\n<\/ul>\n<li>Programa&ccedil;&atilde;o Linguagem C\/C++<\/li>\n<ul>\n<li><a href=\"http\/\/www.codecogs.com\/\" title=\"\">Biblioteca open source de componentes num&eacute;ricos. (em ingl&ecirc;s)<\/a><\/li>\n<li><a href=\"http\/\/www.ead.cpdee.ufmg.br\/cursos\/C\/c.html\" title=\"\">Curso de Linguagem C na web<\/a><\/li>\n<\/ul>\n<li>Programa&ccedil;&atilde;o Linguagem Java<\/li>\n<ul>\n<li><a href=\"http\/\/www.tiexpert.net\/programacao\/java\/index.php\" title=\"\">Java para iniciantes (Tutorial Completo sobre a Linguagem)<\/a><\/li>\n<li><a href=\"http\/\/fivedots.coe.psu.ac.th\/~ad\/jg\/\" title=\"\">Livro &quot;Killer Games Programming&quot; e c&oacute;digos fontes (em ingl&ecirc;s)<\/a><\/li>\n<li><a href=\"http\/\/www.brackeen.com\/javagamebook\/#get\" title=\"\">Developing Games in Java (em ingl&ecirc;s) &#8211; C&oacute;digo fontes do livro.<\/a><\/li>\n<\/ul>\n<li>Tutorial com diversos exemplos de Linguagem SQL (em ingl&ecirc;s)<\/li>\n<ul>\n<li><a href=\"http\/\/www.w3schools.com\/sql\/default.asp\" title=\"\">w3schools<\/a><\/li>\n<\/ul>\n<li>SGBD &#8211; PostgreSQL &#8211; GNU\/Linux &#8211; Ubuntu<\/li>\n<ul>\n<li><a href=\"http\/\/public-void-main.blogspot.com\/2008\/03\/alterar-senha-do-postgresql-no-ubuntu.html\" title=\"\">Como configurar senha do root na insta&ccedil;&atilde;o do PostgreSQL no Ubuntu<\/a><\/li>\n<\/ul>\n<li>Latex<\/li>\n<ul>\n<li><a href=\"http\/\/www.codecogs.com\/latex\/eqneditor.php\" title=\"\">Auxiliar para escrita de equa&ccedil;&otilde;es em Latex<\/a><\/li>\n<li><a href=\"http\/\/detexify.kirelabs.org\/classify.html\" title=\"\">Desenhe o s&iacute;mbolo, e veja o comando correspondente no Latex<\/a><\/li>\n<\/ul>\n<li>Revista RTI (Redes de Computadores)<\/li>\n<ul>\n<li><a href=\"http\/\/www.arandanet.com.br\/midiaonline\/rti\/index.html\" title=\"\">Acesso On-line Gratuito<\/a><\/li>\n<\/ul>\n<li>Minidicion&aacute;rio com Palavras do Livro &quot;Nosso Lar&quot; (Por Andr&eacute; Luiz (Esp&iacute;rito), [psicografado por] Francisco C&acirc;ndido Xavier)<\/li>\n<ul>\n<li><a href=\"Apostilas\/MiniDicionarioNossoLar_v2.pdf\" title=\"\">Minidicion&aacute;rio com Palavras do Livro &quot;Nosso Lar&quot;<\/a><\/li>\n<\/ul>\n<li>Emiss&atilde;o de Certid&atilde;o de Quita&ccedil;&atilde;o Eleitoral (Servi&ccedil;o Gratuito)<\/li>\n<ul>\n<li><a href=\"http\/\/www.arandanet.com.br\/midiaonline\/rti\/index.html\" title=\"\"><\/a><a href=\"http\/\/www.tse.gov.br\/internet\/servicos_eleitor\/quitacao_blank.htm\" title=\"\">Tribunal Superior Eleitoral &#8211; Certid&atilde;o de Quita&ccedil;&atilde;o Eleitoral<\/a><\/li>\n<\/ul>\n<li>Como colocar cedilha no Ubuntu (vers&atilde;o em ingl&ecirc;s)<\/li>\n<ul>\n<li><a href=\"http\/\/vidageek.net\/2007\/11\/13\/ubuntu-710-e-o-cedilha-em-teclado-internacional\/comment-page-1\/#comment-140358\" title=\"\">Colocar cedilha no Ubuntu vers&atilde;o em ingl&ecirc;s<\/a><\/li>\n<\/ul>\n<li>Rem&eacute;dios &#8211; consulta on-line<\/li>\n<ul>\n<li><a href=\"http\/\/www.consultaremedios.com.br\/%20\" title=\"\">consulta de pre&ccedil;os e rem&eacute;dios similares<\/a>&nbsp;<\/li>\n<\/ul>\n<li>Download de livros gratuitos<\/li>\n<ul>\n<li><a href=\"http\/\/www.dominiopublico.gov.br\" title=\"\">Dom&iacute;nio p&uacute;blico &#8211; literatura brasileira<\/a><\/li>\n<li><a href=\"http\/\/www.gutenberg.org\" title=\"\">Livros em diversos idiomas<\/a><\/li>\n<li><a href=\"http\/\/books.scielo.org\/\" title=\"\">SciELO<\/a><\/li>\n<li><a href=\"http\/\/www.livroslabcom.ubi.pt\/coleccoes.php\" title=\"\">Livros LABCOM<\/a><\/li>\n<li><a href=\"http\/\/ptbr.kobobooks.com\/search\/search.html?q=&amp;t=free&amp;f=keyword&amp;p=1&amp;s=none&amp;g=both&amp;l=pt\" title=\"\" target=\"_blank\">Kobo &#8211; e-books gratuitos (diversas categorias)<\/a><\/li>\n<li><a href=\"http\/\/bookshop.europa.eu\/pt\/temas-cbsS0KABst8rMAAAEjcqkY4e5J\/\" title=\"\">EU Book Shop (Livros gratuitos e-books e em papel tamb&eacute;m. Em portugu&ecirc;s e outros idiomas).<\/a><\/li>\n<li><a href=\"http\/\/www.culturaacademica.com.br\/catalogo-item.asp\" title=\"\">Biblioteca UNESP &#8211; Cultura Acad&ecirc;mica<\/a><\/li>\n<li><a href=\"http\/\/cvc.instituto-camoes.pt\/conhecer\/biblioteca-digital-camoes.html\" title=\"\">Biblioteca Digital Cam&otilde;es &#8211; Portugal<\/a><\/li>\n<\/ul>\n<li>Dist&acirc;ncia das Capitais dos Estados &agrave;s Cidades do Interior<\/li>\n<ul>\n<li><a href=\"http\/\/www.emsampa.com.br\/xspxmgbhint.htm\" title=\"\">Dist&acirc;ncia das Capitais &agrave;s Cidades do Interior<\/a><\/li>\n<\/ul>\n<li>Repelente de Insetos (Caseiro)<\/li>\n<ul>\n<li><a href=\"http\/\/saude-joni.blogspot.com.br\/2010\/03\/repelente-caseiro.html\" title=\"\">Como fazer o repelente caseiro.<\/a><\/li>\n<\/ul>\n<li>Antiv&iacute;rus<\/li>\n<ul>\n<li><a href=\"http\/\/chart1.av-comparatives.org\/chart1.php?chart=chart2&amp;year=2012&amp;month=12&amp;sort=0&amp;zoom=2\" target=\"_Blank\">Veja se seu antiv&iacute;rus &eacute; bom<\/a><\/li>\n<\/ul>\n<li>Gerador de Instala\u00e7\u00e3o de Software Gratuito<\/li>\n<ul>\n<li><a href=\"http\/\/www.jrsoftware.org\/isdl.php\" target=\"_Blank\">Inno Setup<\/a><\/li>\n<\/ul>\n<li>Descarga Rio &#8220;S&#8221; &#8211; Como consertar<\/li>\n<ul>\n<li><a href=\"https\/\/youtu.be\/SUTbsLyLa60\" target=\"_Blank\">Inno Setup<\/a><\/li>\n<\/ul>\n<\/ul>\n","protected":false},"excerpt":{"rendered":"<p>Serasa Experian &#8211; consulta gratuita de CPF Consultar Lista Negra de Sites de E-commerce do PROCON-SP Sites N&Atilde;O recomendados Mais de 1.000 livros sobre programa\u00e7\u00e3o para estudar gr\u00e1tis (Ingl\u00eas e Portugu\u00eas) Livros Pesquisa Acad&ecirc;mica Cite Seer (Artigos Acad&ecirc;micos) Metodologia Cient&iacute;fica Formata&ccedil;&atilde;o de Trabalhos Acad&ecirc;micos Portugu&ecirc;s &#8211; Acordo Ortogr&aacute;fico de 1990 Guia Pr&aacute;tico da Reforma Ortogr&aacute;fica&hellip;<\/p>\n","protected":false},"author":1,"featured_media":0,"parent":0,"menu_order":0,"comment_status":"closed","ping_status":"closed","template":"","meta":{"footnotes":""},"class_list":["post-61","page","type-page","status-publish","hentry"],"_links":{"self":[{"href":"https:\/\/esj.eti.br\/index.php?rest_route=\/wp\/v2\/pages\/61","targetHints":{"allow":["GET"]}}],"collection":[{"href":"https:\/\/esj.eti.br\/index.php?rest_route=\/wp\/v2\/pages"}],"about":[{"href":"https:\/\/esj.eti.br\/index.php?rest_route=\/wp\/v2\/types\/page"}],"author":[{"embeddable":true,"href":"https:\/\/esj.eti.br\/index.php?rest_route=\/wp\/v2\/users\/1"}],"replies":[{"embeddable":true,"href":"https:\/\/esj.eti.br\/index.php?rest_route=%2Fwp%2Fv2%2Fcomments&post=61"}],"version-history":[{"count":8,"href":"https:\/\/esj.eti.br\/index.php?rest_route=\/wp\/v2\/pages\/61\/revisions"}],"predecessor-version":[{"id":254,"href":"https:\/\/esj.eti.br\/index.php?rest_route=\/wp\/v2\/pages\/61\/revisions\/254"}],"wp:attachment":[{"href":"https:\/\/esj.eti.br\/index.php?rest_route=%2Fwp%2Fv2%2Fmedia&parent=61"}],"curies":[{"name":"wp","href":"https:\/\/api.w.org\/{rel}","templated":true}]}}