{"id":64,"date":"2017-06-27T20:24:02","date_gmt":"2017-06-27T23:24:02","guid":{"rendered":"http:\/\/esj.eti.br\/?page_id=64"},"modified":"2024-03-23T18:36:24","modified_gmt":"2024-03-23T21:36:24","slug":"medicina-alternativa","status":"publish","type":"page","link":"https:\/\/esj.eti.br\/?page_id=64","title":{"rendered":"Medicina Alternativa"},"content":{"rendered":"<h3><u>ATEN&Ccedil;&Atilde;O<\/u>: Nenhuma destas receitas &eacute; cientificamente testada, aprovada ou comprovada. Todo conte&uacute;do desta p&aacute;gina &eacute; considerado &quot;<u>Medicina Popular<\/u>&quot; e pode ser encontrado em outros <em>sites <\/em>na Internet. <u>Use por sua conta e risco<\/u>.<\/h3>\n<h4>Pariri &#8211; contra o C&acirc;ncer<\/h4>\n<ul>\n<li><a href=\"https:\/\/www3.ufmg.br\/proex\/mostraNoticias.php?codigo=1858\" title=\"\" target=\"_Blank\" rel=\"noopener\">PROEX &#8211; Universidade Federal de Minas Gerais &#8211; da FECEB para o Brasil<\/a><\/li>\n<li><a href=\"http:\/\/www.fapemig.br\/estudantes-mineiros-se-destacam-em-feira-internacional-de-ciencias-e-tecnologia\/\" title=\"\" target=\"_Blank\" rel=\"noopener\">FAPEMIG &#8211; Escola Estadual de Minas Gerais leva pr&ecirc;mio por estudos com Pariri<\/a><\/li>\n<li><a href=\"Saude\/Receitas\/ChaDePariri.pdf\" title=\"\" target=\"_Blank\" rel=\"noopener\">Ch&aacute; de Pariri<\/a><\/li>\n<\/ul>\n<h4>Cannabis &#8211; contra o C&acirc;ncer<\/h4>\n<ul>\n<li><a href=\"http:\/\/vivirconsaludd.blogspot.com.br\/2015\/12\/5000-personas-curadas-de-cancer-con-la.html?m=1\" target=\"_Blank\" rel=\"noopener\">\u00d3leo de Cannabis na Cura do C\u00e2ncer<\/a><\/li>\n<li><a href=\"http:\/\/phoenixtears.ca\/\" target=\"_Blank\" rel=\"noopener\">P\u00e1gina oficial de Rick Logan Simpson &#8211; Cura do c\u00e2ncer atrav\u00e9s da Cannabis<\/a><\/li>\n<li><a href=\"http:\/\/globoplay.globo.com\/v\/5010154\/\" target=\"_Blank\" rel=\"noopener\">M\u00e3es plantam maconha para produzir rem\u00e9dios para os filhos no Chile<\/a><\/li>\n<li><a href=\"http:\/\/g1.globo.com\/bemestar\/noticia\/2016\/04\/estado-australiano-de-victoria-legaliza-uso-medicinal-de-cannabis.html\" target=\"_Blank\" rel=\"noopener\">13\/04\/2016 &#8211; Estado australiano de Victoria legaliza uso medicinal de cannabis<\/a><\/li>\n<\/ul>\n<h4>Fosfoetanolamina &#8211; contra o C&acirc;ncer &#8211; Fabricada pelo laborat\u00f3rio PDT PHarma &#8211; Cravinhos &#8211; SP &#8211; S\u00f3 pode ser conseguida com liminar judicial.<\/h4>\n<ul>\n<li><a href=\"https:\/\/esj.eti.br\/?page_id=65\" target=\"_Blank\" rel=\"noopener\">P\u00e1gina dedicada somente a Fosfoetanolamina Sint\u00e9tica<\/a><\/li>\n<\/ul>\n<h4>Cravo de Defunto (Tagete) &#8211; contra a Dengue e outros males<\/h4>\n<ul>\n<li><a href=\"Saude\/Receitas\/Ch&aacute;_de_cravo_de_defunto_no_combate_&agrave;_dengue.pdf\" title=\"\" target=\"_Blank\" rel=\"noopener\">Ch&aacute; de Cravo de Defunto &#8211; contra Dengue<\/a><\/li>\n<li><a href=\"Saude\/Receitas\/Cravo_de_defunto_no_combate_a_diversos_males.pdf\" title=\"\" target=\"_Blank\" rel=\"noopener\">Ch&aacute; de Cravo de Defunto &#8211; outros males<\/a><\/li>\n<\/ul>\n<h4>&Aacute;gua da Jamaica &#8211; contra diversos males<\/h4>\n<ul>\n<li><a href=\"Saude\/Receitas\/Agua%20%20de%20%20Jamaica%20IMPORTANTE%20ESTUDIO.pps\" title=\"\" target=\"_Blank\" rel=\"noopener\">Documento em Espanhol<\/a><\/ul>\n","protected":false},"excerpt":{"rendered":"<p>ATEN&Ccedil;&Atilde;O: Nenhuma destas receitas &eacute; cientificamente testada, aprovada ou comprovada. Todo conte&uacute;do desta p&aacute;gina &eacute; considerado &quot;Medicina Popular&quot; e pode ser encontrado em outros sites na Internet. Use por sua conta e risco. Pariri &#8211; contra o C&acirc;ncer PROEX &#8211; Universidade Federal de Minas Gerais &#8211; da FECEB para o Brasil FAPEMIG &#8211; Escola Estadual&hellip;<\/p>\n","protected":false},"author":1,"featured_media":0,"parent":0,"menu_order":0,"comment_status":"closed","ping_status":"closed","template":"","meta":{"footnotes":""},"class_list":["post-64","page","type-page","status-publish","hentry"],"_links":{"self":[{"href":"https:\/\/esj.eti.br\/index.php?rest_route=\/wp\/v2\/pages\/64","targetHints":{"allow":["GET"]}}],"collection":[{"href":"https:\/\/esj.eti.br\/index.php?rest_route=\/wp\/v2\/pages"}],"about":[{"href":"https:\/\/esj.eti.br\/index.php?rest_route=\/wp\/v2\/types\/page"}],"author":[{"embeddable":true,"href":"https:\/\/esj.eti.br\/index.php?rest_route=\/wp\/v2\/users\/1"}],"replies":[{"embeddable":true,"href":"https:\/\/esj.eti.br\/index.php?rest_route=%2Fwp%2Fv2%2Fcomments&post=64"}],"version-history":[{"count":8,"href":"https:\/\/esj.eti.br\/index.php?rest_route=\/wp\/v2\/pages\/64\/revisions"}],"predecessor-version":[{"id":1091,"href":"https:\/\/esj.eti.br\/index.php?rest_route=\/wp\/v2\/pages\/64\/revisions\/1091"}],"wp:attachment":[{"href":"https:\/\/esj.eti.br\/index.php?rest_route=%2Fwp%2Fv2%2Fmedia&parent=64"}],"curies":[{"name":"wp","href":"https:\/\/api.w.org\/{rel}","templated":true}]}}