{"id":65,"date":"2017-06-27T20:24:02","date_gmt":"2017-06-27T23:24:02","guid":{"rendered":"http:\/\/esj.eti.br\/?page_id=65"},"modified":"2022-02-14T23:00:49","modified_gmt":"2022-02-15T02:00:49","slug":"fosfoetanolamina-sintetica","status":"publish","type":"page","link":"https:\/\/esj.eti.br\/?page_id=65","title":{"rendered":"Fosfoetanolamina Sint\u00e9tica"},"content":{"rendered":"<p><!-- Especial fosfoetanolamina --><\/p>\n<h4>C\u00e2ncer tem cura!<\/h4>\n<h5>Fabricada pelo laborat\u00f3rio PDT PHarma &#8211; munic\u00edpio de Cravinhos &#8211; SP<\/h5>\n<h5>S\u00f3 pode ser conseguida atrav\u00e9s de liminar judicial.<\/h5>\n<h4>V\u00eddeos &#8211; Prof. Dr. Gilberto Orivaldo Chierice<\/h4>\n<ul>\n    <!-- 2014-12-23 --><\/p>\n<li><a href=\"https:\/\/www.youtube.com\/watch?v=5J-jHT6rMp0\" target=\"_Blank\" rel=\"noopener noreferrer\">23\/12\/2014 &#8211; Anima\u00e7\u00e3o mostra a a\u00e7\u00e3o da Fosfoetanolamina no corpo humano<\/a><\/li>\n<p><!-- 2015-10-20 --><\/p>\n<li><a href=\"https:\/\/www.youtube.com\/watch?v=c_SNRKPxBBU\" target=\"_Blank\" rel=\"noopener noreferrer\">13\/12\/2015 &#8211; Entrevista com Dr. Gilberto Chierice &#8211; Tv Cachoeira &#8211; Sobre a fosfoetanolamina<\/a><\/li>\n<p><!-- 2015-10-29 --><\/p>\n<li><a href=\"https:\/\/www.youtube.com\/watch?v=a7Q1a9-pCfg\" target=\"_Blank\" rel=\"noopener noreferrer\">29\/10\/2015 &#8211; Reuni\u00e3o conjunta das comiss\u00f5es de Ci\u00eancia e Tecnologia e Assuntos Sociais &#8211; Pesquisador Gilberto Orivaldo Chierice explica trabalho de pesquisa com a droga fosfoetanolamina<\/a><\/li>\n<p><!-- 2015-11-12 Parte 1 --><\/p>\n<li><a href=\"https:\/\/www.youtube.com\/watch?list=PLSq5Ut2fkZ2AW-gZRkgMSAb3ISObTCuyI&amp;time_continue=32&amp;v=0AhxzmbPwis&amp;feature=emb_logo\" target=\"_Blank\" rel=\"noopener noreferrer\">20\/11\/2015 &#8211; Comiss\u00e3o de Seguridade Social e Fam\u00edlia &#8211; Questionamento sobre a Fosfoetanolamina Sint\u00e9tica &#8211; parte 1<\/a><\/li>\n<p><!-- 2015-11-12 Parte 2 --><\/p>\n<li><a href=\"https:\/\/www.youtube.com\/watch?v=lOW5aPia6-0&amp;list=PLSq5Ut2fkZ2AW-gZRkgMSAb3ISObTCuyI&amp;index=2\" target=\"_Blank\" rel=\"noopener noreferrer\">20\/11\/2015 &#8211; Comiss\u00e3o de Seguridade Social e Fam\u00edlia &#8211; Questionamento sobre a Fosfoetanolamina Sint\u00e9tica &#8211; parte 2<\/a><\/li>\n<p><!-- 2015-11-12 Parte 3 --><\/p>\n<li><a href=\"https:\/\/www.youtube.com\/watch?v=AzH6y0y-DdE&amp;list=PLSq5Ut2fkZ2AW-gZRkgMSAb3ISObTCuyI&amp;index=3\" target=\"_Blank\" rel=\"noopener noreferrer\">20\/11\/2015 &#8211; Comiss\u00e3o de Seguridade Social e Fam\u00edlia &#8211; Questionamento sobre a Fosfoetanolamina Sint\u00e9tica &#8211; parte 3<\/a><\/li>\n<p><!-- 2015-11-12 Parte 4 --><\/p>\n<li><a href=\"https:\/\/www.youtube.com\/watch?v=5FfjHvAbO_Q&amp;list=PLSq5Ut2fkZ2AW-gZRkgMSAb3ISObTCuyI&amp;index=4\" target=\"_Blank\" rel=\"noopener noreferrer\">20\/11\/2015 &#8211; Comiss\u00e3o de Seguridade Social e Fam\u00edlia &#8211; Questionamento sobre a Fosfoetanolamina Sint\u00e9tica &#8211; parte 4<\/a><\/li>\n<p><!-- 2015-11-12 Parte 5 --><\/p>\n<li><a href=\"https:\/\/www.youtube.com\/watch?v=Y6iJ9k9kDAA&amp;list=PLSq5Ut2fkZ2AW-gZRkgMSAb3ISObTCuyI&amp;index=5\" target=\"_Blank\" rel=\"noopener noreferrer\">20\/11\/2015 &#8211; Comiss\u00e3o de Seguridade Social e Fam\u00edlia &#8211; Questionamento sobre a Fosfoetanolamina Sint\u00e9tica &#8211; parte 5<\/a><\/li>\n<p><!-- 2015-11-12 Parte 6 --><\/p>\n<li><a href=\"https:\/\/www.youtube.com\/watch?v=Va6zbjCt-wA&amp;list=PLSq5Ut2fkZ2AW-gZRkgMSAb3ISObTCuyI&amp;index=6\" target=\"_Blank\" rel=\"noopener noreferrer\">20\/11\/2015 &#8211; Comiss\u00e3o de Seguridade Social e Fam\u00edlia &#8211; Questionamento sobre a Fosfoetanolamina Sint\u00e9tica &#8211; parte 6<\/a><\/li>\n<\/ul>\n<h4>Not\u00edcias:<\/h4>\n<ul>\n    <!-- 2017-07-19 --><\/p>\n<li><a href=\"https:\/\/gauchazh.clicrbs.com.br\/saude\/noticia\/2019\/07\/professor-da-usp-que-desenvolveu-pilula-do-cancer-morre-aos-75-anos-em-sao-paulo-cjyarqsbc011j01pb5ly91zso.html\" target=\"_Blank\" rel=\"noopener noreferrer\">19\/07\/2019 &#8211; Professor da USP que desenvolveu &#8220;p\u00edlula do c\u00e2ncer&#8221; morre aos 75 anos em S\u00e3o Paulo<\/a><\/li>\n<li><a href=\"https:\/\/g1.globo.com\/sp\/sao-carlos-regiao\/noticia\/2019\/07\/19\/professor-aposentado-da-usp-que-desenvolveu-a-pilula-do-cancer-morre-aos-75-anos.ghtml\" target=\"_Blank\" rel=\"noopener noreferrer\">19\/07\/2019 &#8211; Professor aposentado da USP que desenvolveu a &#8216;p\u00edlula do c\u00e2ncer&#8217; morre aos 75 anos<\/a><\/li>\n<li><a href=\"https:\/\/noticias.uol.com.br\/ultimas-noticias\/agencia-estado\/2019\/07\/19\/morre-em-rio-preto-pesquisador-da-usp-que-desenvolveu-a-pilula-do-cancer.htm\" target=\"_Blank\" rel=\"noopener noreferrer\">19\/07\/2019 &#8211; Morre pesquisador da USP que desenvolveu a &#8216;p\u00edlula do c\u00e2ncer&#8217;<\/a><\/li>\n<p><!-- 2018-06-13 --><\/p>\n<li><a href=\"https:\/\/g1.globo.com\/mg\/triangulo-mineiro\/noticia\/mpf-pede-que-pilula-do-cancer-seja-reconhecida-como-suplemento-alimentar-e-tenha-comercializacao-liberada-no-pais.ghtml\" target=\"_Blank\" rel=\"noopener noreferrer\">13\/06\/2018 &#8211; MPF pede que &#8216;p\u00edlula do c\u00e2ncer&#8217; seja reconhecida como suplemento alimentar e tenha comercializa\u00e7\u00e3o liberada no pa\u00eds<\/a><\/li>\n<p><!-- 2018-01-05 --><\/p>\n<li><a href=\"https:\/\/veja.abril.com.br\/blog\/rio-grande-do-sul\/policia-apura-fraude-de-fosfoetanolamina-carros-de-luxo-e-drogas\/\" target=\"_Blank\" rel=\"noopener noreferrer\">05\/01\/2018 &#8211; Quadrilha lavava dinheiro do tr\u00e1fico com falsa p\u00edlula do c\u00e2ncer<\/a><\/li>\n<p><!-- 2018-01-03 --><\/p>\n<li><a href=\"https:\/\/gauchazh.clicrbs.com.br\/grupo-de-investigacao\/noticia\/2018\/01\/suplemento-vendido-como-fosfoetanolamina-nao-contem-o-composto-aponta-laudo-cjbzd92wg003701psyjmuuxla.html\" target=\"_Blank\" rel=\"noopener noreferrer\">03\/01\/2018 &#8211; Suplemento vendido como fosfoetanolamina n\u00e3o cont\u00e9m o composto, aponta laudo<\/a><\/li>\n<p><!-- 2017-03-02 --><\/p>\n<li><a href=\"http:\/\/g1.globo.com\/sp\/sao-carlos-regiao\/jornal-da-eptv-2edicao\/videos\/t\/edicoes\/v\/quimico-que-desenvolveu-a-fosfoetanolamina-divulga-nota-sobre-a-venda-como-suplemento\/5695022\/\" target=\"_Blank\" rel=\"noopener noreferrer\">02\/03\/2017 &#8211; Qu\u00edmico que desenvolveu a fosfoetanolamina divulga nota sobre a venda como suplemento<\/a><\/li>\n<p><!-- 2017-02-13 --><\/p>\n<li><a href=\"http:\/\/noticias.band.uol.com.br\/jornaldaband\/videos\/16138897\/pilula-do-cancer-sera-vendida-como-suplemento-nos-eua.html\" target=\"_Blank\" rel=\"noopener noreferrer\">13\/02\/2017 &#8211; P\u00edlula do c\u00e2ncer ser\u00e1 vendida como suplemento nos EUA<\/a><\/li>\n<p><!-- 2016-08-01 --><\/p>\n<li><a href=\"https:\/\/noticias.uol.com.br\/saude\/ultimas-noticias\/estado\/2016\/08\/01\/nao-testar-a-pilula-da-usp-teria-custo-maior.htm\" target=\"_Blank\" rel=\"noopener noreferrer\">01\/08\/2016 &#8211; &#8216;N\u00e3o testar p\u00edlula da USP teria custo maior&#8217;, diz diretor do Instituto do C\u00e2ncer<\/a><\/li>\n<p><!-- 2016-05-19 --><\/p>\n<li><a href=\"http:\/\/g1.globo.com\/ciencia-e-saude\/noticia\/2016\/05\/supremo-suspende-lei-que-autoriza-uso-da-pilula-do-cancer.html\" target=\"_Blank\" rel=\"noopener noreferrer\">19\/05\/2016 &#8211; Por 6 votos a 4, STF suspende lei que autoriza uso da &#8216;p\u00edlula do c\u00e2ncer&#8217;<\/a><\/li>\n<p><!-- 2016-05-31 --><\/p>\n<li><a href=\"http:\/\/epoca.globo.com\/vida\/noticia\/2016\/05\/fosfoetanolamina-fracassa-em-teste-para-curar-cancer-em-animais.html\" target=\"_Blank\" rel=\"noopener noreferrer\">31\/05\/2016 &#8211; Fosfoetanolamina fracassa em teste para curar c\u00e2ncer em animais<\/a><\/li>\n<p><!-- 2016-05-01 --><\/p>\n<li><a href=\"http:\/\/revistapesquisa.fapesp.br\/2016\/05\/17\/a-prova-final-da-fosfoetanolamina\/#\" target=\"_Blank\" rel=\"noopener noreferrer\">01\/05\/2016 &#8211; A prova final da fosfoetanolamina<\/a><\/li>\n<p><!-- 2016-04-30 --><\/p>\n<li><a href=\"https:\/\/fosfoblog.wordpress.com\/2016\/04\/30\/prova-viva-do-efeito-da-fosfoetanolamina\/\" target=\"_Blank\" rel=\"noopener noreferrer\">30\/04\/2016 &#8211; PROVA VIVA DO EFEITO DA FOSFOETANOLAMINA ( Relatos de pessoas que fizeram uso da fosfoetanolamina ) Assistam os v\u00eddeos<\/a><\/li>\n<p><!-- 2016-03-22 --><\/p>\n<li><a href=\"http:\/\/g1.globo.com\/sp\/sao-carlos-regiao\/noticia\/2016\/03\/laboratorio-de-cravinhos-se-prepara-para-producao-da-fosfoetanolamina.html\" target=\"_Blank\" rel=\"noopener noreferrer\">22\/03\/2016 &#8211; Laborat\u00f3rio de Cravinhos se prepara para a produ\u00e7\u00e3o da fosfoetanolamina<\/a><\/li>\n<p><!-- 2016-03-18 --><\/p>\n<li><a href=\"http:\/\/veja.abril.com.br\/saude\/medicos-nao-podem-receitar-pilula-anticancer-define-conselho-de-medicina\/\" target=\"_Blank\" rel=\"noopener noreferrer\">18\/03\/2016 &#8211; M\u00e9dicos n\u00e3o podem receitar \u201cp\u00edlula antic\u00e2ncer\u201d, define Conselho de Medicina<\/a><\/li>\n<p><!-- 2016-03-10 --><\/p>\n<li><a href=\"http:\/\/saude.estadao.com.br\/noticias\/geral,anvisa-tentara-barrar-aval-a-pilula-do-cancer,10000020439#wrap-comments\" target=\"_Blank\" rel=\"noopener noreferrer\">10\/03\/2016 &#8211; Anvisa tentar\u00e1 barrar aval \u00e0 \u2018p\u00edlula do c\u00e2ncer\u2019<\/a><\/li>\n<p><!-- 2015-11-03 --><\/p>\n<li><a href=\"http:\/\/g1.globo.com\/sp\/sao-carlos-regiao\/noticia\/2015\/11\/conselho-de-farmacia-autua-usp-por-producao-de-fosfoetanolamina.html\" target=\"_Blank\" rel=\"noopener noreferrer\">03\/11\/2015 &#8211; Conselho de Farm\u00e1cia autua a USP por produ\u00e7\u00e3o de fosfoetanolamina<\/a><\/li>\n<p><!-- 2015-10-30 --><\/p>\n<li><a href=\"http:\/\/g1.globo.com\/jornal-hoje\/noticia\/2015\/10\/ministerio-da-saude-decide-testar-droga-usada-no-combate-ao-cancer.html\" target=\"_Blank\" rel=\"noopener noreferrer\">30\/10\/2015 &#8211; Minist\u00e9rio da Sa\u00fade decide testar droga usada no combate ao c\u00e2ncer<\/a><\/li>\n<p><!-- 2015-10-28 --><\/p>\n<li><a href=\"http:\/\/g1.globo.com\/sp\/sao-carlos-regiao\/noticia\/2015\/10\/justica-amplia-prazo-da-usp-para-entrega-da-fosfoetanolamina-sintetica.html\" target=\"_Blank\" rel=\"noopener noreferrer\">28\/10\/2015 &#8211; Justi\u00e7a amplia prazo da USP para a entrega da fosfoetanolamina sint\u00e9tica<\/a><\/li>\n<p><!-- 2015-10-16 --><\/p>\n<li><a href=\"http:\/\/g1.globo.com\/sp\/sao-carlos-regiao\/noticia\/2015\/10\/apos-filas-em-instituto-usp-diz-que-enviara-substancia-pelos-correios.html\" target=\"_Blank\" rel=\"noopener noreferrer\">16\/10\/2015 &#8211; USP diz que c\u00e1psulas contra o c\u00e2ncer ser\u00e3o enviadas a pacientes por correio<\/a><\/li>\n<p><!-- 2015-10-14 --><\/p>\n<li><a href=\"http:\/\/g1.globo.com\/rs\/rio-grande-do-sul\/noticia\/2015\/10\/pesquisadores-do-combate-ao-cancer-sao-homenageados-em-porto-alegre.html\" target=\"_Blank\" rel=\"noopener noreferrer\">14\/10\/2015 &#8211; Pesquisadores do combate ao c\u00e2ncer s\u00e3o homenageados em Porto Alegre<\/a><\/li>\n<p><!-- 2015-10-13 --><\/p>\n<li><a href=\"http:\/\/g1.globo.com\/sp\/sao-carlos-regiao\/noticia\/2015\/10\/com-filas-usp-distribui-senhas-para-fornecer-substancia-contra-o-cancer.html\" target=\"_Blank\" rel=\"noopener noreferrer\">13\/10\/2015 &#8211; Com filas, USP distribui senhas para fornecer subst\u00e2ncia contra o c\u00e2ncer<\/a><\/li>\n<p><!-- 2015-10-09 --><\/p>\n<li><a href=\"http:\/\/g1.globo.com\/sp\/sao-carlos-regiao\/noticia\/2015\/10\/presidente-do-tj-sp-volta-atras-e-libera-entrega-da-fosfoetanolamina-substancia-contra-cancer.html\" target=\"_Blank\" rel=\"noopener noreferrer\">09\/10\/2015 &#8211; Presidente do TJ-SP volta atr\u00e1s e libera entrega da fosfoetanolamina<\/a><\/li>\n<\/ul>\n","protected":false},"excerpt":{"rendered":"<p>C\u00e2ncer tem cura! Fabricada pelo laborat\u00f3rio PDT PHarma &#8211; munic\u00edpio de Cravinhos &#8211; SP S\u00f3 pode ser conseguida atrav\u00e9s de liminar judicial. V\u00eddeos &#8211; Prof. Dr. Gilberto Orivaldo Chierice 23\/12\/2014 &#8211; Anima\u00e7\u00e3o mostra a a\u00e7\u00e3o da Fosfoetanolamina no corpo humano 13\/12\/2015 &#8211; Entrevista com Dr. Gilberto Chierice &#8211; Tv Cachoeira &#8211; Sobre a fosfoetanolamina 29\/10\/2015&hellip;<\/p>\n","protected":false},"author":1,"featured_media":0,"parent":0,"menu_order":0,"comment_status":"closed","ping_status":"closed","template":"","meta":{"footnotes":""},"class_list":["post-65","page","type-page","status-publish","hentry"],"_links":{"self":[{"href":"https:\/\/esj.eti.br\/index.php?rest_route=\/wp\/v2\/pages\/65","targetHints":{"allow":["GET"]}}],"collection":[{"href":"https:\/\/esj.eti.br\/index.php?rest_route=\/wp\/v2\/pages"}],"about":[{"href":"https:\/\/esj.eti.br\/index.php?rest_route=\/wp\/v2\/types\/page"}],"author":[{"embeddable":true,"href":"https:\/\/esj.eti.br\/index.php?rest_route=\/wp\/v2\/users\/1"}],"replies":[{"embeddable":true,"href":"https:\/\/esj.eti.br\/index.php?rest_route=%2Fwp%2Fv2%2Fcomments&post=65"}],"version-history":[{"count":14,"href":"https:\/\/esj.eti.br\/index.php?rest_route=\/wp\/v2\/pages\/65\/revisions"}],"predecessor-version":[{"id":658,"href":"https:\/\/esj.eti.br\/index.php?rest_route=\/wp\/v2\/pages\/65\/revisions\/658"}],"wp:attachment":[{"href":"https:\/\/esj.eti.br\/index.php?rest_route=%2Fwp%2Fv2%2Fmedia&parent=65"}],"curies":[{"name":"wp","href":"https:\/\/api.w.org\/{rel}","templated":true}]}}