{"id":770,"date":"2021-08-15T20:10:49","date_gmt":"2021-08-15T23:10:49","guid":{"rendered":"http:\/\/esj.eti.br\/?page_id=770"},"modified":"2024-02-21T18:36:35","modified_gmt":"2024-02-21T21:36:35","slug":"disciplina-ce","status":"publish","type":"page","link":"https:\/\/esj.eti.br\/?page_id=770","title":{"rendered":"IFTM &#8211; 3\u00ba Grau &#8211; TADS &#8211; Disciplina CE"},"content":{"rendered":"\n<h4>Computa\u00e7\u00e3o Evolutiva (CE)<\/h4>\n\n<ul>\n    <li><a href=\"IFTM\/Disciplinas\/Grau03\/CE\/CE_Unidade_01_Fundamentos.pdf\" title=\"\" target=\"_Blank\" rel=\"noopener\">Unidade 01 &#8211; Fundamentos<\/a><\/li>\n<\/ul>\n\n<ul>\n    <li><a href=\"IFTM\/Disciplinas\/Grau03\/CE\/CE_Unidade_02_Possibilidades.pdf\" title=\"\" target=\"_Blank\" rel=\"noopener\">Unidade 02 &#8211; Possibilidades<\/a><\/li>\n<\/ul>\n\n<ul>\n    <li><a href=\"IFTM\/Disciplinas\/Grau03\/CE\/CE_Unidade_03_LinguagemFuncional.pdf\" title=\"\" target=\"_Blank\" rel=\"noopener\">Unidade 03 &#8211; Linguagem Funcional<\/a><\/li>\n<\/ul>\n\n<ul>\n    <li><a href=\"IFTM\/Disciplinas\/Grau03\/CE\/CE_Unidade_04_LinguagemLogica.pdf\" title=\"\" target=\"_Blank\" rel=\"noopener\">Unidade 04 &#8211; Linguagem L\u00f3gica<\/a><\/li>\n<\/ul>\n\n<ul>\n    <li><a href=\"IFTM\/Disciplinas\/Grau03\/CE\/CE_Unidade_05_Heuristicas.pdf\" title=\"\" target=\"_Blank\" rel=\"noopener\">Unidade 05 &#8211; Heur\u00edsticas e Meta-heur\u00edsticas<\/a><\/li>\n<\/ul>\n\n<h4>Listas de Exerc\u00edcios<\/h4>\n<ul>\n    <li><a href=\"IFTM\/Disciplinas\/Grau03\/CE\/Exercicios\/CE_ListaDeExercicios_Unidade_03_01.pdf\" title=\"\" target=\"_Blank\" rel=\"noopener\">Unidade 03 &#8211; Lista 01<\/a><\/li>\n    <li><a href=\"IFTM\/Disciplinas\/Grau03\/CE\/Exercicios\/CE_ListaDeExercicios_Unidade_03_02.pdf\" title=\"\" target=\"_Blank\" rel=\"noopener\">Unidade 03 &#8211; Lista 02<\/a><\/li>\n    <li><a href=\"IFTM\/Disciplinas\/Grau03\/CE\/Exercicios\/CE_ListaDeExercicios_Unidade_03_03.pdf\" title=\"\" target=\"_Blank\" rel=\"noopener\">Unidade 03 &#8211; Lista 03<\/a><\/li>\n    <li><a href=\"IFTM\/Disciplinas\/Grau03\/CE\/Exercicios\/CE_ListaDeExercicios_Unidade_04_01.pdf\" title=\"\" target=\"_Blank\" rel=\"noopener\">Unidade 04 &#8211; Lista 01<\/a><\/li>\n    <li><a href=\"IFTM\/Disciplinas\/Grau03\/CE\/Exercicios\/CE_ListaDeExercicios_Unidade_04_02.pdf\" title=\"\" target=\"_Blank\" rel=\"noopener\">Unidade 04 &#8211; Lista 02<\/a><\/li>\n    <li><a href=\"IFTM\/Disciplinas\/Grau03\/CE\/Exercicios\/CE_ListaDeExercicios_Unidade_04_03.pdf\" title=\"\" target=\"_Blank\" rel=\"noopener\">Unidade 04 &#8211; Lista 03<\/a><\/li>\n    <li><a href=\"IFTM\/Disciplinas\/Grau03\/CE\/Exercicios\/CE_ListaDeExercicios_Unidade_04_04.pdf\" title=\"\" target=\"_Blank\" rel=\"noopener\">Unidade 04 &#8211; Lista 04<\/a><\/li>\n    <li><a href=\"IFTM\/Disciplinas\/Grau03\/CE\/Exercicios\/CE_ListaDeExercicios_Unidade_04_05.pdf\" title=\"\" target=\"_Blank\" rel=\"noopener\">Unidade 04 &#8211; Lista 05<\/a><\/li>\n<\/ul>\n\n<h4>Exerc&iacute;cio Valorado<\/h4>\n\n<ul>\n    <li> \/  \/ 2020 &#8211; Exerc&iacute;cio 01 &#8211; Parte 01 (05 pontos)<\/li>\n    <li> \/  \/ 2020 &#8211; Exerc&iacute;cio 01 &#8211; Parte 01 (10 pontos)<\/li>\n    <li> \/  \/ 2020 &#8211; Exerc&iacute;cio 02 &#8211; Parte 01 (05 pontos)<\/li>\n    <li> \/  \/ 2020 &#8211; Exerc&iacute;cio 02 &#8211; Parte 01 (10 pontos)<\/li>\n<\/ul>\n\n\n<h4>Avalia&ccedil;&otilde;es<\/h4>\n\n<ul>\n    <li> \/  \/ 2020 &#8211; Avalia&ccedil;&atilde;o 01 &#8211; Parte 01 (05 pontos)<\/li>\n    <li> \/  \/ 2020 &#8211; Avalia&ccedil;&atilde;o 01 &#8211; Parte 02 (15 pontos)<\/li>\n    <li> \/  \/ 2020 &#8211; Avalia&ccedil;&atilde;o 02 &#8211; Parte 01 (05 pontos)<\/li>\n    <li> \/  \/ 2020 &#8211; Avalia&ccedil;&atilde;o 02 &#8211; Parte 02 (15 pontos)<\/li>\n<\/ul>\n<!-- ul>\n    <li>11\/12\/2015 \u00e0s 1900 hs - Avalia&ccedil;&atilde;o de Recupera&ccedil;&atilde;o (70 pontos)<\/li>\n<\/ul-->\n\n<h4><u>Trabalhos<\/u><\/h4>\n\n<ul>\n    <!-- 2023\/02 -->\n    <!--li>25\/09\/2023 - Apresenta\u00e7\u00e3o da proposta de trabalho (4 classes modelo)<\/li>\n    <li><a href=\"IFTM\/Disciplinas\/Grau03\/CE\/Trabalhos\/CE_Trab_01_N1_001_LinguagemFuncional.pdf\" title=\"\" target=\"_Blank\" rel=\"noopener\">Trabalho 01 - Software em LISP<\/a> - <b>Data apresenta&ccedil;&atilde;o: 16\/10\/2023<\/b> (Trabalho disponibilizado em: 25\/09\/2023)<\/li>\n    <li><a href=\"IFTM\/Disciplinas\/Grau03\/CE\/Trabalhos\/CE_Trab_02_N1_001_LinguagemLogica.pdf\" title=\"\" target=\"_Blank\" rel=\"noopener\">Trabalho 02 - Software em Prolog<\/a> - Data apresenta&ccedil;&atilde;o: 20 \/ 11 \/ 2023<\/li>\n    <li>Grupos:<\/li>\n    <ol>\n        <li>Ant\u00ba Carlos e Hyan - assunto: 7.2<\/li>\n        <li>Elizabete, Felipe e Marcelo - assunto: 7.3<\/li>\n        <li>Tamires e Sara - assunto: 7.1<\/li>\n    <\/ol>\n    <li><a href=\"IFTM\/Disciplinas\/Grau03\/CE\/Trabalhos\/CE_Trab_03_N1_001_MetaHeuristicas.pdf\" title=\"\" target=\"_Blank\" rel=\"noopener\">Trabalho 03 - Meta-heur\u00edsticas<\/a> - Data apresenta&ccedil;&atilde;o: 11 \/ 12 \/ 2023<\/li>\n    <li><a href=\"IFTM\/Disciplinas\/Grau03\/CE\/Trabalhos\/MH_Trabalho.zip\" title=\"\" target=\"_Blank\" rel=\"noopener\">Trabalho 03 - Meta-heur\u00edsticas - c\u00f3digo-fonte<\/a> - feito em Linguagem C - Code::blocks<\/li>\n    <li>Grupos:<\/li>\n    <ol>\n        <li>Ant\u00ba Carlos e Hyan - assunto: Busca Tabu<\/li>\n        <li>Elizabete, Felipe e Marcelo - assunto: ILS<\/li>\n        <li>Tamires e Sara - assunto: VNS<\/li>\n    <\/ol>\n\n    <!-- 2023\/01 -->\n    <!--li>Trabalho 01 - Software em LISP - Data apresenta&ccedil;&atilde;o: 09 \/ 05 \/ 2023 (Publicado em: 18\/04\/2023)<\/li>\n    <li><a href=\"IFTM\/Disciplinas\/Grau03\/CE\/Trabalhos\/CE_Trab_02_N1_001_LinguagemLogica.pdf\" title=\"\" target=\"_Blank\" rel=\"noopener\">Trabalho 02 - Software em Prolog<\/a> - Data apresenta&ccedil;&atilde;o: 19 \/ 06 \/ 2023<\/li>\n    <li><a href=\"IFTM\/Disciplinas\/Grau03\/CE\/Trabalhos\/CE_Trab_03_N1_001_MetaHeuristicas.pdf\" title=\"\" target=\"_Blank\" rel=\"noopener\">Trabalho 03 - Meta-heur\u00edsticas<\/a> - Data apresenta&ccedil;&atilde;o: 04 \/ 07 \/ 2023<\/li>\n    <li><a href=\"IFTM\/Disciplinas\/Grau03\/CE\/Trabalhos\/MH_Trabalho.zip\" title=\"\" target=\"_Blank\" rel=\"noopener\">Trabalho 03 - Meta-heur\u00edsticas - c\u00f3digo-fonte<\/a> - feito em Linguagem C - Code::blocks<\/li>\n\n    <!-- 2022\/01 -->\n    <!-- li><a href=\"IFTM\/Disciplinas\/Grau03\/CE\/Trabalhos\/CE_Trab_01_N1_001_LinguagemFuncional.pdf\" title=\"\" target=\"_Blank\" rel=\"noopener\">Trabalho 01 - Software em LISP<\/a> - Data apresenta&ccedil;&atilde;o: 03 \/ 05 \/ 2022<\/li>\n    <li><a href=\"IFTM\/Disciplinas\/Grau03\/CE\/Trabalhos\/CE_Trab_02_N1_001_LinguagemLogica.pdf\" title=\"\" target=\"_Blank\" rel=\"noopener\">Trabalho 02 - Software em Prolog<\/a> - Data apresenta&ccedil;&atilde;o: 14 \/ 06 \/ 2022<\/li>\n    <li><a href=\"IFTM\/Disciplinas\/Grau03\/CE\/Trabalhos\/CE_Trab_03_N1_001_MetaHeuristicas.pdf\" title=\"\" target=\"_Blank\" rel=\"noopener\">Trabalho 03 - Meta-heur\u00edsticas<\/a> - Data apresenta&ccedil;&atilde;o: 05 \/ 07 \/ 2022<\/li>\n    <li><a href=\"IFTM\/Disciplinas\/Grau03\/CE\/Trabalhos\/MH_Trabalho.zip\" title=\"\" target=\"_Blank\" rel=\"noopener\">Trabalho 03 - Meta-heur\u00edsticas - c\u00f3digo-fonte<\/a> - feito em Linguagem C - Code::blocks<\/li -->\n\n    <!-- 2020\/02 -->\n    <!--li><a href=\"IFTM\/Disciplinas\/Grau03\/PV\/Trabalhos\/PV_Trab_08_N3_PetShop_ParteUnica.pdf\" title=\"\" target=\"_Blank\" rel=\"noopener\">Trabalho 01<\/a> - Data apresenta&ccedil;&atilde;o: 24 \/ 10 \/ 2018<\/li -->\n    <!--li><a href=\"\" title=\"\" target=\"_Blank\" rel=\"noopener\">Trabalho 02 - Escrever o sistema anterior numa outra linguagem.<\/a> - Data apresenta&ccedil;&atilde;o: 14 \/ 12 \/ 2018<\/li -->\n\n    <!-- 2020\/01 -->\n    <!--li><a href=\"IFTM\/Disciplinas\/Grau03\/PV\/Trabalhos\/PV_Trabalho_Estacionamento_03_001_N1.pdf\" title=\"\" target=\"_Blank\" rel=\"noopener\">Trabalho 01<\/a> - Data apresenta&ccedil;&atilde;o: 18 \/ 05 \/ 2020<\/li>\n    <li><a href=\"IFTM\/Disciplinas\/Grau03\/PV\/Trabalhos\/PV_Trabalho_Estacionamento_03_002_N1.pdf\" title=\"\" target=\"_Blank\" rel=\"noopener\">Trabalho 02<\/a> - Data apresenta&ccedil;&atilde;o: 04 \/ 08 \/ 2020 (Disponibilizado em 22\/06\/2020)<\/li-->\n    \n    <!-- 2019\/02 -->\n    <!--li><a href=\"IFTM\/Disciplinas\/Grau03\/PV\/Trabalhos\/PV_Trab_07_N3_ControleDeVendasVinho_ParteUnica.pdf\" title=\"\" target=\"_Blank\" rel=\"noopener\">Trabalho 01<\/a> - Data apresenta&ccedil;&atilde;o: 21 \/ 10 \/ 2019 adiado para 03 \/ 11 \/ 2019 - 70% da nota original<\/li>\n    <li><a href=\"IFTM\/Disciplinas\/Grau03\/PV\/Trabalhos\/PV_Trab_07_N3_ControleDeVendasVinho_ParteComplementar.pdf\" title=\"\" target=\"_Blank\" rel=\"noopener\">Trabalho 02<\/a> - Data apresenta&ccedil;&atilde;o: 09 \/ 12 \/ 2019 (publicado em 11 \/ 11 \/ 2019)<\/li-->\n    <!--li><a href=\"\" title=\"\" target=\"_Blank\" rel=\"noopener\">Trabalho 02 - Escrever o sistema anterior numa outra linguagem.<\/a> - Data apresenta&ccedil;&atilde;o: 14 \/ 12 \/ 2018<\/li -->\n\n    <!-- 2018\/02 -->\n    <!--li><a href=\"IFTM\/Disciplinas\/Grau03\/PV\/Trabalhos\/PV_Trab_08_N3_PetShop_ParteUnica.pdf\" title=\"\" target=\"_Blank\" rel=\"noopener\">Trabalho 01<\/a> - Data apresenta&ccedil;&atilde;o: 24 \/ 10 \/ 2018<\/li -->\n    <!--li><a href=\"\" title=\"\" target=\"_Blank\" rel=\"noopener\">Trabalho 02 - Escrever o sistema anterior numa outra linguagem.<\/a> - Data apresenta&ccedil;&atilde;o: 14 \/ 12 \/ 2018<\/li -->\n\n    <!-- 2018\/01 -->\n    <!--li><a href=\"IFTM\/Disciplinas\/Grau03\/PV\/Trabalhos\/PV_Trab_08_N3_PetShop_ParteUnica.pdf\" title=\"\" target=\"_Blank\" rel=\"noopener\">Trabalho 01<\/a> - Data apresenta&ccedil;&atilde;o: 24 \/ 10 \/ 2018<\/li -->\n    \n    <!-- 2016\/02 -->\n    <!-- li><a href=\"IFTM\/Disciplinas\/Grau03\/PV\/Trabalhos\/Trab_06_N1_DiversificadoPorEquipe\/PV_Trabalho_DiversificadoPorEquipe_06_002_N1.pdf\" title=\"\" target=\"_Blank\" rel=\"noopener\">Trabalho 02<\/a> - Data apresenta&ccedil;&atilde;o 23\/11\/2016<\/li -->\n<\/ul>\n\n<h4>Avalia\u00e7\u00e3o de Recupera\u00e7\u00e3o<\/h4>\n\n<ul>\n    <!-- li> \/  \/ 2021 - Avalia&ccedil;&atilde;o 01 - 0 pontos<\/li-->\n<\/ul>\n","protected":false},"excerpt":{"rendered":"<p>Computa\u00e7\u00e3o Evolutiva (CE) Unidade 01 &#8211; Fundamentos Unidade 02 &#8211; Possibilidades Unidade 03 &#8211; Linguagem Funcional Unidade 04 &#8211; Linguagem L\u00f3gica Unidade 05 &#8211; Heur\u00edsticas e Meta-heur\u00edsticas Listas de Exerc\u00edcios Unidade 03 &#8211; Lista 01 Unidade 03 &#8211; Lista 02 Unidade 03 &#8211; Lista 03 Unidade 04 &#8211; Lista 01 Unidade 04 &#8211; Lista 02&hellip;<\/p>\n","protected":false},"author":1,"featured_media":0,"parent":0,"menu_order":0,"comment_status":"closed","ping_status":"closed","template":"","meta":{"footnotes":""},"class_list":["post-770","page","type-page","status-publish","hentry"],"_links":{"self":[{"href":"https:\/\/esj.eti.br\/index.php?rest_route=\/wp\/v2\/pages\/770","targetHints":{"allow":["GET"]}}],"collection":[{"href":"https:\/\/esj.eti.br\/index.php?rest_route=\/wp\/v2\/pages"}],"about":[{"href":"https:\/\/esj.eti.br\/index.php?rest_route=\/wp\/v2\/types\/page"}],"author":[{"embeddable":true,"href":"https:\/\/esj.eti.br\/index.php?rest_route=\/wp\/v2\/users\/1"}],"replies":[{"embeddable":true,"href":"https:\/\/esj.eti.br\/index.php?rest_route=%2Fwp%2Fv2%2Fcomments&post=770"}],"version-history":[{"count":34,"href":"https:\/\/esj.eti.br\/index.php?rest_route=\/wp\/v2\/pages\/770\/revisions"}],"predecessor-version":[{"id":1063,"href":"https:\/\/esj.eti.br\/index.php?rest_route=\/wp\/v2\/pages\/770\/revisions\/1063"}],"wp:attachment":[{"href":"https:\/\/esj.eti.br\/index.php?rest_route=%2Fwp%2Fv2%2Fmedia&parent=770"}],"curies":[{"name":"wp","href":"https:\/\/api.w.org\/{rel}","templated":true}]}}