{"id":796,"date":"2021-09-13T21:56:32","date_gmt":"2021-09-14T00:56:32","guid":{"rendered":"http:\/\/esj.eti.br\/?page_id=796"},"modified":"2021-09-29T12:59:56","modified_gmt":"2021-09-29T15:59:56","slug":"iftm-enade","status":"publish","type":"page","link":"https:\/\/esj.eti.br\/?page_id=796","title":{"rendered":"IFTM &#8211; ENADE"},"content":{"rendered":"\n<p><\/p>\n\n\n\n<h2>INEP &#8211; Instituto Nacional de Estudos e Pesquisas Educacionais An\u00edsio Teixeira<\/h2>\n<h3>ENADE &#8211; Exame Nacional de Desempenho dos Estudantes<\/h3>\n<h4>Informa\u00e7\u00f5es Importantes<\/h4>\n<ul>\n    <li><a href=\"http:\/\/enade.inep.gov.br\/enade\/#!\/index\" title=\"\" target=\"_Blank\" rel=\"noopener\">Site do ENADE<\/a><\/li>\n    <li><a href=\"https:\/\/www.gov.br\/inep\/pt-br\/areas-de-atuacao\/avaliacao-e-exames-educacionais\/enade\" title=\"\" target=\"_Blank\" rel=\"noopener\">ENADE 2021 &#8211; Apresenta\u00e7\u00e3o<\/a><\/li>\n    <li><a href=\"https:\/\/www.gov.br\/inep\/pt-br\/areas-de-atuacao\/avaliacao-e-exames-educacionais\/enade\/historico\" title=\"\" target=\"_Blank\" rel=\"noopener\">ENADE &#8211; Hist\u00f3rico<\/a><\/li>\n    <li><a href=\"https:\/\/www.gov.br\/inep\/pt-br\/centrais-de-conteudo\/legislacao\/enade\" title=\"\" target=\"_Blank\" rel=\"noopener\">ENADE &#8211; Legisla\u00e7\u00e3o<\/a><\/li>\n    <li><a href=\"https:\/\/www.gov.br\/inep\/pt-br\/areas-de-atuacao\/avaliacao-e-exames-educacionais\/enade\/outros-documentos\" title=\"\" target=\"_Blank\" rel=\"noopener\">ENADE &#8211; Outros Documentos<\/a><\/li>\n    <li><a href=\"https:\/\/www.gov.br\/inep\/pt-br\/acesso-a-informacao\/perguntas-frequentes\/exame-nacional-de-desempenho-dos-estudantes-enade\" title=\"\" target=\"_Blank\" rel=\"noopener\">ENADE &#8211; Perguntas Frequ\u00eantes<\/a><\/li>\n<\/ul>\n\n<h4>Listas de Provas de Anos Anteriores<\/h4>\n<h5>2017<\/h5>\n<ul>\n    <li><a href=\"IFTM\/Coordenacao\/ENADE\/ProvasAnteriores\/ENADE_2017_TADS_Prova.pdf\" title=\"\" target=\"_Blank\" rel=\"noopener\">Prova 2017<\/a><\/li>\n    <li><a href=\"IFTM\/Coordenacao\/ENADE\/ProvasAnteriores\/ENADE_2017_TADS_Prova_Gabarito.pdf\" title=\"\" target=\"_Blank\" rel=\"noopener\">Prova 2017 &#8211; Gabarito<\/a><\/li>\n    <li><a href=\"IFTM\/Coordenacao\/ENADE\/ProvasAnteriores\/ENADE_2017_TADS_Prova_Respostas.pdf\" title=\"\" target=\"_Blank\" rel=\"noopener\">Prova 2017 &#8211; Respostas Quest\u00f5es Discursivas<\/a><\/li>\n    <li><a href=\"https:\/\/docs.google.com\/spreadsheets\/d\/13RB57aNOYbZxBLlpx1P77NJ0BLzQ6x6W2LRV3QtDtV8\/edit#gid=0\" title=\"\" target=\"_Blank\" rel=\"noopener\">Resolu\u00e7\u00e3o das Quest\u00f5es<\/a><\/li>\n<\/ul>\n\n<h5>2014<\/h5>\n<ul>\n    <li><a href=\"IFTM\/Coordenacao\/ENADE\/ProvasAnteriores\/ENADE_2014_TADS_Prova.pdf\" title=\"\" target=\"_Blank\" rel=\"noopener\">Prova 2014<\/a><\/li>\n    <li><a href=\"IFTM\/Coordenacao\/ENADE\/ProvasAnteriores\/ENADE_2014_TADS_Prova_Gabarito.pdf\" title=\"\" target=\"_Blank\" rel=\"noopener\">Prova 2014 &#8211; Gabarito<\/a><\/li>\n    <li><a href=\"IFTM\/Coordenacao\/ENADE\/ProvasAnteriores\/ENADE_2014_TADS_Prova_Respostas.pdf\" title=\"\" target=\"_Blank\" rel=\"noopener\">Prova 2014 &#8211; Respostas Quest\u00f5es Discursivas<\/a><\/li>\n<\/ul>\n\n<h5>2011<\/h5>\n<ul>\n    <li><a href=\"IFTM\/Coordenacao\/ENADE\/ProvasAnteriores\/ENADE_2011_TADS_Prova.pdf\" title=\"\" target=\"_Blank\" rel=\"noopener\">Prova 2011<\/a><\/li>\n    <li><a href=\"IFTM\/Coordenacao\/ENADE\/ProvasAnteriores\/ENADE_2011_TADS_Prova_Gabarito.pdf\" title=\"\" target=\"_Blank\" rel=\"noopener\">Prova 2011 &#8211; Gabarito<\/a><\/li>\n    <li><a href=\"IFTM\/Coordenacao\/ENADE\/ProvasAnteriores\/ENADE_2011_TADS_Prova_Respostas.pdf\" title=\"\" target=\"_Blank\" rel=\"noopener\">Prova 2011 &#8211; Respostas Quest\u00f5es Discursivas<\/a><\/li>\n<\/ul>\n\n<h5>2008<\/h5>\n<ul>\n    <li><a href=\"IFTM\/Coordenacao\/ENADE\/ProvasAnteriores\/ENADE_2008_TADS_Prova.pdf\" title=\"\" target=\"_Blank\" rel=\"noopener\">Prova 2008<\/a><\/li>\n    <li><a href=\"IFTM\/Coordenacao\/ENADE\/ProvasAnteriores\/ENADE_2008_TADS_Prova_Gabarito.pdf\" title=\"\" target=\"_Blank\" rel=\"noopener\">Prova 2008 &#8211; Gabarito<\/a><\/li>\n    <li><a href=\"IFTM\/Coordenacao\/ENADE\/ProvasAnteriores\/ENADE_2008_TADS_Prova_Respostas.pdf\" title=\"\" target=\"_Blank\" rel=\"noopener\">Prova 2008 &#8211; Respostas Quest\u00f5es Discursivas<\/a><\/li>\n<\/ul>\n","protected":false},"excerpt":{"rendered":"<p>INEP &#8211; Instituto Nacional de Estudos e Pesquisas Educacionais An\u00edsio Teixeira ENADE &#8211; Exame Nacional de Desempenho dos Estudantes Informa\u00e7\u00f5es Importantes Site do ENADE ENADE 2021 &#8211; Apresenta\u00e7\u00e3o ENADE &#8211; Hist\u00f3rico ENADE &#8211; Legisla\u00e7\u00e3o ENADE &#8211; Outros Documentos ENADE &#8211; Perguntas Frequ\u00eantes Listas de Provas de Anos Anteriores 2017 Prova 2017 Prova 2017 &#8211; Gabarito&hellip;<\/p>\n","protected":false},"author":1,"featured_media":0,"parent":0,"menu_order":0,"comment_status":"closed","ping_status":"closed","template":"","meta":{"footnotes":""},"class_list":["post-796","page","type-page","status-publish","hentry"],"_links":{"self":[{"href":"https:\/\/esj.eti.br\/index.php?rest_route=\/wp\/v2\/pages\/796","targetHints":{"allow":["GET"]}}],"collection":[{"href":"https:\/\/esj.eti.br\/index.php?rest_route=\/wp\/v2\/pages"}],"about":[{"href":"https:\/\/esj.eti.br\/index.php?rest_route=\/wp\/v2\/types\/page"}],"author":[{"embeddable":true,"href":"https:\/\/esj.eti.br\/index.php?rest_route=\/wp\/v2\/users\/1"}],"replies":[{"embeddable":true,"href":"https:\/\/esj.eti.br\/index.php?rest_route=%2Fwp%2Fv2%2Fcomments&post=796"}],"version-history":[{"count":5,"href":"https:\/\/esj.eti.br\/index.php?rest_route=\/wp\/v2\/pages\/796\/revisions"}],"predecessor-version":[{"id":813,"href":"https:\/\/esj.eti.br\/index.php?rest_route=\/wp\/v2\/pages\/796\/revisions\/813"}],"wp:attachment":[{"href":"https:\/\/esj.eti.br\/index.php?rest_route=%2Fwp%2Fv2%2Fmedia&parent=796"}],"curies":[{"name":"wp","href":"https:\/\/api.w.org\/{rel}","templated":true}]}}